{"id":110650,"date":"2025-05-29T12:01:43","date_gmt":"2025-05-29T10:01:43","guid":{"rendered":"https:\/\/abinox-chr-clim.com\/index.php\/product\/gobelets-olympia-atlanta-380ml-lot-de-12\/"},"modified":"2026-04-24T11:10:54","modified_gmt":"2026-04-24T09:10:54","slug":"gobelets-olympia-atlanta-380ml-lot-de-12","status":"publish","type":"product","link":"https:\/\/abinox-chr-clim.com\/index.php\/product\/gobelets-olympia-atlanta-380ml-lot-de-12\/","title":{"rendered":"Gobelets Olympia Atlanta 380ml (lot de 12)"},"content":{"rendered":"<p>Les gobelets Atlanta 380 ml Olympia sont con\u00e7us pour durer longtemps. Leur forme angulaire est id\u00e9ale pour servir toute une gamme de boissons. Le bord roul\u00e9 permet de r\u00e9partir uniform\u00e9ment le poids du verre pour \u00e9viter qu&rsquo;il ne s&rsquo;\u00e9br\u00e8che.<br \/>\u2022 Verre r\u00e9sistant pour une excellente long\u00e9vit\u00e9<br \/>\u2022 Le bord roul\u00e9 permet d&rsquo;\u00e9viter les \u00e9clats<br \/>\u2022 La conception empilable vous permet d&rsquo;\u00e9conomiser de l&rsquo;espace dans les placards<br \/>\u2022 Compatible lave-verres<br \/>\u2022 Ce produit n&rsquo;est pas marqu\u00e9 CE<\/p>\n<p><b><u>Caract\u00e9ristiques du produit :<\/u><\/b><br \/>\u2022 Lot : 12.0<br \/>\u2022 Capacit\u00e9 : 38 cl<br \/>\u2022 Dim. : 90(H) x 92(\u00d8) mm<br \/>\u2022 Mati\u00e8re : Savon<br \/>\u2022 Poids : 202 g<br \/>\u2022 Couleur : Transparent.<\/p>\n","protected":false},"excerpt":{"rendered":"<p>380 ml. Lot de 12<\/p>\n","protected":false},"featured_media":106766,"comment_status":"open","ping_status":"closed","template":"","meta":[],"product_brand":[],"product_cat":[1023,1055,1297,1051],"product_tag":[],"class_list":{"0":"post-110650","1":"product","2":"type-product","3":"status-publish","4":"has-post-thumbnail","6":"product_cat-art-de-la-table","7":"product_cat-chopes-et-gobelets","8":"product_cat-non-palettisable","9":"product_cat-verrerie","10":"product_shipping_class-free-shipping","12":"first","13":"instock","14":"featured","15":"taxable","16":"shipping-taxable","17":"purchasable","18":"product-type-simple"},"_links":{"self":[{"href":"https:\/\/abinox-chr-clim.com\/index.php\/wp-json\/wp\/v2\/product\/110650","targetHints":{"allow":["GET"]}}],"collection":[{"href":"https:\/\/abinox-chr-clim.com\/index.php\/wp-json\/wp\/v2\/product"}],"about":[{"href":"https:\/\/abinox-chr-clim.com\/index.php\/wp-json\/wp\/v2\/types\/product"}],"replies":[{"embeddable":true,"href":"https:\/\/abinox-chr-clim.com\/index.php\/wp-json\/wp\/v2\/comments?post=110650"}],"wp:featuredmedia":[{"embeddable":true,"href":"https:\/\/abinox-chr-clim.com\/index.php\/wp-json\/wp\/v2\/media\/106766"}],"wp:attachment":[{"href":"https:\/\/abinox-chr-clim.com\/index.php\/wp-json\/wp\/v2\/media?parent=110650"}],"wp:term":[{"taxonomy":"product_brand","embeddable":true,"href":"https:\/\/abinox-chr-clim.com\/index.php\/wp-json\/wp\/v2\/product_brand?post=110650"},{"taxonomy":"product_cat","embeddable":true,"href":"https:\/\/abinox-chr-clim.com\/index.php\/wp-json\/wp\/v2\/product_cat?post=110650"},{"taxonomy":"product_tag","embeddable":true,"href":"https:\/\/abinox-chr-clim.com\/index.php\/wp-json\/wp\/v2\/product_tag?post=110650"}],"curies":[{"name":"wp","href":"https:\/\/api.w.org\/{rel}","templated":true}]}}