{"id":110649,"date":"2025-05-29T12:01:41","date_gmt":"2025-05-29T10:01:41","guid":{"rendered":"https:\/\/abinox-chr-clim.com\/index.php\/product\/gobelets-rocks-arrondis-olympia-330-ml-lot-de-6\/"},"modified":"2026-04-24T11:08:58","modified_gmt":"2026-04-24T09:08:58","slug":"gobelets-rocks-arrondis-olympia-330-ml-lot-de-6","status":"publish","type":"product","link":"https:\/\/abinox-chr-clim.com\/index.php\/product\/gobelets-rocks-arrondis-olympia-330-ml-lot-de-6\/","title":{"rendered":"Gobelets rocks arrondis Olympia 330 ml (lot de 6)"},"content":{"rendered":"<p>Avec un bol incurv\u00e9 rehaussant l&rsquo;attrait visuel de n&rsquo;importe quelle boisson. Le bord roul\u00e9 aide \u00e0 pr\u00e9venir les \u00e9br\u00e9chures. Lavable au lave-verres.<\/p>\n<p>\u2022 Fabriqu\u00e9 \u00e0 partir de verre sodocalcique<br \/>\u2022 Le bol incurv\u00e9 offre un look moderne et \u00e9l\u00e9gant<br \/>\u2022 Le bord roul\u00e9 aide \u00e0 pr\u00e9venir les \u00e9clats<br \/>\u2022 Lave-vaisselle<\/p>\n<p><b><u>Caract\u00e9ristiques du produit :<\/u><\/b><br \/>\u2022 Lot : 6.0<br \/>\u2022 Capacit\u00e9 : 30 cl<br \/>\u2022 Dim. : 82(H) x 86(\u00d8) mm<br \/>\u2022 Mati\u00e8re : Savon<br \/>\u2022 Poids : 192 g<br \/>\u2022 Couleur : Transparent.<\/p>\n","protected":false},"excerpt":{"rendered":"<p>330 ml. Lot de 6<\/p>\n","protected":false},"featured_media":105877,"comment_status":"open","ping_status":"closed","template":"","meta":[],"product_brand":[],"product_cat":[1023,1055,1297,1051],"product_tag":[],"class_list":{"0":"post-110649","1":"product","2":"type-product","3":"status-publish","4":"has-post-thumbnail","6":"product_cat-art-de-la-table","7":"product_cat-chopes-et-gobelets","8":"product_cat-non-palettisable","9":"product_cat-verrerie","10":"product_shipping_class-free-shipping","12":"first","13":"instock","14":"featured","15":"taxable","16":"shipping-taxable","17":"purchasable","18":"product-type-simple"},"_links":{"self":[{"href":"https:\/\/abinox-chr-clim.com\/index.php\/wp-json\/wp\/v2\/product\/110649","targetHints":{"allow":["GET"]}}],"collection":[{"href":"https:\/\/abinox-chr-clim.com\/index.php\/wp-json\/wp\/v2\/product"}],"about":[{"href":"https:\/\/abinox-chr-clim.com\/index.php\/wp-json\/wp\/v2\/types\/product"}],"replies":[{"embeddable":true,"href":"https:\/\/abinox-chr-clim.com\/index.php\/wp-json\/wp\/v2\/comments?post=110649"}],"wp:featuredmedia":[{"embeddable":true,"href":"https:\/\/abinox-chr-clim.com\/index.php\/wp-json\/wp\/v2\/media\/105877"}],"wp:attachment":[{"href":"https:\/\/abinox-chr-clim.com\/index.php\/wp-json\/wp\/v2\/media?parent=110649"}],"wp:term":[{"taxonomy":"product_brand","embeddable":true,"href":"https:\/\/abinox-chr-clim.com\/index.php\/wp-json\/wp\/v2\/product_brand?post=110649"},{"taxonomy":"product_cat","embeddable":true,"href":"https:\/\/abinox-chr-clim.com\/index.php\/wp-json\/wp\/v2\/product_cat?post=110649"},{"taxonomy":"product_tag","embeddable":true,"href":"https:\/\/abinox-chr-clim.com\/index.php\/wp-json\/wp\/v2\/product_tag?post=110649"}],"curies":[{"name":"wp","href":"https:\/\/api.w.org\/{rel}","templated":true}]}}