{"id":110615,"date":"2025-05-29T12:00:30","date_gmt":"2025-05-29T10:00:30","guid":{"rendered":"https:\/\/abinox-chr-clim.com\/index.php\/product\/mixeur-plongeant-quik-stik-waring-wsb35k\/"},"modified":"2026-04-15T10:42:51","modified_gmt":"2026-04-15T08:42:51","slug":"mixeur-plongeant-quik-stik-waring-wsb35k","status":"publish","type":"product","link":"https:\/\/abinox-chr-clim.com\/index.php\/product\/mixeur-plongeant-quik-stik-waring-wsb35k\/","title":{"rendered":"Mixeur plongeant Quik Stik Waring WSB35K"},"content":{"rendered":"<p>L\u00e9ger, efficace et compact. Ce mixeur convient tout particuli\u00e8rement aux applications professionnelles \u00e0 faible densit\u00e9. Appareil \u00e0 2 vitesses, basse \u00e0 7 500 tr\/min et haute \u00e0 18 000 tr\/min.<\/p>\n<p>\u2022 Moteur \u00e0 deux vitesses pour une pr\u00e9cision de m\u00e9lange am\u00e9lior\u00e9e<br \/>\u2022 Le cordon d&rsquo;alimentation de 1,85 m de longueur g\u00e9n\u00e9reuse vous offre plus d&rsquo;espace pour vous d\u00e9placer<br \/>\u2022 Conception facile \u00e0 nettoyer permettant de gagner du temps<br \/>\u2022 Convient pour un usage commercial l\u00e9ger ou pour la cuisine maison<br \/>\u2022 Pied de 178 mm &#8211; m\u00e9langez jusqu&rsquo;\u00e0 11,4 litres d&rsquo;ingr\u00e9dients \u00e0 la fois<br \/>\u2022 Conception l\u00e9g\u00e8re et ergonomique pour une utilisation confortable<br \/>\u2022 La lame en acier inoxydable ultra r\u00e9sistante m\u00e9lange les aliments sans effort en quelques secondes<br \/>\u2022 L&rsquo;unit\u00e9 a 2 vitesses, basse \u00e0 7\u00a0500 tr\/min et haute \u00e0 18\u00a0000 tr\/min.<\/p>\n<p><b><u>Caract\u00e9ristiques du produit :<\/u><\/b><br \/>\u2022 Dim. : 432(H) x 69,85(L) x 76,2(P) mm<br \/>\u2022 Mati\u00e8re : Plastique<br \/>\u2022 Voltage : 220-240V<br \/>\u2022 Poids : 1,04 kg<br \/>\u2022 Couleur : Noir.<\/p>\n","protected":false},"excerpt":{"rendered":"<p>175W. Pied fixe longueur 178\u00a0mm. Utilisation peu intensive<\/p>\n","protected":false},"featured_media":105875,"comment_status":"open","ping_status":"closed","template":"","meta":[],"product_brand":[],"product_cat":[1161,1160,1297],"product_tag":[],"class_list":{"0":"post-110615","1":"product","2":"type-product","3":"status-publish","4":"has-post-thumbnail","6":"product_cat-blenders-et-mixeurs-plongeants","7":"product_cat-materiel-electrique-et-de-cuisson","8":"product_cat-non-palettisable","9":"product_shipping_class-free-shipping","11":"first","12":"instock","13":"featured","14":"taxable","15":"shipping-taxable","16":"purchasable","17":"product-type-simple"},"_links":{"self":[{"href":"https:\/\/abinox-chr-clim.com\/index.php\/wp-json\/wp\/v2\/product\/110615","targetHints":{"allow":["GET"]}}],"collection":[{"href":"https:\/\/abinox-chr-clim.com\/index.php\/wp-json\/wp\/v2\/product"}],"about":[{"href":"https:\/\/abinox-chr-clim.com\/index.php\/wp-json\/wp\/v2\/types\/product"}],"replies":[{"embeddable":true,"href":"https:\/\/abinox-chr-clim.com\/index.php\/wp-json\/wp\/v2\/comments?post=110615"}],"wp:featuredmedia":[{"embeddable":true,"href":"https:\/\/abinox-chr-clim.com\/index.php\/wp-json\/wp\/v2\/media\/105875"}],"wp:attachment":[{"href":"https:\/\/abinox-chr-clim.com\/index.php\/wp-json\/wp\/v2\/media?parent=110615"}],"wp:term":[{"taxonomy":"product_brand","embeddable":true,"href":"https:\/\/abinox-chr-clim.com\/index.php\/wp-json\/wp\/v2\/product_brand?post=110615"},{"taxonomy":"product_cat","embeddable":true,"href":"https:\/\/abinox-chr-clim.com\/index.php\/wp-json\/wp\/v2\/product_cat?post=110615"},{"taxonomy":"product_tag","embeddable":true,"href":"https:\/\/abinox-chr-clim.com\/index.php\/wp-json\/wp\/v2\/product_tag?post=110615"}],"curies":[{"name":"wp","href":"https:\/\/api.w.org\/{rel}","templated":true}]}}