{"id":110612,"date":"2025-05-29T12:00:25","date_gmt":"2025-05-29T10:00:25","guid":{"rendered":"https:\/\/abinox-chr-clim.com\/index.php\/product\/sacs-sous-vide-compostables-300-x-400-80mu-lot-de-200\/"},"modified":"2026-04-24T11:08:53","modified_gmt":"2026-04-24T09:08:53","slug":"sacs-sous-vide-compostables-300-x-400-80mu-lot-de-200","status":"publish","type":"product","link":"https:\/\/abinox-chr-clim.com\/index.php\/product\/sacs-sous-vide-compostables-300-x-400-80mu-lot-de-200\/","title":{"rendered":"Sacs sous-vide compostables 300 x 400 80MU (lot de 200)"},"content":{"rendered":"<p>Poches sous vide compostables \u00e0 domicile, s\u00fbres pour les aliments, sp\u00e9cifiquement con\u00e7ues pour r\u00e9sister aux temp\u00e9ratures de la cuisson sous vide. Peuvent \u00e9galement \u00eatre utilis\u00e9es pour stocker tout type d&rsquo;aliments. Ces poches sous vide peuvent r\u00e9sister \u00e0 des temp\u00e9ratures allant jusqu&rsquo;\u00e0 85\u00b0C pendant 12 heures, alors que d&rsquo;autres poches gonfleraient et se d\u00e9lamineraient.<\/p>\n<p>\u2022 Respectueux de l&rsquo;environnement &#8211; fabriqu\u00e9 \u00e0 partir de copolym\u00e8re de riz, de pommes de terre, de ma\u00efs et de combustibles fossiles<br \/>\u2022 Film souple certifi\u00e9 compostable \u00e0 domicile<br \/>\u2022 Excellente force d&rsquo;\u00e9tanch\u00e9it\u00e9<br \/>\u2022 Longue capacit\u00e9 de conservation des aliments<br \/>\u2022 Prot\u00e9gez vos aliments des br\u00fblures de cong\u00e9lation et de la d\u00e9shydratation<br \/>\u2022 Adh\u00e9sifs biosourc\u00e9s con\u00e7us pour \u00eatre d\u00e9compos\u00e9s par les bact\u00e9ries<br \/>\u2022 Fabriqu\u00e9 \u00e0 partir de sources renouvelables<\/p>\n<p><b><u>Caract\u00e9ristiques du produit :<\/u><\/b><br \/>\u2022 Dim. : 300(H) x 400(L) x 0,1(P) mm<br \/>\u2022 Poids : 1,5 kg<br \/>\u2022 Couleur : Blanc.<\/p>\n","protected":false},"excerpt":{"rendered":"<p>Lot de 200. 300x400mm 80 microns<\/p>\n","protected":false},"featured_media":108755,"comment_status":"open","ping_status":"closed","template":"","meta":[],"product_brand":[],"product_cat":[1280,1064,1296,1074],"product_tag":[],"class_list":{"0":"post-110612","1":"product","2":"type-product","3":"status-publish","4":"has-post-thumbnail","6":"product_cat-conteneurs-alimentaires-et-bacs-gastronorme-cuisine","7":"product_cat-cuisine","8":"product_cat-palettisable","9":"product_cat-thermobox-et-sacs","10":"product_shipping_class-free-shipping","12":"first","13":"instock","14":"featured","15":"taxable","16":"shipping-taxable","17":"purchasable","18":"product-type-simple"},"_links":{"self":[{"href":"https:\/\/abinox-chr-clim.com\/index.php\/wp-json\/wp\/v2\/product\/110612","targetHints":{"allow":["GET"]}}],"collection":[{"href":"https:\/\/abinox-chr-clim.com\/index.php\/wp-json\/wp\/v2\/product"}],"about":[{"href":"https:\/\/abinox-chr-clim.com\/index.php\/wp-json\/wp\/v2\/types\/product"}],"replies":[{"embeddable":true,"href":"https:\/\/abinox-chr-clim.com\/index.php\/wp-json\/wp\/v2\/comments?post=110612"}],"wp:featuredmedia":[{"embeddable":true,"href":"https:\/\/abinox-chr-clim.com\/index.php\/wp-json\/wp\/v2\/media\/108755"}],"wp:attachment":[{"href":"https:\/\/abinox-chr-clim.com\/index.php\/wp-json\/wp\/v2\/media?parent=110612"}],"wp:term":[{"taxonomy":"product_brand","embeddable":true,"href":"https:\/\/abinox-chr-clim.com\/index.php\/wp-json\/wp\/v2\/product_brand?post=110612"},{"taxonomy":"product_cat","embeddable":true,"href":"https:\/\/abinox-chr-clim.com\/index.php\/wp-json\/wp\/v2\/product_cat?post=110612"},{"taxonomy":"product_tag","embeddable":true,"href":"https:\/\/abinox-chr-clim.com\/index.php\/wp-json\/wp\/v2\/product_tag?post=110612"}],"curies":[{"name":"wp","href":"https:\/\/api.w.org\/{rel}","templated":true}]}}