{"id":110590,"date":"2025-05-29T11:59:38","date_gmt":"2025-05-29T09:59:38","guid":{"rendered":"https:\/\/abinox-chr-clim.com\/index.php\/product\/comptoir-de-service-refrigere-noir-zoin-tibet-2000mm\/"},"modified":"2026-04-14T11:16:43","modified_gmt":"2026-04-14T09:16:43","slug":"comptoir-de-service-refrigere-noir-zoin-tibet-2000mm","status":"publish","type":"product","link":"https:\/\/abinox-chr-clim.com\/index.php\/product\/comptoir-de-service-refrigere-noir-zoin-tibet-2000mm\/","title":{"rendered":"Comptoir de service r\u00e9frig\u00e9r\u00e9 noir Zoin Tibet 2000mm"},"content":{"rendered":"<p>Comptoir de pr\u00e9sentation et service mince, id\u00e9al lorsque l&rsquo;espace est limit\u00e9 ou que l&rsquo;acc\u00e8s est probl\u00e9matique. Convient pour la charcuterie, les produits d&rsquo;\u00e9picerie fine et les sandwiches. D\u00e9givrage automatique. Sans CFC. Assemblage minimum n\u00e9cessaire.<\/p>\n<p>\u2022 Grande surface d&rsquo;exposition : (0,98 m\u00b2). Base en acier inoxydable : 1885(L)x520(P)mm<br \/>\u2022 R\u00e9serve r\u00e9frig\u00e9r\u00e9e inf\u00e9rieure de 227 L : jusqu&rsquo;\u00e0 250(H)x1885(L)x550(P)mm acc\u00e9d\u00e9e par 2 portes arri\u00e8re \u00e0 charni\u00e8res de 220(H)x680(L)mm<br \/>\u2022 \u00c9quip\u00e9 de pieds robustes pour un positionnement stable et une utilisation s\u00e9curis\u00e9e<br \/>\u2022 \u00c9tag\u00e8re interm\u00e9diaire en verre &#8211; 1885(L)x180(P)mm &#038; \u00c9tag\u00e8re sup\u00e9rieure en verre &#8211; 1885(L)x220(P)mm<br \/>\u2022 Le d\u00e9givrage automatique \u00e0 cycle d&rsquo;arr\u00eat permet des \u00e9conomies d&rsquo;\u00e9nergie et r\u00e9duit les co\u00fbts de fonctionnement<br \/>\u2022 Commandes conviviales avec affichage LED &#8211; facile \u00e0 configurer et \u00e0 entretenir<br \/>\u2022 Le verre tremp\u00e9 droit \u00e0 l&rsquo;avant prot\u00e8ge l&rsquo;exposition et am\u00e9liore l&rsquo;hygi\u00e8ne. Mont\u00e9 sur charni\u00e8res inf\u00e9rieures pour un nettoyage facile<br \/>\u2022 Plan de travail arri\u00e8re en granit rosa beta : 900(H)x1885(L)x280(P)mm. \u00c9l\u00e9gant et durable<br \/>\u2022 Profondeur de 790mm &#8211; le design mince s&rsquo;int\u00e8gre dans les petits espaces<\/p>\n<p><b><u>Caract\u00e9ristiques du produit :<\/u><\/b><br \/>\u2022 Dim. : 1215(H) x 2000(L) x 790(P) mm<br \/>\u2022 Mati\u00e8re : Inox<br \/>\u2022 Fr\u00e9on : R290 \/ GWP 3<br \/>\u2022 Temp\u00e9rature : 4 \u00b0C \u00e0 6 \u00b0C<br \/>\u2022 Voltage : 230V<br \/>\u2022 Poids : 170 kg<br \/>\u2022 Classe climatique : 3<br \/>\u2022 Temp\u00e9rature ambiante MAX : 25 \u00b0C<br \/>\u2022 Couleur : Noir.<\/p>\n","protected":false},"excerpt":{"rendered":"<p>Largeur : 2000mm. Surface d&rsquo;exposition : 0,98 m\u00b2<\/p>\n","protected":false},"featured_media":107155,"comment_status":"open","ping_status":"closed","template":"","meta":[],"product_brand":[],"product_cat":[1249,1296,1255],"product_tag":[],"class_list":{"0":"post-110590","1":"product","2":"type-product","3":"status-publish","4":"has-post-thumbnail","6":"product_cat-froid","7":"product_cat-palettisable","8":"product_cat-tables-refrigerees","9":"product_shipping_class-free-shipping","11":"first","12":"instock","13":"featured","14":"taxable","15":"shipping-taxable","16":"purchasable","17":"product-type-simple"},"_links":{"self":[{"href":"https:\/\/abinox-chr-clim.com\/index.php\/wp-json\/wp\/v2\/product\/110590","targetHints":{"allow":["GET"]}}],"collection":[{"href":"https:\/\/abinox-chr-clim.com\/index.php\/wp-json\/wp\/v2\/product"}],"about":[{"href":"https:\/\/abinox-chr-clim.com\/index.php\/wp-json\/wp\/v2\/types\/product"}],"replies":[{"embeddable":true,"href":"https:\/\/abinox-chr-clim.com\/index.php\/wp-json\/wp\/v2\/comments?post=110590"}],"wp:featuredmedia":[{"embeddable":true,"href":"https:\/\/abinox-chr-clim.com\/index.php\/wp-json\/wp\/v2\/media\/107155"}],"wp:attachment":[{"href":"https:\/\/abinox-chr-clim.com\/index.php\/wp-json\/wp\/v2\/media?parent=110590"}],"wp:term":[{"taxonomy":"product_brand","embeddable":true,"href":"https:\/\/abinox-chr-clim.com\/index.php\/wp-json\/wp\/v2\/product_brand?post=110590"},{"taxonomy":"product_cat","embeddable":true,"href":"https:\/\/abinox-chr-clim.com\/index.php\/wp-json\/wp\/v2\/product_cat?post=110590"},{"taxonomy":"product_tag","embeddable":true,"href":"https:\/\/abinox-chr-clim.com\/index.php\/wp-json\/wp\/v2\/product_tag?post=110590"}],"curies":[{"name":"wp","href":"https:\/\/api.w.org\/{rel}","templated":true}]}}