{"id":110587,"date":"2025-05-29T11:59:32","date_gmt":"2025-05-29T09:59:32","guid":{"rendered":"https:\/\/abinox-chr-clim.com\/index.php\/product\/barbecue-de-table-brasero-louis-tellier-brasi-f\/"},"modified":"2026-04-15T10:29:04","modified_gmt":"2026-04-15T08:29:04","slug":"barbecue-de-table-brasero-louis-tellier-brasi-f","status":"publish","type":"product","link":"https:\/\/abinox-chr-clim.com\/index.php\/product\/barbecue-de-table-brasero-louis-tellier-brasi-f\/","title":{"rendered":"Barbecue de table \/ brasero Louis Tellier BRASI-F"},"content":{"rendered":"<p>Le barbecue de table Louis Tellier Brasero est une solution innovante pour la cuisine en ext\u00e9rieur. Con\u00e7u pour \u00eatre plac\u00e9 au centre de votre espace de repas, la table cuisine des c\u00f4tes, du poisson, des brochettes et plus encore, le tout dans un barbecue communal de style feu de camp &#8211; parfait pour les pelouses, autour des piscines, pendant la p\u00eache, etc. Partout o\u00f9 vous le souhaitez et selon votre imagination ! Pour la protection contre le vent, un c\u00f4t\u00e9 est ouvert et l&rsquo;autre est ferm\u00e9. Facile \u00e0 ranger et \u00e0 transporter.<\/p>\n<p>\u2022 Id\u00e9al pour cuisiner viandes, poissons et l\u00e9gumes sur votre terrasse, votre balcon ou en d\u00e9placement<br \/>\u2022 Pr\u00eat \u00e0 l&#8217;emploi en seulement 10 minutes. Peut \u00eatre boost\u00e9 avec du gel d&rsquo;allumage gr\u00e2ce au r\u00e9ceptacle pr\u00e9vu \u00e0 cet effet . Rapide \u00e0 d\u00e9monter pour un entretien facile<br \/>\u2022 Le corps en acier inoxydable de qualit\u00e9 18\/10 est robuste et r\u00e9sistant \u00e0 la rouille. La grille en acier inoxydable est stable et r\u00e9duit l&rsquo;adh\u00e9rence des aliments<br \/>\u2022 Plac\u00e9 au milieu d&rsquo;une table, le barbecue Brasero permet \u00e0 chaque utilisateur de g\u00e9rer sa propre cuisson. Le foyer inf\u00e9rieur est id\u00e9al pour garder les plats et r\u00e9cipients au chaud en attendant<br \/>\u2022 Foyer inf\u00e9rieur pour r\u00e9server ou r\u00e9chauffer des plats<br \/>\u2022 Br\u00fbleur \u00e0 charbon amovible pour le pr\u00e9chauffage<br \/>\u2022 Stabilit\u00e9 parfaite pour un fonctionnement plus s\u00fbr<\/p>\n<p><b><u>Caract\u00e9ristiques du produit :<\/u><\/b><br \/>\u2022 Dim. : 215(H) x 220(L) x 320(P) mm<br \/>\u2022 Mati\u00e8re : Inox<br \/>\u2022 Poids : 7,3 kg<br \/>\u2022 Couleur : Argent.<\/p>\n","protected":false},"excerpt":{"rendered":"<p>215(H) x 220(L) x 320(P)mm. Au charbon de bois. 1 cot\u00e9 ferm\u00e9 pour utilisation ext\u00e9rieur<\/p>\n","protected":false},"featured_media":108744,"comment_status":"open","ping_status":"closed","template":"","meta":[],"product_brand":[],"product_cat":[1160,1297,1179],"product_tag":[],"class_list":{"0":"post-110587","1":"product","2":"type-product","3":"status-publish","4":"has-post-thumbnail","6":"product_cat-materiel-electrique-et-de-cuisson","7":"product_cat-non-palettisable","8":"product_cat-petit-materiel","9":"product_shipping_class-free-shipping","11":"first","12":"instock","13":"featured","14":"taxable","15":"shipping-taxable","16":"purchasable","17":"product-type-simple"},"_links":{"self":[{"href":"https:\/\/abinox-chr-clim.com\/index.php\/wp-json\/wp\/v2\/product\/110587","targetHints":{"allow":["GET"]}}],"collection":[{"href":"https:\/\/abinox-chr-clim.com\/index.php\/wp-json\/wp\/v2\/product"}],"about":[{"href":"https:\/\/abinox-chr-clim.com\/index.php\/wp-json\/wp\/v2\/types\/product"}],"replies":[{"embeddable":true,"href":"https:\/\/abinox-chr-clim.com\/index.php\/wp-json\/wp\/v2\/comments?post=110587"}],"wp:featuredmedia":[{"embeddable":true,"href":"https:\/\/abinox-chr-clim.com\/index.php\/wp-json\/wp\/v2\/media\/108744"}],"wp:attachment":[{"href":"https:\/\/abinox-chr-clim.com\/index.php\/wp-json\/wp\/v2\/media?parent=110587"}],"wp:term":[{"taxonomy":"product_brand","embeddable":true,"href":"https:\/\/abinox-chr-clim.com\/index.php\/wp-json\/wp\/v2\/product_brand?post=110587"},{"taxonomy":"product_cat","embeddable":true,"href":"https:\/\/abinox-chr-clim.com\/index.php\/wp-json\/wp\/v2\/product_cat?post=110587"},{"taxonomy":"product_tag","embeddable":true,"href":"https:\/\/abinox-chr-clim.com\/index.php\/wp-json\/wp\/v2\/product_tag?post=110587"}],"curies":[{"name":"wp","href":"https:\/\/api.w.org\/{rel}","templated":true}]}}