{"id":110562,"date":"2025-05-29T11:58:41","date_gmt":"2025-05-29T09:58:41","guid":{"rendered":"https:\/\/abinox-chr-clim.com\/index.php\/product\/gants-vinyle-non-poudres-hygiplas-noirs-l-lot-de-100\/"},"modified":"2026-04-02T10:14:21","modified_gmt":"2026-04-02T08:14:21","slug":"gants-vinyle-non-poudres-hygiplas-noirs-l-lot-de-100","status":"publish","type":"product","link":"https:\/\/abinox-chr-clim.com\/index.php\/product\/gants-vinyle-non-poudres-hygiplas-noirs-l-lot-de-100\/","title":{"rendered":"Gants vinyle non poudr\u00e9s Hygiplas noirs L (lot de 100)"},"content":{"rendered":"<p>Gants noirs \u00e9l\u00e9gants pour la pr\u00e9paration alimentaire. Tailles disponibles S-XL.<\/p>\n<p>\u2022 Conception non poudr\u00e9e id\u00e9ale pour la manipulation des aliments et les environnements de soins de sant\u00e9<br \/>\u2022 Id\u00e9al pour les cuisines contemporaines, les cuisines ouvertes, les vendeurs de rue, etc&rsquo;<br \/>\u2022 Lot de 100<br \/>\u2022 Les gants offrent une protection durable des mains tout en restant flexibles et en assurant un excellent confort d&rsquo;utilisation.<br \/>\u2022 La manchette roul\u00e9e permet d&rsquo;\u00e9viter les d\u00e9chirures<br \/>\u2022 Convient \u00e0 la manipulation d&rsquo;aliments non gras<br \/>\u2022 La conception \u00e0 usage unique encourage le changement r\u00e9gulier des gants, minimisant ainsi le risque de contamination crois\u00e9e.<br \/>\u2022 Aide \u00e0 garder les mains propres et les aliments exempts de contaminants<\/p>\n<p><b><u>Caract\u00e9ristiques du produit :<\/u><\/b><br \/>\u2022 Lot : 100.0<br \/>\u2022 Poids : 480 g<br \/>\u2022 Couleur : Noir.<\/p>\n","protected":false},"excerpt":{"rendered":"<p>Taille\u00a0: L<\/p>\n","protected":false},"featured_media":106183,"comment_status":"open","ping_status":"closed","template":"","meta":[],"product_brand":[],"product_cat":[1231,1227,1297,1216],"product_tag":[],"class_list":{"0":"post-110562","1":"product","2":"type-product","3":"status-publish","4":"has-post-thumbnail","6":"product_cat-divers-nettoyage","7":"product_cat-nettoyage","8":"product_cat-non-palettisable","9":"product_cat-usage-unique-et-entretien","10":"product_shipping_class-free-shipping","12":"first","13":"instock","14":"featured","15":"taxable","16":"shipping-taxable","17":"purchasable","18":"product-type-simple"},"_links":{"self":[{"href":"https:\/\/abinox-chr-clim.com\/index.php\/wp-json\/wp\/v2\/product\/110562","targetHints":{"allow":["GET"]}}],"collection":[{"href":"https:\/\/abinox-chr-clim.com\/index.php\/wp-json\/wp\/v2\/product"}],"about":[{"href":"https:\/\/abinox-chr-clim.com\/index.php\/wp-json\/wp\/v2\/types\/product"}],"replies":[{"embeddable":true,"href":"https:\/\/abinox-chr-clim.com\/index.php\/wp-json\/wp\/v2\/comments?post=110562"}],"wp:featuredmedia":[{"embeddable":true,"href":"https:\/\/abinox-chr-clim.com\/index.php\/wp-json\/wp\/v2\/media\/106183"}],"wp:attachment":[{"href":"https:\/\/abinox-chr-clim.com\/index.php\/wp-json\/wp\/v2\/media?parent=110562"}],"wp:term":[{"taxonomy":"product_brand","embeddable":true,"href":"https:\/\/abinox-chr-clim.com\/index.php\/wp-json\/wp\/v2\/product_brand?post=110562"},{"taxonomy":"product_cat","embeddable":true,"href":"https:\/\/abinox-chr-clim.com\/index.php\/wp-json\/wp\/v2\/product_cat?post=110562"},{"taxonomy":"product_tag","embeddable":true,"href":"https:\/\/abinox-chr-clim.com\/index.php\/wp-json\/wp\/v2\/product_tag?post=110562"}],"curies":[{"name":"wp","href":"https:\/\/api.w.org\/{rel}","templated":true}]}}