{"id":110533,"date":"2025-05-29T11:57:38","date_gmt":"2025-05-29T09:57:38","guid":{"rendered":"https:\/\/abinox-chr-clim.com\/index.php\/product\/mugs-double-paroi-buddha-utopia-85cl-lot-de-6\/"},"modified":"2026-04-24T11:08:46","modified_gmt":"2026-04-24T09:08:46","slug":"mugs-double-paroi-buddha-utopia-85cl-lot-de-6","status":"publish","type":"product","link":"https:\/\/abinox-chr-clim.com\/index.php\/product\/mugs-double-paroi-buddha-utopia-85cl-lot-de-6\/","title":{"rendered":"Mugs double paroi Buddha Utopia 8,5cl (lot de 6)"},"content":{"rendered":"<p>Vous \u00eates chaleureusement accueilli par la Famille Bouddha, des formes rondes c\u00e2lines disponibles en c\u00e9ramique et en verre \u00e0 double paroi.<\/p>\n<p>\u2022 Verrerie polyvalente : parfaite pour une vari\u00e9t\u00e9 de boissons, ajoutant un attrait esth\u00e9tique aux boissons chaudes et froides.<br \/>\u2022 \u00c9l\u00e9gant et pratique : un ajout \u00e9l\u00e9gant \u00e0 n&rsquo;importe quel environnement, offrant \u00e0 la fois beaut\u00e9 et fonctionnalit\u00e9 sous une forme durable.<\/p>\n<p><b><u>Caract\u00e9ristiques du produit :<\/u><\/b><br \/>\u2022 Lot : 12.0.<\/p>\n","protected":false},"excerpt":{"rendered":"<p>850ml. Lot de 6<\/p>\n","protected":false},"featured_media":106760,"comment_status":"open","ping_status":"closed","template":"","meta":[],"product_brand":[],"product_cat":[1023,1058,1297,1051],"product_tag":[],"class_list":{"0":"post-110533","1":"product","2":"type-product","3":"status-publish","4":"has-post-thumbnail","6":"product_cat-art-de-la-table","7":"product_cat-divers-verrerie","8":"product_cat-non-palettisable","9":"product_cat-verrerie","10":"product_shipping_class-free-shipping","12":"first","13":"outofstock","14":"featured","15":"taxable","16":"shipping-taxable","17":"purchasable","18":"product-type-simple"},"_links":{"self":[{"href":"https:\/\/abinox-chr-clim.com\/index.php\/wp-json\/wp\/v2\/product\/110533","targetHints":{"allow":["GET"]}}],"collection":[{"href":"https:\/\/abinox-chr-clim.com\/index.php\/wp-json\/wp\/v2\/product"}],"about":[{"href":"https:\/\/abinox-chr-clim.com\/index.php\/wp-json\/wp\/v2\/types\/product"}],"replies":[{"embeddable":true,"href":"https:\/\/abinox-chr-clim.com\/index.php\/wp-json\/wp\/v2\/comments?post=110533"}],"wp:featuredmedia":[{"embeddable":true,"href":"https:\/\/abinox-chr-clim.com\/index.php\/wp-json\/wp\/v2\/media\/106760"}],"wp:attachment":[{"href":"https:\/\/abinox-chr-clim.com\/index.php\/wp-json\/wp\/v2\/media?parent=110533"}],"wp:term":[{"taxonomy":"product_brand","embeddable":true,"href":"https:\/\/abinox-chr-clim.com\/index.php\/wp-json\/wp\/v2\/product_brand?post=110533"},{"taxonomy":"product_cat","embeddable":true,"href":"https:\/\/abinox-chr-clim.com\/index.php\/wp-json\/wp\/v2\/product_cat?post=110533"},{"taxonomy":"product_tag","embeddable":true,"href":"https:\/\/abinox-chr-clim.com\/index.php\/wp-json\/wp\/v2\/product_tag?post=110533"}],"curies":[{"name":"wp","href":"https:\/\/api.w.org\/{rel}","templated":true}]}}