{"id":110519,"date":"2025-05-29T11:57:08","date_gmt":"2025-05-29T09:57:08","guid":{"rendered":"https:\/\/abinox-chr-clim.com\/index.php\/product\/verres-hauts-utopia-rossetti-gold-360ml-lot-de-24\/"},"modified":"2026-04-24T11:01:54","modified_gmt":"2026-04-24T09:01:54","slug":"verres-hauts-utopia-rossetti-gold-360ml-lot-de-24","status":"publish","type":"product","link":"https:\/\/abinox-chr-clim.com\/index.php\/product\/verres-hauts-utopia-rossetti-gold-360ml-lot-de-24\/","title":{"rendered":"Verres hauts Utopia Rossetti Gold 360ml (lot de 24)"},"content":{"rendered":"<p>\u2022 Charme vintage : le verre Rossetti est con\u00e7u pour \u00e9voquer une ambiance r\u00e9tro, ajoutant une touche unique et \u00e9l\u00e9gante \u00e0 votre pr\u00e9sentation de boisson.<br \/>\u2022 Design textur\u00e9 : son motif textur\u00e9 distinctif am\u00e9liore non seulement l&rsquo;attrait visuel mais offre \u00e9galement une prise en main confortable.<br \/>\u2022 Utilisation polyvalente : id\u00e9al pour servir une vari\u00e9t\u00e9 de boissons, ce verre est une option rentable pour les points de vente cherchant \u00e0 combiner tendance et style classique.<\/p>\n<p><b><u>Caract\u00e9ristiques du produit :<\/u><\/b><br \/>\u2022 Lot : 24.0.<\/p>\n","protected":false},"excerpt":{"rendered":"<p>360ml. *Lavage \u00e0 la main uniquement<\/p>\n","protected":false},"featured_media":106759,"comment_status":"open","ping_status":"closed","template":"","meta":[],"product_brand":[],"product_cat":[1023,1055,1297,1051],"product_tag":[],"class_list":{"0":"post-110519","1":"product","2":"type-product","3":"status-publish","4":"has-post-thumbnail","6":"product_cat-art-de-la-table","7":"product_cat-chopes-et-gobelets","8":"product_cat-non-palettisable","9":"product_cat-verrerie","10":"product_shipping_class-free-shipping","12":"first","13":"outofstock","14":"featured","15":"taxable","16":"shipping-taxable","17":"purchasable","18":"product-type-simple"},"_links":{"self":[{"href":"https:\/\/abinox-chr-clim.com\/index.php\/wp-json\/wp\/v2\/product\/110519","targetHints":{"allow":["GET"]}}],"collection":[{"href":"https:\/\/abinox-chr-clim.com\/index.php\/wp-json\/wp\/v2\/product"}],"about":[{"href":"https:\/\/abinox-chr-clim.com\/index.php\/wp-json\/wp\/v2\/types\/product"}],"replies":[{"embeddable":true,"href":"https:\/\/abinox-chr-clim.com\/index.php\/wp-json\/wp\/v2\/comments?post=110519"}],"wp:featuredmedia":[{"embeddable":true,"href":"https:\/\/abinox-chr-clim.com\/index.php\/wp-json\/wp\/v2\/media\/106759"}],"wp:attachment":[{"href":"https:\/\/abinox-chr-clim.com\/index.php\/wp-json\/wp\/v2\/media?parent=110519"}],"wp:term":[{"taxonomy":"product_brand","embeddable":true,"href":"https:\/\/abinox-chr-clim.com\/index.php\/wp-json\/wp\/v2\/product_brand?post=110519"},{"taxonomy":"product_cat","embeddable":true,"href":"https:\/\/abinox-chr-clim.com\/index.php\/wp-json\/wp\/v2\/product_cat?post=110519"},{"taxonomy":"product_tag","embeddable":true,"href":"https:\/\/abinox-chr-clim.com\/index.php\/wp-json\/wp\/v2\/product_tag?post=110519"}],"curies":[{"name":"wp","href":"https:\/\/api.w.org\/{rel}","templated":true}]}}