{"id":110515,"date":"2025-05-29T11:56:59","date_gmt":"2025-05-29T09:56:59","guid":{"rendered":"https:\/\/abinox-chr-clim.com\/index.php\/product\/coupes-dessert-degustation-double-paroi-utopia-15cl-lot-de-6\/"},"modified":"2026-04-24T11:08:30","modified_gmt":"2026-04-24T09:08:30","slug":"coupes-dessert-degustation-double-paroi-utopia-15cl-lot-de-6","status":"publish","type":"product","link":"https:\/\/abinox-chr-clim.com\/index.php\/product\/coupes-dessert-degustation-double-paroi-utopia-15cl-lot-de-6\/","title":{"rendered":"Coupes dessert\/d\u00e9gustation double paroi Utopia 15cl (lot de 6)"},"content":{"rendered":"<p>La collection \u00e0 double paroi d&rsquo;Utopia est exceptionnellement solide et durable. Fabriqu\u00e9s en borosilicate, les articles ont d&rsquo;excellentes propri\u00e9t\u00e9s isolantes, gardant les aliments chauds chauds et les aliments froids froids. Ces articles sont \u00e9l\u00e9gants et extr\u00eamement pratiques.<\/p>\n<p>\u2022 Polyvalent et \u00e9l\u00e9gant : parfait pour les repas d\u00e9contract\u00e9s et formels, am\u00e9liorant la pr\u00e9sentation de n&rsquo;importe quel plat.<br \/>\u2022 Construction durable\u00a0: fabriqu\u00e9 \u00e0 partir de mat\u00e9riaux de haute qualit\u00e9, garantissant une long\u00e9vit\u00e9 et des performances constantes<\/p>\n<p><b><u>Caract\u00e9ristiques du produit :<\/u><\/b><br \/>\u2022 Lot : 6.0.<\/p>\n","protected":false},"excerpt":{"rendered":"<p>150ml<\/p>\n","protected":false},"featured_media":108723,"comment_status":"open","ping_status":"closed","template":"","meta":[],"product_brand":[],"product_cat":[1023,1056,1297,1051],"product_tag":[],"class_list":{"0":"post-110515","1":"product","2":"type-product","3":"status-publish","4":"has-post-thumbnail","6":"product_cat-art-de-la-table","7":"product_cat-dessert","8":"product_cat-non-palettisable","9":"product_cat-verrerie","10":"product_shipping_class-free-shipping","12":"first","13":"outofstock","14":"featured","15":"taxable","16":"shipping-taxable","17":"purchasable","18":"product-type-simple"},"_links":{"self":[{"href":"https:\/\/abinox-chr-clim.com\/index.php\/wp-json\/wp\/v2\/product\/110515","targetHints":{"allow":["GET"]}}],"collection":[{"href":"https:\/\/abinox-chr-clim.com\/index.php\/wp-json\/wp\/v2\/product"}],"about":[{"href":"https:\/\/abinox-chr-clim.com\/index.php\/wp-json\/wp\/v2\/types\/product"}],"replies":[{"embeddable":true,"href":"https:\/\/abinox-chr-clim.com\/index.php\/wp-json\/wp\/v2\/comments?post=110515"}],"wp:featuredmedia":[{"embeddable":true,"href":"https:\/\/abinox-chr-clim.com\/index.php\/wp-json\/wp\/v2\/media\/108723"}],"wp:attachment":[{"href":"https:\/\/abinox-chr-clim.com\/index.php\/wp-json\/wp\/v2\/media?parent=110515"}],"wp:term":[{"taxonomy":"product_brand","embeddable":true,"href":"https:\/\/abinox-chr-clim.com\/index.php\/wp-json\/wp\/v2\/product_brand?post=110515"},{"taxonomy":"product_cat","embeddable":true,"href":"https:\/\/abinox-chr-clim.com\/index.php\/wp-json\/wp\/v2\/product_cat?post=110515"},{"taxonomy":"product_tag","embeddable":true,"href":"https:\/\/abinox-chr-clim.com\/index.php\/wp-json\/wp\/v2\/product_tag?post=110515"}],"curies":[{"name":"wp","href":"https:\/\/api.w.org\/{rel}","templated":true}]}}