{"id":110513,"date":"2025-05-29T11:56:56","date_gmt":"2025-05-29T09:56:56","guid":{"rendered":"https:\/\/abinox-chr-clim.com\/index.php\/product\/verres-a-latte-double-paroi-avec-anse-haute-utopia-34cl-lot-de-6\/"},"modified":"2026-04-24T11:08:29","modified_gmt":"2026-04-24T09:08:29","slug":"verres-a-latte-double-paroi-avec-anse-haute-utopia-34cl-lot-de-6","status":"publish","type":"product","link":"https:\/\/abinox-chr-clim.com\/index.php\/product\/verres-a-latte-double-paroi-avec-anse-haute-utopia-34cl-lot-de-6\/","title":{"rendered":"Verres \u00e0 latte double paroi avec anse haute Utopia 34cl (lot de 6)"},"content":{"rendered":"<p>Offrant une excellente isolation thermique pour les boissons chaudes et froides, les verres \u00e0 double paroi sont une alternative superbe \u00e0 la vaisselle traditionnelle. Le verre \u00e0 double paroi suspend magnifiquement la boisson, ajoutant une dimension th\u00e9\u00e2trale \u00e0 toute pr\u00e9sentation. Am\u00e9liorez votre service aujourd&rsquo;hui !<\/p>\n<p>\u2022 Esth\u00e9tique \u00e9l\u00e9gante : le verre suspend magnifiquement la boisson, ajoutant une touche th\u00e9\u00e2trale \u00e0 toute pr\u00e9sentation.<br \/>\u2022 Durable et s\u00fbr : con\u00e7u pour \u00eatre durable et lavable au lave-verres, c&rsquo;est un choix pratique pour un usage commercial.<\/p>\n<p><b><u>Caract\u00e9ristiques du produit :<\/u><\/b><br \/>\u2022 Lot : 6.0.<\/p>\n","protected":false},"excerpt":{"rendered":"<p>340ml. Lot de 6<\/p>\n","protected":false},"featured_media":108721,"comment_status":"open","ping_status":"closed","template":"","meta":[],"product_brand":[],"product_cat":[1023,1058,1297,1051],"product_tag":[],"class_list":{"0":"post-110513","1":"product","2":"type-product","3":"status-publish","4":"has-post-thumbnail","6":"product_cat-art-de-la-table","7":"product_cat-divers-verrerie","8":"product_cat-non-palettisable","9":"product_cat-verrerie","10":"product_shipping_class-free-shipping","12":"first","13":"outofstock","14":"featured","15":"taxable","16":"shipping-taxable","17":"purchasable","18":"product-type-simple"},"_links":{"self":[{"href":"https:\/\/abinox-chr-clim.com\/index.php\/wp-json\/wp\/v2\/product\/110513","targetHints":{"allow":["GET"]}}],"collection":[{"href":"https:\/\/abinox-chr-clim.com\/index.php\/wp-json\/wp\/v2\/product"}],"about":[{"href":"https:\/\/abinox-chr-clim.com\/index.php\/wp-json\/wp\/v2\/types\/product"}],"replies":[{"embeddable":true,"href":"https:\/\/abinox-chr-clim.com\/index.php\/wp-json\/wp\/v2\/comments?post=110513"}],"wp:featuredmedia":[{"embeddable":true,"href":"https:\/\/abinox-chr-clim.com\/index.php\/wp-json\/wp\/v2\/media\/108721"}],"wp:attachment":[{"href":"https:\/\/abinox-chr-clim.com\/index.php\/wp-json\/wp\/v2\/media?parent=110513"}],"wp:term":[{"taxonomy":"product_brand","embeddable":true,"href":"https:\/\/abinox-chr-clim.com\/index.php\/wp-json\/wp\/v2\/product_brand?post=110513"},{"taxonomy":"product_cat","embeddable":true,"href":"https:\/\/abinox-chr-clim.com\/index.php\/wp-json\/wp\/v2\/product_cat?post=110513"},{"taxonomy":"product_tag","embeddable":true,"href":"https:\/\/abinox-chr-clim.com\/index.php\/wp-json\/wp\/v2\/product_tag?post=110513"}],"curies":[{"name":"wp","href":"https:\/\/api.w.org\/{rel}","templated":true}]}}