{"id":110510,"date":"2025-05-29T11:56:50","date_gmt":"2025-05-29T09:56:50","guid":{"rendered":"https:\/\/abinox-chr-clim.com\/index.php\/product\/verres-hauts-latte-double-paroi-utopia-44cl-lot-de-6\/"},"modified":"2026-04-24T11:08:26","modified_gmt":"2026-04-24T09:08:26","slug":"verres-hauts-latte-double-paroi-utopia-44cl-lot-de-6","status":"publish","type":"product","link":"https:\/\/abinox-chr-clim.com\/index.php\/product\/verres-hauts-latte-double-paroi-utopia-44cl-lot-de-6\/","title":{"rendered":"Verres hauts\/latte double paroi Utopia 44cl (lot de 6)"},"content":{"rendered":"<p>La verrerie \u00e0 double paroi suspend son contenu, cr\u00e9ant un th\u00e9\u00e2tre instantan\u00e9. Offrant une isolation thermique exceptionnelle pour les boissons chaudes et froides, les r\u00e9cipients \u00e0 double paroi sont extr\u00eamement polyvalents et pratiques, tout en \u00e9tant un ajout esth\u00e9tiquement agr\u00e9able \u00e0 toute table.<\/p>\n<p>\u2022 Verrerie polyvalente : parfaite pour une vari\u00e9t\u00e9 de boissons, ajoutant un attrait esth\u00e9tique aux boissons chaudes et froides.<br \/>\u2022 \u00c9l\u00e9gant et pratique : un ajout \u00e9l\u00e9gant \u00e0 n&rsquo;importe quel environnement, offrant \u00e0 la fois beaut\u00e9 et fonctionnalit\u00e9 sous une forme durable.<\/p>\n<p><b><u>Caract\u00e9ristiques du produit :<\/u><\/b><br \/>\u2022 Lot : 6.0.<\/p>\n","protected":false},"excerpt":{"rendered":"<p>440ml<\/p>\n","protected":false},"featured_media":105659,"comment_status":"open","ping_status":"closed","template":"","meta":[],"product_brand":[],"product_cat":[1023,1058,1297,1051],"product_tag":[],"class_list":{"0":"post-110510","1":"product","2":"type-product","3":"status-publish","4":"has-post-thumbnail","6":"product_cat-art-de-la-table","7":"product_cat-divers-verrerie","8":"product_cat-non-palettisable","9":"product_cat-verrerie","10":"product_shipping_class-free-shipping","12":"first","13":"outofstock","14":"featured","15":"taxable","16":"shipping-taxable","17":"purchasable","18":"product-type-simple"},"_links":{"self":[{"href":"https:\/\/abinox-chr-clim.com\/index.php\/wp-json\/wp\/v2\/product\/110510","targetHints":{"allow":["GET"]}}],"collection":[{"href":"https:\/\/abinox-chr-clim.com\/index.php\/wp-json\/wp\/v2\/product"}],"about":[{"href":"https:\/\/abinox-chr-clim.com\/index.php\/wp-json\/wp\/v2\/types\/product"}],"replies":[{"embeddable":true,"href":"https:\/\/abinox-chr-clim.com\/index.php\/wp-json\/wp\/v2\/comments?post=110510"}],"wp:featuredmedia":[{"embeddable":true,"href":"https:\/\/abinox-chr-clim.com\/index.php\/wp-json\/wp\/v2\/media\/105659"}],"wp:attachment":[{"href":"https:\/\/abinox-chr-clim.com\/index.php\/wp-json\/wp\/v2\/media?parent=110510"}],"wp:term":[{"taxonomy":"product_brand","embeddable":true,"href":"https:\/\/abinox-chr-clim.com\/index.php\/wp-json\/wp\/v2\/product_brand?post=110510"},{"taxonomy":"product_cat","embeddable":true,"href":"https:\/\/abinox-chr-clim.com\/index.php\/wp-json\/wp\/v2\/product_cat?post=110510"},{"taxonomy":"product_tag","embeddable":true,"href":"https:\/\/abinox-chr-clim.com\/index.php\/wp-json\/wp\/v2\/product_tag?post=110510"}],"curies":[{"name":"wp","href":"https:\/\/api.w.org\/{rel}","templated":true}]}}