{"id":110450,"date":"2025-05-29T11:54:44","date_gmt":"2025-05-29T09:54:44","guid":{"rendered":"https:\/\/abinox-chr-clim.com\/index.php\/product\/chariot-ajustable-a-assiettes-cambro-serie-s\/"},"modified":"2026-04-13T08:12:15","modified_gmt":"2026-04-13T06:12:15","slug":"chariot-ajustable-a-assiettes-cambro-serie-s","status":"publish","type":"product","link":"https:\/\/abinox-chr-clim.com\/index.php\/product\/chariot-ajustable-a-assiettes-cambro-serie-s\/","title":{"rendered":"Chariot ajustable \u00e0 assiettes Cambro S\u00e9rie S"},"content":{"rendered":"<p>Le chariot Service Cart Pro est la solution mobile polyvalente adapt\u00e9e \u00e0 toute op\u00e9ration de restauration. De conception moderne avec une capacit\u00e9 de poids sup\u00e9rieure aux chariots traditionnels, ce chariot de service durable peut \u00eatre utilis\u00e9 en salle et en cuisine.<\/p>\n<p>\u2022 Construction monobloc en poly\u00e9thyl\u00e8ne tr\u00e8s durable<br \/>\u2022 Peut contenir des plats ronds de 117\u00a0mm \u00e0 305\u00a0mm<br \/>\u2022 Stocke 45 \u00e0 70 plats par pile, en fonction du style de plat<br \/>\u2022 Capacit\u00e9 de charge allant jusqu&rsquo;\u00e0 227 kg<br \/>\u2022 Deux poign\u00e9es moul\u00e9es et poign\u00e9es encastr\u00e9es sur les quatre c\u00f4t\u00e9s<br \/>\u2022 Quatre roulettes zingu\u00e9es de 127\u00a0mm chacune, toutes pivotantes avec frein et bande de roulement en TPE tr\u00e8s durable de 32\u00a0mm antitraces<br \/>\u2022 Comprend une couverture en vinyle avec une pochette d&rsquo;identification de 76 x 127 mm<\/p>\n<p><b><u>Caract\u00e9ristiques du produit :<\/u><\/b><br \/>\u2022 Mati\u00e8re : Polypropyl\u00e8ne<br \/>\u2022 Poids : 38,41 kg.<\/p>\n","protected":false},"excerpt":{"rendered":"<p>Mat\u00e9riau : polypropyl\u00e8ne<\/p>\n","protected":false},"featured_media":107590,"comment_status":"open","ping_status":"closed","template":"","meta":[],"product_brand":[],"product_cat":[1172,1171,1160,1297],"product_tag":[],"class_list":{"0":"post-110450","1":"product","2":"type-product","3":"status-publish","4":"has-post-thumbnail","6":"product_cat-casiers-de-lavage","7":"product_cat-laverie","8":"product_cat-materiel-electrique-et-de-cuisson","9":"product_cat-non-palettisable","10":"product_shipping_class-free-shipping","12":"first","13":"instock","14":"featured","15":"taxable","16":"shipping-taxable","17":"purchasable","18":"product-type-simple"},"_links":{"self":[{"href":"https:\/\/abinox-chr-clim.com\/index.php\/wp-json\/wp\/v2\/product\/110450","targetHints":{"allow":["GET"]}}],"collection":[{"href":"https:\/\/abinox-chr-clim.com\/index.php\/wp-json\/wp\/v2\/product"}],"about":[{"href":"https:\/\/abinox-chr-clim.com\/index.php\/wp-json\/wp\/v2\/types\/product"}],"replies":[{"embeddable":true,"href":"https:\/\/abinox-chr-clim.com\/index.php\/wp-json\/wp\/v2\/comments?post=110450"}],"wp:featuredmedia":[{"embeddable":true,"href":"https:\/\/abinox-chr-clim.com\/index.php\/wp-json\/wp\/v2\/media\/107590"}],"wp:attachment":[{"href":"https:\/\/abinox-chr-clim.com\/index.php\/wp-json\/wp\/v2\/media?parent=110450"}],"wp:term":[{"taxonomy":"product_brand","embeddable":true,"href":"https:\/\/abinox-chr-clim.com\/index.php\/wp-json\/wp\/v2\/product_brand?post=110450"},{"taxonomy":"product_cat","embeddable":true,"href":"https:\/\/abinox-chr-clim.com\/index.php\/wp-json\/wp\/v2\/product_cat?post=110450"},{"taxonomy":"product_tag","embeddable":true,"href":"https:\/\/abinox-chr-clim.com\/index.php\/wp-json\/wp\/v2\/product_tag?post=110450"}],"curies":[{"name":"wp","href":"https:\/\/api.w.org\/{rel}","templated":true}]}}