{"id":110446,"date":"2025-05-29T11:54:35","date_gmt":"2025-05-29T09:54:35","guid":{"rendered":"https:\/\/abinox-chr-clim.com\/index.php\/product\/couteau-a-trancher-wusthof-classic-lame-alveolee-384mm\/"},"modified":"2026-04-24T11:08:14","modified_gmt":"2026-04-24T09:08:14","slug":"couteau-a-trancher-wusthof-classic-lame-alveolee-384mm","status":"publish","type":"product","link":"https:\/\/abinox-chr-clim.com\/index.php\/product\/couteau-a-trancher-wusthof-classic-lame-alveolee-384mm\/","title":{"rendered":"Couteau \u00e0 trancher Wusthof Classic lame alveol\u00e9e 384mm"},"content":{"rendered":"<p>La grande lame permet de couper rapidement et facilement de grandes miches de pain.<\/p>\n<p>\u2022 Le super trancheur. Un v\u00e9ritable couteau professionnel qui rendra la coupe et le tranchage \u00e9tonnamment faciles<br \/>\u2022 La lame de 260\u00a0mm offre une largeur suppl\u00e9mentaire et en fera le choix n\u00b01 pour les gros pains de campagne.<br \/>\u2022 Conception de poign\u00e9e ergonomique d\u00e9velopp\u00e9e en consultation avec des chefs professionnels<br \/>\u2022 Acier \u00e0 haute teneur en carbone et sans taches<br \/>\u2022 Qualit\u00e9 &#8211; fabriqu\u00e9 en Allemagne Solingen<\/p>\n<p><b><u>Caract\u00e9ristiques du produit :<\/u><\/b><br \/>\u2022 Dim. : 384(L) mm<br \/>\u2022 Mati\u00e8re : Acier \u00e0 haute teneur en carbone<br \/>\u2022 Poids : 218 g.<\/p>\n","protected":false},"excerpt":{"rendered":"<p>Longueur de la lame : 26,7 cm. Poids : 218 g<\/p>\n","protected":false},"featured_media":107135,"comment_status":"open","ping_status":"closed","template":"","meta":[],"product_brand":[],"product_cat":[1075,1064,1079,1297],"product_tag":[],"class_list":{"0":"post-110446","1":"product","2":"type-product","3":"status-publish","4":"has-post-thumbnail","6":"product_cat-couteaux","7":"product_cat-cuisine","8":"product_cat-divers-couteaux","9":"product_cat-non-palettisable","10":"product_shipping_class-free-shipping","12":"first","13":"instock","14":"featured","15":"taxable","16":"shipping-taxable","17":"purchasable","18":"product-type-simple"},"_links":{"self":[{"href":"https:\/\/abinox-chr-clim.com\/index.php\/wp-json\/wp\/v2\/product\/110446","targetHints":{"allow":["GET"]}}],"collection":[{"href":"https:\/\/abinox-chr-clim.com\/index.php\/wp-json\/wp\/v2\/product"}],"about":[{"href":"https:\/\/abinox-chr-clim.com\/index.php\/wp-json\/wp\/v2\/types\/product"}],"replies":[{"embeddable":true,"href":"https:\/\/abinox-chr-clim.com\/index.php\/wp-json\/wp\/v2\/comments?post=110446"}],"wp:featuredmedia":[{"embeddable":true,"href":"https:\/\/abinox-chr-clim.com\/index.php\/wp-json\/wp\/v2\/media\/107135"}],"wp:attachment":[{"href":"https:\/\/abinox-chr-clim.com\/index.php\/wp-json\/wp\/v2\/media?parent=110446"}],"wp:term":[{"taxonomy":"product_brand","embeddable":true,"href":"https:\/\/abinox-chr-clim.com\/index.php\/wp-json\/wp\/v2\/product_brand?post=110446"},{"taxonomy":"product_cat","embeddable":true,"href":"https:\/\/abinox-chr-clim.com\/index.php\/wp-json\/wp\/v2\/product_cat?post=110446"},{"taxonomy":"product_tag","embeddable":true,"href":"https:\/\/abinox-chr-clim.com\/index.php\/wp-json\/wp\/v2\/product_tag?post=110446"}],"curies":[{"name":"wp","href":"https:\/\/api.w.org\/{rel}","templated":true}]}}