{"id":110443,"date":"2025-05-29T11:54:30","date_gmt":"2025-05-29T09:54:30","guid":{"rendered":"https:\/\/abinox-chr-clim.com\/index.php\/product\/serviettes-pochettes-airlaid-fiesta-recyclable-premium-tablin-creme-48x40cm-lot-de-400\/"},"modified":"2026-04-24T10:46:59","modified_gmt":"2026-04-24T08:46:59","slug":"serviettes-pochettes-airlaid-fiesta-recyclable-premium-tablin-creme-48x40cm-lot-de-400","status":"publish","type":"product","link":"https:\/\/abinox-chr-clim.com\/index.php\/product\/serviettes-pochettes-airlaid-fiesta-recyclable-premium-tablin-creme-48x40cm-lot-de-400\/","title":{"rendered":"Serviettes pochettes Airlaid Fiesta Recyclable Premium Tablin cr\u00e8me 48x40cm (lot de 400)"},"content":{"rendered":"<p>Airlaid est une serviette en papier \u00e9paisse, douce et gaufr\u00e9e qui ressemble et apporte la sensation premium du lin. Pr\u00e9-pli\u00e9es pour y glisser les couverts \u00e0 l&rsquo;int\u00e9rieur. 480(l) x 400(L)mm.<\/p>\n<p>\u2022 Lot de 400<br \/>\u2022 Aspect et sensation semblables au lin<br \/>\u2022 Pliage pochette<br \/>\u2022 Pr\u00e9-pli\u00e9es pour contenir les couverts<br \/>\u2022 Serviette style lin Airlaid<br \/>\u2022 Produit durable<br \/>\u2022 Pr\u00e9-pli\u00e9es pour que les couverts puissent y \u00eatre gliss\u00e9s, donne une sensation premium \u00e0 la table<br \/>\u2022 Serviette sensation lin au toucher premium permettant d&rsquo;\u00e9conomiser sur les achats et l&rsquo;entretien du tissu<\/p>\n<p><b><u>Caract\u00e9ristiques du produit :<\/u><\/b><br \/>\u2022 Lot : 400.0<br \/>\u2022 Dim. : 480(L) x 400(L) mm<br \/>\u2022 Mati\u00e8re : Papier<br \/>\u2022 Poids : 4 g<br \/>\u2022 Couleur : Cr\u00e8me.<\/p>\n","protected":false},"excerpt":{"rendered":"<p>Pliage pochette<\/p>\n","protected":false},"featured_media":108689,"comment_status":"open","ping_status":"closed","template":"","meta":[],"product_brand":[],"product_cat":[1297,1238,1243,1216],"product_tag":[],"class_list":{"0":"post-110443","1":"product","2":"type-product","3":"status-publish","4":"has-post-thumbnail","6":"product_cat-non-palettisable","7":"product_cat-produits-a-usage-unique","8":"product_cat-serviettes-et-sets-de-table-produits-a-usage-unique","9":"product_cat-usage-unique-et-entretien","10":"product_shipping_class-free-shipping","12":"first","13":"instock","14":"featured","15":"taxable","16":"shipping-taxable","17":"purchasable","18":"product-type-simple"},"_links":{"self":[{"href":"https:\/\/abinox-chr-clim.com\/index.php\/wp-json\/wp\/v2\/product\/110443","targetHints":{"allow":["GET"]}}],"collection":[{"href":"https:\/\/abinox-chr-clim.com\/index.php\/wp-json\/wp\/v2\/product"}],"about":[{"href":"https:\/\/abinox-chr-clim.com\/index.php\/wp-json\/wp\/v2\/types\/product"}],"replies":[{"embeddable":true,"href":"https:\/\/abinox-chr-clim.com\/index.php\/wp-json\/wp\/v2\/comments?post=110443"}],"wp:featuredmedia":[{"embeddable":true,"href":"https:\/\/abinox-chr-clim.com\/index.php\/wp-json\/wp\/v2\/media\/108689"}],"wp:attachment":[{"href":"https:\/\/abinox-chr-clim.com\/index.php\/wp-json\/wp\/v2\/media?parent=110443"}],"wp:term":[{"taxonomy":"product_brand","embeddable":true,"href":"https:\/\/abinox-chr-clim.com\/index.php\/wp-json\/wp\/v2\/product_brand?post=110443"},{"taxonomy":"product_cat","embeddable":true,"href":"https:\/\/abinox-chr-clim.com\/index.php\/wp-json\/wp\/v2\/product_cat?post=110443"},{"taxonomy":"product_tag","embeddable":true,"href":"https:\/\/abinox-chr-clim.com\/index.php\/wp-json\/wp\/v2\/product_tag?post=110443"}],"curies":[{"name":"wp","href":"https:\/\/api.w.org\/{rel}","templated":true}]}}