{"id":110442,"date":"2025-05-29T11:54:28","date_gmt":"2025-05-29T09:54:28","guid":{"rendered":"https:\/\/abinox-chr-clim.com\/index.php\/product\/serviettes-de-table-airlaid-pliage-en-8-fiesta-recyclable-premium-tablin-noires-40x40cm-lot-de-500\/"},"modified":"2026-04-24T10:46:58","modified_gmt":"2026-04-24T08:46:58","slug":"serviettes-de-table-airlaid-pliage-en-8-fiesta-recyclable-premium-tablin-noires-40x40cm-lot-de-500","status":"publish","type":"product","link":"https:\/\/abinox-chr-clim.com\/index.php\/product\/serviettes-de-table-airlaid-pliage-en-8-fiesta-recyclable-premium-tablin-noires-40x40cm-lot-de-500\/","title":{"rendered":"Serviettes de table Airlaid pliage en 8 Fiesta Recyclable Premium Tablin noires 40x40cm (lot de 500)"},"content":{"rendered":"<p>Alternative au lin et toujours aussi haut de gamme, Airlaid est une cat\u00e9gorie de serviettes en papier \u00e9pais, doux et gaufr\u00e9 qui convient \u00e0 tous types de salle de restauration.<\/p>\n<p>\u2022 Lot de 500<br \/>\u2022 Serviette style lin Airlaid<br \/>\u2022 Pliage en 8<br \/>\u2022 Aspect et sensation semblables au lin<br \/>\u2022 Produit durable certifi\u00e9 FSC<br \/>\u2022 Taille id\u00e9ale pour le service du midi<br \/>\u2022 Serviette style lin, optez pour une serviette de qualit\u00e9 sup\u00e9rieure<\/p>\n<p><b><u>Caract\u00e9ristiques du produit :<\/u><\/b><br \/>\u2022 Lot : 500.0<br \/>\u2022 Dim. : 400(L) x 400(L) mm<br \/>\u2022 Mati\u00e8re : Papier<br \/>\u2022 Poids : 4 g<br \/>\u2022 Couleur : Noir.<\/p>\n","protected":false},"excerpt":{"rendered":"<p>Pliage en 8<\/p>\n","protected":false},"featured_media":106407,"comment_status":"open","ping_status":"closed","template":"","meta":[],"product_brand":[],"product_cat":[1297,1238,1243,1216],"product_tag":[],"class_list":{"0":"post-110442","1":"product","2":"type-product","3":"status-publish","4":"has-post-thumbnail","6":"product_cat-non-palettisable","7":"product_cat-produits-a-usage-unique","8":"product_cat-serviettes-et-sets-de-table-produits-a-usage-unique","9":"product_cat-usage-unique-et-entretien","10":"product_shipping_class-free-shipping","12":"first","13":"instock","14":"featured","15":"taxable","16":"shipping-taxable","17":"purchasable","18":"product-type-simple"},"_links":{"self":[{"href":"https:\/\/abinox-chr-clim.com\/index.php\/wp-json\/wp\/v2\/product\/110442","targetHints":{"allow":["GET"]}}],"collection":[{"href":"https:\/\/abinox-chr-clim.com\/index.php\/wp-json\/wp\/v2\/product"}],"about":[{"href":"https:\/\/abinox-chr-clim.com\/index.php\/wp-json\/wp\/v2\/types\/product"}],"replies":[{"embeddable":true,"href":"https:\/\/abinox-chr-clim.com\/index.php\/wp-json\/wp\/v2\/comments?post=110442"}],"wp:featuredmedia":[{"embeddable":true,"href":"https:\/\/abinox-chr-clim.com\/index.php\/wp-json\/wp\/v2\/media\/106407"}],"wp:attachment":[{"href":"https:\/\/abinox-chr-clim.com\/index.php\/wp-json\/wp\/v2\/media?parent=110442"}],"wp:term":[{"taxonomy":"product_brand","embeddable":true,"href":"https:\/\/abinox-chr-clim.com\/index.php\/wp-json\/wp\/v2\/product_brand?post=110442"},{"taxonomy":"product_cat","embeddable":true,"href":"https:\/\/abinox-chr-clim.com\/index.php\/wp-json\/wp\/v2\/product_cat?post=110442"},{"taxonomy":"product_tag","embeddable":true,"href":"https:\/\/abinox-chr-clim.com\/index.php\/wp-json\/wp\/v2\/product_tag?post=110442"}],"curies":[{"name":"wp","href":"https:\/\/api.w.org\/{rel}","templated":true}]}}