{"id":110441,"date":"2025-05-29T11:54:26","date_gmt":"2025-05-29T09:54:26","guid":{"rendered":"https:\/\/abinox-chr-clim.com\/index.php\/product\/serviettes-diner-2-plis-format-1-8-fiesta-recyclable-400mm-grises-lot-de-2000\/"},"modified":"2026-04-24T10:46:57","modified_gmt":"2026-04-24T08:46:57","slug":"serviettes-diner-2-plis-format-1-8-fiesta-recyclable-400mm-grises-lot-de-2000","status":"publish","type":"product","link":"https:\/\/abinox-chr-clim.com\/index.php\/product\/serviettes-diner-2-plis-format-1-8-fiesta-recyclable-400mm-grises-lot-de-2000\/","title":{"rendered":"Serviettes d\u00eener 2 plis format 1\/8 Fiesta Recyclable 400mm grises (lot de 2000)"},"content":{"rendered":"<p>D\u00e9j\u00e0 pli\u00e9es pour gagner un temps pr\u00e9cieux. 400 x 400mm.<\/p>\n<p>\u2022 Lot de 2000<br \/>\u2022 2 plis<br \/>\u2022 Format 1\/8<br \/>\u2022 Taille id\u00e9ale pour le service du d\u00eener<br \/>\u2022 Produit durable<br \/>\u2022 Taille id\u00e9ale pour le service du d\u00e9je\u00fbner<\/p>\n<p><b><u>Caract\u00e9ristiques du produit :<\/u><\/b><br \/>\u2022 Lot : 2000.0<br \/>\u2022 Dim. : 400(L) x 400(L) mm<br \/>\u2022 Mati\u00e8re : Papier<br \/>\u2022 Poids : 2 g<br \/>\u2022 Couleur : Gris.<\/p>\n","protected":false},"excerpt":{"rendered":"<p>2 plis. Format 1\/8.<\/p>\n","protected":false},"featured_media":108688,"comment_status":"open","ping_status":"closed","template":"","meta":[],"product_brand":[],"product_cat":[1297,1238,1243,1216],"product_tag":[],"class_list":{"0":"post-110441","1":"product","2":"type-product","3":"status-publish","4":"has-post-thumbnail","6":"product_cat-non-palettisable","7":"product_cat-produits-a-usage-unique","8":"product_cat-serviettes-et-sets-de-table-produits-a-usage-unique","9":"product_cat-usage-unique-et-entretien","10":"product_shipping_class-free-shipping","12":"first","13":"instock","14":"featured","15":"taxable","16":"shipping-taxable","17":"purchasable","18":"product-type-simple"},"_links":{"self":[{"href":"https:\/\/abinox-chr-clim.com\/index.php\/wp-json\/wp\/v2\/product\/110441","targetHints":{"allow":["GET"]}}],"collection":[{"href":"https:\/\/abinox-chr-clim.com\/index.php\/wp-json\/wp\/v2\/product"}],"about":[{"href":"https:\/\/abinox-chr-clim.com\/index.php\/wp-json\/wp\/v2\/types\/product"}],"replies":[{"embeddable":true,"href":"https:\/\/abinox-chr-clim.com\/index.php\/wp-json\/wp\/v2\/comments?post=110441"}],"wp:featuredmedia":[{"embeddable":true,"href":"https:\/\/abinox-chr-clim.com\/index.php\/wp-json\/wp\/v2\/media\/108688"}],"wp:attachment":[{"href":"https:\/\/abinox-chr-clim.com\/index.php\/wp-json\/wp\/v2\/media?parent=110441"}],"wp:term":[{"taxonomy":"product_brand","embeddable":true,"href":"https:\/\/abinox-chr-clim.com\/index.php\/wp-json\/wp\/v2\/product_brand?post=110441"},{"taxonomy":"product_cat","embeddable":true,"href":"https:\/\/abinox-chr-clim.com\/index.php\/wp-json\/wp\/v2\/product_cat?post=110441"},{"taxonomy":"product_tag","embeddable":true,"href":"https:\/\/abinox-chr-clim.com\/index.php\/wp-json\/wp\/v2\/product_tag?post=110441"}],"curies":[{"name":"wp","href":"https:\/\/api.w.org\/{rel}","templated":true}]}}