{"id":110440,"date":"2025-05-29T11:54:24","date_gmt":"2025-05-29T09:54:24","guid":{"rendered":"https:\/\/abinox-chr-clim.com\/index.php\/product\/couperet-wusthof-gourmet-315mm\/"},"modified":"2026-04-24T11:08:10","modified_gmt":"2026-04-24T09:08:10","slug":"couperet-wusthof-gourmet-315mm","status":"publish","type":"product","link":"https:\/\/abinox-chr-clim.com\/index.php\/product\/couperet-wusthof-gourmet-315mm\/","title":{"rendered":"Couperet Wusthof Gourmet 315mm"},"content":{"rendered":"<p>Les lames des couteaux Gourmet sont d\u00e9coup\u00e9es \u00e0 partir de plaques d&rsquo;acier inoxydable avec un laser de pr\u00e9cision puis trait\u00e9es en 35 \u00e9tapes de fabrication. Gr\u00e2ce \u00e0 leur faible poids et \u00e0 leur ergonomie unique, ils sont tr\u00e8s confortables \u00e0 tenir, extr\u00eamement bien \u00e9quilibr\u00e9s et permettent une coupe \u00e0 la fois robuste et facile pour les mains et les poignets. Les manches, fabriqu\u00e9s \u00e0 partir d&rsquo;un plastique noir sp\u00e9cial, sont \u00e0 triple rivetage, lavables au lave-vaisselle et donc exceptionnellement hygi\u00e9niques. Un large assortiment vous propose des couteaux pour tous les usages.<\/p>\n<p>\u2022 Cette lame large et lourde est utilis\u00e9e pour fendre les os<br \/>\u2022 Coques de poign\u00e9e noires en mat\u00e9riau synth\u00e9tique sp\u00e9cial<br \/>\u2022 Poign\u00e9e triple rivet\u00e9e<br \/>\u2022 Grande lame<br \/>\u2022 Qualit\u00e9 &#8211; fabriqu\u00e9 en Allemagne Solingen<\/p>\n<p><b><u>Caract\u00e9ristiques du produit :<\/u><\/b><br \/>\u2022 Dim. : 315(L) mm<br \/>\u2022 Mati\u00e8re : Acier \u00e0 haute teneur en carbone<br \/>\u2022 Poids : 590 g.<\/p>\n","protected":false},"excerpt":{"rendered":"<p>Longueur de la lame : 16,5 cm. Poids : 590 g<\/p>\n","protected":false},"featured_media":105656,"comment_status":"open","ping_status":"closed","template":"","meta":[],"product_brand":[],"product_cat":[1075,1064,1079,1297],"product_tag":[],"class_list":{"0":"post-110440","1":"product","2":"type-product","3":"status-publish","4":"has-post-thumbnail","6":"product_cat-couteaux","7":"product_cat-cuisine","8":"product_cat-divers-couteaux","9":"product_cat-non-palettisable","10":"product_shipping_class-free-shipping","12":"first","13":"instock","14":"featured","15":"taxable","16":"shipping-taxable","17":"purchasable","18":"product-type-simple"},"_links":{"self":[{"href":"https:\/\/abinox-chr-clim.com\/index.php\/wp-json\/wp\/v2\/product\/110440","targetHints":{"allow":["GET"]}}],"collection":[{"href":"https:\/\/abinox-chr-clim.com\/index.php\/wp-json\/wp\/v2\/product"}],"about":[{"href":"https:\/\/abinox-chr-clim.com\/index.php\/wp-json\/wp\/v2\/types\/product"}],"replies":[{"embeddable":true,"href":"https:\/\/abinox-chr-clim.com\/index.php\/wp-json\/wp\/v2\/comments?post=110440"}],"wp:featuredmedia":[{"embeddable":true,"href":"https:\/\/abinox-chr-clim.com\/index.php\/wp-json\/wp\/v2\/media\/105656"}],"wp:attachment":[{"href":"https:\/\/abinox-chr-clim.com\/index.php\/wp-json\/wp\/v2\/media?parent=110440"}],"wp:term":[{"taxonomy":"product_brand","embeddable":true,"href":"https:\/\/abinox-chr-clim.com\/index.php\/wp-json\/wp\/v2\/product_brand?post=110440"},{"taxonomy":"product_cat","embeddable":true,"href":"https:\/\/abinox-chr-clim.com\/index.php\/wp-json\/wp\/v2\/product_cat?post=110440"},{"taxonomy":"product_tag","embeddable":true,"href":"https:\/\/abinox-chr-clim.com\/index.php\/wp-json\/wp\/v2\/product_tag?post=110440"}],"curies":[{"name":"wp","href":"https:\/\/api.w.org\/{rel}","templated":true}]}}