{"id":110439,"date":"2025-05-29T11:54:22","date_gmt":"2025-05-29T09:54:22","guid":{"rendered":"https:\/\/abinox-chr-clim.com\/index.php\/product\/couteau-filet-de-sole-wusthof-gourmet-341mm\/"},"modified":"2026-04-14T10:56:04","modified_gmt":"2026-04-14T08:56:04","slug":"couteau-filet-de-sole-wusthof-gourmet-341mm","status":"publish","type":"product","link":"https:\/\/abinox-chr-clim.com\/index.php\/product\/couteau-filet-de-sole-wusthof-gourmet-341mm\/","title":{"rendered":"Couteau filet de sole Wusthof Gourmet 341mm"},"content":{"rendered":"<p>Les lames des couteaux Gourmet sont d\u00e9coup\u00e9es dans des plaques en acier inoxydable avec un laser de pr\u00e9cision, puis trait\u00e9es en 35 \u00e9tapes de fabrication. Gr\u00e2ce \u00e0 leur faible poids et leur ergonomie unique, ils sont tr\u00e8s confortables \u00e0 tenir, extr\u00eamement bien \u00e9quilibr\u00e9s et permettent une d\u00e9coupe \u00e0 la fois robuste et douce pour les mains et les poignets. Les poign\u00e9es, fabriqu\u00e9es \u00e0 partir d&rsquo;un plastique noir sp\u00e9cial, sont triplement rivet\u00e9es, compatibles avec le lave-vaisselle et donc exceptionnellement hygi\u00e9niques. Un large assortiment vous offre des couteaux pour toutes les utilisations.<\/p>\n<p>\u2022 Acier inoxydable<br \/>\u2022 Aspect traditionnel<br \/>\u2022 Poign\u00e9e pleine soie triple rivet\u00e9e<br \/>\u2022 Lame flexible<br \/>\u2022 Qualit\u00e9 &#8211; fabriqu\u00e9 en Allemagne Solingen<\/p>\n<p><b><u>Caract\u00e9ristiques du produit :<\/u><\/b><br \/>\u2022 Dim. : 341(L) mm<br \/>\u2022 Mati\u00e8re : Acier \u00e0 haute teneur en carbone<br \/>\u2022 Poids : 99 g.<\/p>\n","protected":false},"excerpt":{"rendered":"<p>Longueur de la lame : 20,3cm. Poids : 99g<\/p>\n","protected":false},"featured_media":108687,"comment_status":"open","ping_status":"closed","template":"","meta":[],"product_brand":[],"product_cat":[1023,1031,1297],"product_tag":[],"class_list":{"0":"post-110439","1":"product","2":"type-product","3":"status-publish","4":"has-post-thumbnail","6":"product_cat-art-de-la-table","7":"product_cat-couverts","8":"product_cat-non-palettisable","9":"product_shipping_class-free-shipping","11":"first","12":"outofstock","13":"featured","14":"taxable","15":"shipping-taxable","16":"purchasable","17":"product-type-simple"},"_links":{"self":[{"href":"https:\/\/abinox-chr-clim.com\/index.php\/wp-json\/wp\/v2\/product\/110439","targetHints":{"allow":["GET"]}}],"collection":[{"href":"https:\/\/abinox-chr-clim.com\/index.php\/wp-json\/wp\/v2\/product"}],"about":[{"href":"https:\/\/abinox-chr-clim.com\/index.php\/wp-json\/wp\/v2\/types\/product"}],"replies":[{"embeddable":true,"href":"https:\/\/abinox-chr-clim.com\/index.php\/wp-json\/wp\/v2\/comments?post=110439"}],"wp:featuredmedia":[{"embeddable":true,"href":"https:\/\/abinox-chr-clim.com\/index.php\/wp-json\/wp\/v2\/media\/108687"}],"wp:attachment":[{"href":"https:\/\/abinox-chr-clim.com\/index.php\/wp-json\/wp\/v2\/media?parent=110439"}],"wp:term":[{"taxonomy":"product_brand","embeddable":true,"href":"https:\/\/abinox-chr-clim.com\/index.php\/wp-json\/wp\/v2\/product_brand?post=110439"},{"taxonomy":"product_cat","embeddable":true,"href":"https:\/\/abinox-chr-clim.com\/index.php\/wp-json\/wp\/v2\/product_cat?post=110439"},{"taxonomy":"product_tag","embeddable":true,"href":"https:\/\/abinox-chr-clim.com\/index.php\/wp-json\/wp\/v2\/product_tag?post=110439"}],"curies":[{"name":"wp","href":"https:\/\/api.w.org\/{rel}","templated":true}]}}