{"id":110436,"date":"2025-05-29T11:54:16","date_gmt":"2025-05-29T09:54:16","guid":{"rendered":"https:\/\/abinox-chr-clim.com\/index.php\/product\/couteau-de-chef-wusthof-gourmet-291mm\/"},"modified":"2026-04-14T11:20:45","modified_gmt":"2026-04-14T09:20:45","slug":"couteau-de-chef-wusthof-gourmet-291mm","status":"publish","type":"product","link":"https:\/\/abinox-chr-clim.com\/index.php\/product\/couteau-de-chef-wusthof-gourmet-291mm\/","title":{"rendered":"Couteau de chef Wusthof Gourmet 291mm"},"content":{"rendered":"<p>Les lames des couteaux Gourmet sont d\u00e9coup\u00e9es dans des plaques d&rsquo;acier inoxydable avec un laser de pr\u00e9cision puis trait\u00e9es en 35 \u00e9tapes de fabrication. Gr\u00e2ce \u00e0 leur faible poids et \u00e0 leur ergonomie unique, ils sont tr\u00e8s confortables \u00e0 tenir, extr\u00eamement bien \u00e9quilibr\u00e9s et permettent une coupe \u00e0 la fois robuste et douce pour les mains et les poignets. Les poign\u00e9es, fabriqu\u00e9es dans un plastique noir sp\u00e9cial, sont triple rivet\u00e9es, compatibles lave-vaisselle et donc exceptionnellement hygi\u00e9niques. Un large assortiment vous offre des couteaux pour tous les usages.<\/p>\n<p>\u2022 Poign\u00e9e pleine soie triple rivet\u00e9e<br \/>\u2022 C&rsquo;est le plus indispensable de tous les couteaux utilis\u00e9s en cuisine<br \/>\u2022 Trancher, hacher, couper en d\u00e9s tous types d&rsquo;aliments<br \/>\u2022 Qualit\u00e9 &#8211; fabriqu\u00e9 en Allemagne Solingen<\/p>\n<p><b><u>Caract\u00e9ristiques du produit :<\/u><\/b><br \/>\u2022 Dim. : 291(L) mm<br \/>\u2022 Mati\u00e8re : Acier \u00e0 haute teneur en carbone<br \/>\u2022 Poids : 134 g.<\/p>\n","protected":false},"excerpt":{"rendered":"<p>Longueur de la lame : 16,5 cm. Poids : 134 g<\/p>\n","protected":false},"featured_media":106168,"comment_status":"open","ping_status":"closed","template":"","meta":[],"product_brand":[],"product_cat":[1023,1031,1297],"product_tag":[],"class_list":{"0":"post-110436","1":"product","2":"type-product","3":"status-publish","4":"has-post-thumbnail","6":"product_cat-art-de-la-table","7":"product_cat-couverts","8":"product_cat-non-palettisable","9":"product_shipping_class-free-shipping","11":"first","12":"instock","13":"featured","14":"taxable","15":"shipping-taxable","16":"purchasable","17":"product-type-simple"},"_links":{"self":[{"href":"https:\/\/abinox-chr-clim.com\/index.php\/wp-json\/wp\/v2\/product\/110436","targetHints":{"allow":["GET"]}}],"collection":[{"href":"https:\/\/abinox-chr-clim.com\/index.php\/wp-json\/wp\/v2\/product"}],"about":[{"href":"https:\/\/abinox-chr-clim.com\/index.php\/wp-json\/wp\/v2\/types\/product"}],"replies":[{"embeddable":true,"href":"https:\/\/abinox-chr-clim.com\/index.php\/wp-json\/wp\/v2\/comments?post=110436"}],"wp:featuredmedia":[{"embeddable":true,"href":"https:\/\/abinox-chr-clim.com\/index.php\/wp-json\/wp\/v2\/media\/106168"}],"wp:attachment":[{"href":"https:\/\/abinox-chr-clim.com\/index.php\/wp-json\/wp\/v2\/media?parent=110436"}],"wp:term":[{"taxonomy":"product_brand","embeddable":true,"href":"https:\/\/abinox-chr-clim.com\/index.php\/wp-json\/wp\/v2\/product_brand?post=110436"},{"taxonomy":"product_cat","embeddable":true,"href":"https:\/\/abinox-chr-clim.com\/index.php\/wp-json\/wp\/v2\/product_cat?post=110436"},{"taxonomy":"product_tag","embeddable":true,"href":"https:\/\/abinox-chr-clim.com\/index.php\/wp-json\/wp\/v2\/product_tag?post=110436"}],"curies":[{"name":"wp","href":"https:\/\/api.w.org\/{rel}","templated":true}]}}