{"id":110435,"date":"2025-05-29T11:54:12","date_gmt":"2025-05-29T09:54:12","guid":{"rendered":"https:\/\/abinox-chr-clim.com\/index.php\/product\/couteau-a-patisserie-dentele-wusthof-gourmet-392mm\/"},"modified":"2026-04-14T11:20:44","modified_gmt":"2026-04-14T09:20:44","slug":"couteau-a-patisserie-dentele-wusthof-gourmet-392mm","status":"publish","type":"product","link":"https:\/\/abinox-chr-clim.com\/index.php\/product\/couteau-a-patisserie-dentele-wusthof-gourmet-392mm\/","title":{"rendered":"Couteau \u00e0 p\u00e2tisserie dentel\u00e9 Wusthof Gourmet 392mm"},"content":{"rendered":"<p>Les lames des couteaux Gourmet sont d\u00e9coup\u00e9es dans des plaques d&rsquo;acier inoxydable avec un laser de pr\u00e9cision, puis trait\u00e9es en 35 \u00e9tapes de fabrication. Gr\u00e2ce \u00e0 leur faible poids et \u00e0 leur ergonomie unique, ils sont tr\u00e8s confortables \u00e0 tenir, extr\u00eamement bien \u00e9quilibr\u00e9s et permettent une coupe \u00e0 la fois robuste et facile pour les mains et les poignets. Les poign\u00e9es, fabriqu\u00e9es en plastique noir sp\u00e9cial, sont triplement rivet\u00e9es, compatibles au lave-vaisselle et donc exceptionnellement hygi\u00e9niques. Une large gamme vous offre des couteaux pour tous les usages.<\/p>\n<p>\u2022 Un v\u00e9ritable couteau professionnel qui rendra la coupe et le tranchage \u00e9tonnamment faciles<br \/>\u2022 Poign\u00e9e pleine soie triple rivet\u00e9e<br \/>\u2022 Tr\u00e8s confortable \u00e0 utiliser<br \/>\u2022 La lame de 260\u00a0mm offre une largeur suppl\u00e9mentaire et en fera le choix n\u00b01 pour les gros pains de campagne.<br \/>\u2022 Qualit\u00e9 &#8211; fabriqu\u00e9 en Allemagne Solingen<\/p>\n<p><b><u>Caract\u00e9ristiques du produit :<\/u><\/b><br \/>\u2022 Dim. : 392(L) mm<br \/>\u2022 Mati\u00e8re : Inox<br \/>\u2022 Poids : 180 g.<\/p>\n","protected":false},"excerpt":{"rendered":"<p>Longueur de la lame : 25,4 cm. Poids : 180g<\/p>\n","protected":false},"featured_media":107587,"comment_status":"open","ping_status":"closed","template":"","meta":[],"product_brand":[],"product_cat":[1023,1031,1297],"product_tag":[],"class_list":{"0":"post-110435","1":"product","2":"type-product","3":"status-publish","4":"has-post-thumbnail","6":"product_cat-art-de-la-table","7":"product_cat-couverts","8":"product_cat-non-palettisable","9":"product_shipping_class-free-shipping","11":"first","12":"instock","13":"featured","14":"taxable","15":"shipping-taxable","16":"purchasable","17":"product-type-simple"},"_links":{"self":[{"href":"https:\/\/abinox-chr-clim.com\/index.php\/wp-json\/wp\/v2\/product\/110435","targetHints":{"allow":["GET"]}}],"collection":[{"href":"https:\/\/abinox-chr-clim.com\/index.php\/wp-json\/wp\/v2\/product"}],"about":[{"href":"https:\/\/abinox-chr-clim.com\/index.php\/wp-json\/wp\/v2\/types\/product"}],"replies":[{"embeddable":true,"href":"https:\/\/abinox-chr-clim.com\/index.php\/wp-json\/wp\/v2\/comments?post=110435"}],"wp:featuredmedia":[{"embeddable":true,"href":"https:\/\/abinox-chr-clim.com\/index.php\/wp-json\/wp\/v2\/media\/107587"}],"wp:attachment":[{"href":"https:\/\/abinox-chr-clim.com\/index.php\/wp-json\/wp\/v2\/media?parent=110435"}],"wp:term":[{"taxonomy":"product_brand","embeddable":true,"href":"https:\/\/abinox-chr-clim.com\/index.php\/wp-json\/wp\/v2\/product_brand?post=110435"},{"taxonomy":"product_cat","embeddable":true,"href":"https:\/\/abinox-chr-clim.com\/index.php\/wp-json\/wp\/v2\/product_cat?post=110435"},{"taxonomy":"product_tag","embeddable":true,"href":"https:\/\/abinox-chr-clim.com\/index.php\/wp-json\/wp\/v2\/product_tag?post=110435"}],"curies":[{"name":"wp","href":"https:\/\/api.w.org\/{rel}","templated":true}]}}