{"id":110433,"date":"2025-05-29T11:54:08","date_gmt":"2025-05-29T09:54:08","guid":{"rendered":"https:\/\/abinox-chr-clim.com\/index.php\/product\/couteau-doffice-wusthof-gourmet-182mm\/"},"modified":"2026-03-16T12:36:19","modified_gmt":"2026-03-16T11:36:19","slug":"couteau-doffice-wusthof-gourmet-182mm","status":"publish","type":"product","link":"https:\/\/abinox-chr-clim.com\/index.php\/product\/couteau-doffice-wusthof-gourmet-182mm\/","title":{"rendered":"Couteau d&rsquo;office Wusthof Gourmet 182mm"},"content":{"rendered":"<p>Les lames des couteaux Gourmet sont d\u00e9coup\u00e9es dans des plaques en acier inoxydable \u00e0 l&rsquo;aide d&rsquo;un laser de pr\u00e9cision, puis trait\u00e9es en 35 \u00e9tapes de fabrication. Gr\u00e2ce \u00e0 leur faible poids et \u00e0 leur ergonomie unique, ils sont tr\u00e8s confortables \u00e0 tenir, extr\u00eamement bien \u00e9quilibr\u00e9s et permettent une coupe \u00e0 la fois robuste et douce pour les mains et les poignets. Les poign\u00e9es, fabriqu\u00e9es en plastique noir sp\u00e9cial, sont fix\u00e9es par trois rivets, passent au lave-vaisselle et sont donc exceptionnellement hygi\u00e9niques. Un large assortiment vous offre des couteaux pour tous les usages.<\/p>\n<p>\u2022 Le bord droit offre un contr\u00f4le pr\u00e9cis pour la d\u00e9coration<br \/>\u2022 Le couteau pour \u00e9plucher, \u00e9mincer et couper en d\u00e9s<br \/>\u2022 Poids l\u00e9ger<br \/>\u2022 Facile \u00e0 aiguiser<br \/>\u2022 Qualit\u00e9 &#8211; fabriqu\u00e9 en Allemagne Solingen<\/p>\n<p><b><u>Caract\u00e9ristiques du produit :<\/u><\/b><br \/>\u2022 Dim. : 182(L) mm<br \/>\u2022 Mati\u00e8re : Acier \u00e0 haute teneur en carbone<br \/>\u2022 Poids : 39 g.<\/p>\n","protected":false},"excerpt":{"rendered":"<p>Longueur de la lame : 7,6cm. Poids : 39g<\/p>\n","protected":false},"featured_media":108684,"comment_status":"open","ping_status":"closed","template":"","meta":[],"product_brand":[],"product_cat":[1023,1031,1297],"product_tag":[],"class_list":{"0":"post-110433","1":"product","2":"type-product","3":"status-publish","4":"has-post-thumbnail","6":"product_cat-art-de-la-table","7":"product_cat-couverts","8":"product_cat-non-palettisable","9":"product_shipping_class-free-shipping","11":"first","12":"outofstock","13":"featured","14":"taxable","15":"shipping-taxable","16":"purchasable","17":"product-type-simple"},"_links":{"self":[{"href":"https:\/\/abinox-chr-clim.com\/index.php\/wp-json\/wp\/v2\/product\/110433","targetHints":{"allow":["GET"]}}],"collection":[{"href":"https:\/\/abinox-chr-clim.com\/index.php\/wp-json\/wp\/v2\/product"}],"about":[{"href":"https:\/\/abinox-chr-clim.com\/index.php\/wp-json\/wp\/v2\/types\/product"}],"replies":[{"embeddable":true,"href":"https:\/\/abinox-chr-clim.com\/index.php\/wp-json\/wp\/v2\/comments?post=110433"}],"wp:featuredmedia":[{"embeddable":true,"href":"https:\/\/abinox-chr-clim.com\/index.php\/wp-json\/wp\/v2\/media\/108684"}],"wp:attachment":[{"href":"https:\/\/abinox-chr-clim.com\/index.php\/wp-json\/wp\/v2\/media?parent=110433"}],"wp:term":[{"taxonomy":"product_brand","embeddable":true,"href":"https:\/\/abinox-chr-clim.com\/index.php\/wp-json\/wp\/v2\/product_brand?post=110433"},{"taxonomy":"product_cat","embeddable":true,"href":"https:\/\/abinox-chr-clim.com\/index.php\/wp-json\/wp\/v2\/product_cat?post=110433"},{"taxonomy":"product_tag","embeddable":true,"href":"https:\/\/abinox-chr-clim.com\/index.php\/wp-json\/wp\/v2\/product_tag?post=110433"}],"curies":[{"name":"wp","href":"https:\/\/api.w.org\/{rel}","templated":true}]}}