{"id":110432,"date":"2025-05-29T11:54:06","date_gmt":"2025-05-29T09:54:06","guid":{"rendered":"https:\/\/abinox-chr-clim.com\/index.php\/product\/bocal-a-biscuits-carre-olympia-24l\/"},"modified":"2026-04-14T10:27:04","modified_gmt":"2026-04-14T08:27:04","slug":"bocal-a-biscuits-carre-olympia-24l","status":"publish","type":"product","link":"https:\/\/abinox-chr-clim.com\/index.php\/product\/bocal-a-biscuits-carre-olympia-24l\/","title":{"rendered":"Bocal \u00e0 biscuits carr\u00e9 Olympia 2,4L"},"content":{"rendered":"<p>Construction en verre \u00e9pais avec bords en silicone \u00e9tanches \u00e0 l&rsquo;air pour garder le contenu frais plus longtemps.<\/p>\n<p>\u2022 Le bocal et le couvercle en verre transparent permettent d&rsquo;identifier facilement le contenu<br \/>\u2022 La grande taille offre un rangement spacieux<br \/>\u2022 Il est scell\u00e9 avec un bord en silicone herm\u00e9tique pour garder le contenu au frais plus longtemps<br \/>\u2022 Le verre \u00e9pais a un aspect rustique et raffin\u00e9<br \/>\u2022 Il est parfait pour \u00eatre expos\u00e9 sur un comptoir, afin de stimuler d&rsquo;autres ventes<br \/>\u2022 Il est parfait pour \u00eatre expos\u00e9 sur un comptoir et sur un buffet<br \/>\u2022 Il est id\u00e9al pour une utilisation dans un caf\u00e9<\/p>\n<p><b><u>Caract\u00e9ristiques du produit :<\/u><\/b><br \/>\u2022 Mati\u00e8re : Verre<br \/>\u2022 Poids : 1,13 kg<br \/>\u2022 Couleur : Transparent.<\/p>\n","protected":false},"excerpt":{"rendered":"<p>155 (L) x 155 (P) x 223 (H) mm. Diam\u00e8tre d&rsquo;ouverture : 123mm.<\/p>\n","protected":false},"featured_media":108683,"comment_status":"open","ping_status":"closed","template":"","meta":[],"product_brand":[],"product_cat":[1115,1114,1297,1106],"product_tag":[],"class_list":{"0":"post-110432","1":"product","2":"type-product","3":"status-publish","4":"has-post-thumbnail","6":"product_cat-accessoires-buffet","7":"product_cat-buffet","8":"product_cat-non-palettisable","9":"product_cat-restaurant-bar-et-hotel","10":"product_shipping_class-free-shipping","12":"first","13":"outofstock","14":"featured","15":"taxable","16":"shipping-taxable","17":"purchasable","18":"product-type-simple"},"_links":{"self":[{"href":"https:\/\/abinox-chr-clim.com\/index.php\/wp-json\/wp\/v2\/product\/110432","targetHints":{"allow":["GET"]}}],"collection":[{"href":"https:\/\/abinox-chr-clim.com\/index.php\/wp-json\/wp\/v2\/product"}],"about":[{"href":"https:\/\/abinox-chr-clim.com\/index.php\/wp-json\/wp\/v2\/types\/product"}],"replies":[{"embeddable":true,"href":"https:\/\/abinox-chr-clim.com\/index.php\/wp-json\/wp\/v2\/comments?post=110432"}],"wp:featuredmedia":[{"embeddable":true,"href":"https:\/\/abinox-chr-clim.com\/index.php\/wp-json\/wp\/v2\/media\/108683"}],"wp:attachment":[{"href":"https:\/\/abinox-chr-clim.com\/index.php\/wp-json\/wp\/v2\/media?parent=110432"}],"wp:term":[{"taxonomy":"product_brand","embeddable":true,"href":"https:\/\/abinox-chr-clim.com\/index.php\/wp-json\/wp\/v2\/product_brand?post=110432"},{"taxonomy":"product_cat","embeddable":true,"href":"https:\/\/abinox-chr-clim.com\/index.php\/wp-json\/wp\/v2\/product_cat?post=110432"},{"taxonomy":"product_tag","embeddable":true,"href":"https:\/\/abinox-chr-clim.com\/index.php\/wp-json\/wp\/v2\/product_tag?post=110432"}],"curies":[{"name":"wp","href":"https:\/\/api.w.org\/{rel}","templated":true}]}}