{"id":110396,"date":"2025-05-29T11:52:49","date_gmt":"2025-05-29T09:52:49","guid":{"rendered":"https:\/\/abinox-chr-clim.com\/index.php\/product\/gaufrier-belge-simple-waring-commercial\/"},"modified":"2026-04-13T07:58:57","modified_gmt":"2026-04-13T05:58:57","slug":"gaufrier-belge-simple-waring-commercial","status":"publish","type":"product","link":"https:\/\/abinox-chr-clim.com\/index.php\/product\/gaufrier-belge-simple-waring-commercial\/","title":{"rendered":"Gaufrier belge simple Waring Commercial"},"content":{"rendered":"<p>Gr\u00e2ce \u00e0 son m\u00e9canisme rotatif simple et \u00e0 ses plaques antiadh\u00e9sives \u00e0 triple rev\u00eatement, le Waring est sp\u00e9cialement con\u00e7u pour produire des gaufres uniform\u00e9ment cuites et dor\u00e9es, r\u00e9duisant ainsi les d\u00e9chets et garantissant un fonctionnement facile. Puissant et rapide, il est parfait pour la pr\u00e9paration de desserts \u00e0 forte marge ou comme option d&rsquo;en-cas pour la restauration mobile.<\/p>\n<p>\u2022 Pr\u00e9pare jusqu&rsquo;\u00e0 25 gaufres \u00e0 haute marge par heure<br \/>\u2022 Les plaques peuvent \u00eatre facilement remplac\u00e9es, prolongeant la dur\u00e9e de vie de l&rsquo;unit\u00e9<br \/>\u2022 Les indicateurs LED montrent l&rsquo;\u00e9tat de l&rsquo;alimentation et de la disponibilit\u00e9<br \/>\u2022 Inclut un bac collecteur et un doseur de p\u00e2te pour un fonctionnement sans d\u00e9sordre<br \/>\u2022 Appareil en acier inoxydable solide et durable &#8211; id\u00e9al pour une utilisation commerciale intensive<\/p>\n<p><b><u>Caract\u00e9ristiques du produit :<\/u><\/b><br \/>\u2022 Dim. : 235(H) x 260(L) x 508(P) mm<br \/>\u2022 Mati\u00e8re : Inox<br \/>\u2022 Puissance : 1035 W<br \/>\u2022 Voltage : 220-240V<br \/>\u2022 Poids : 6 kg<br \/>\u2022 Couleur : Argent.<\/p>\n","protected":false},"excerpt":{"rendered":"<p>1kW. Production : Jusqu&rsquo;\u00e0 25 gaufres par heure<\/p>\n","protected":false},"featured_media":108664,"comment_status":"open","ping_status":"closed","template":"","meta":[],"product_brand":[],"product_cat":[1183,1160,1297,1179],"product_tag":[],"class_list":{"0":"post-110396","1":"product","2":"type-product","3":"status-publish","4":"has-post-thumbnail","6":"product_cat-gaufriers-et-crepieres","7":"product_cat-materiel-electrique-et-de-cuisson","8":"product_cat-non-palettisable","9":"product_cat-petit-materiel","11":"first","12":"instock","13":"featured","14":"taxable","15":"shipping-taxable","16":"purchasable","17":"product-type-simple"},"_links":{"self":[{"href":"https:\/\/abinox-chr-clim.com\/index.php\/wp-json\/wp\/v2\/product\/110396","targetHints":{"allow":["GET"]}}],"collection":[{"href":"https:\/\/abinox-chr-clim.com\/index.php\/wp-json\/wp\/v2\/product"}],"about":[{"href":"https:\/\/abinox-chr-clim.com\/index.php\/wp-json\/wp\/v2\/types\/product"}],"replies":[{"embeddable":true,"href":"https:\/\/abinox-chr-clim.com\/index.php\/wp-json\/wp\/v2\/comments?post=110396"}],"wp:featuredmedia":[{"embeddable":true,"href":"https:\/\/abinox-chr-clim.com\/index.php\/wp-json\/wp\/v2\/media\/108664"}],"wp:attachment":[{"href":"https:\/\/abinox-chr-clim.com\/index.php\/wp-json\/wp\/v2\/media?parent=110396"}],"wp:term":[{"taxonomy":"product_brand","embeddable":true,"href":"https:\/\/abinox-chr-clim.com\/index.php\/wp-json\/wp\/v2\/product_brand?post=110396"},{"taxonomy":"product_cat","embeddable":true,"href":"https:\/\/abinox-chr-clim.com\/index.php\/wp-json\/wp\/v2\/product_cat?post=110396"},{"taxonomy":"product_tag","embeddable":true,"href":"https:\/\/abinox-chr-clim.com\/index.php\/wp-json\/wp\/v2\/product_tag?post=110396"}],"curies":[{"name":"wp","href":"https:\/\/api.w.org\/{rel}","templated":true}]}}