{"id":110394,"date":"2025-05-29T11:52:45","date_gmt":"2025-05-29T09:52:45","guid":{"rendered":"https:\/\/abinox-chr-clim.com\/index.php\/product\/pelle-inox-perforee-nisbets-essentials-340mm\/"},"modified":"2026-04-15T10:05:11","modified_gmt":"2026-04-15T08:05:11","slug":"pelle-inox-perforee-nisbets-essentials-340mm","status":"publish","type":"product","link":"https:\/\/abinox-chr-clim.com\/index.php\/product\/pelle-inox-perforee-nisbets-essentials-340mm\/","title":{"rendered":"Pelle inox perfor\u00e9e Nisbets Essentials 340mm"},"content":{"rendered":"<p>Conception perfor\u00e9e permettant d&rsquo;\u00e9goutter l&rsquo;exc\u00e8s de sauce lors du service. En inox lavable au lave-vaisselle.<\/p>\n<p>\u2022 Compatible lave-vaisselle<br \/>\u2022 Manche allong\u00e9 pour \u00e9viter les risques de br\u00fblures<br \/>\u2022 Durable et facile \u00e0 nettoyer<\/p>\n<p><b><u>Caract\u00e9ristiques du produit :<\/u><\/b><br \/>\u2022 Dim. : 330(L) x 75(P) mm<br \/>\u2022 Mati\u00e8re : Inox<br \/>\u2022 Poids : 94 g<br \/>\u2022 Couleur : Argent.<\/p>\n","protected":false},"excerpt":{"rendered":"<p>340mm. Inox<\/p>\n","protected":false},"featured_media":108662,"comment_status":"open","ping_status":"closed","template":"","meta":[],"product_brand":[],"product_cat":[1277,1297],"product_tag":[],"class_list":{"0":"post-110394","1":"product","2":"type-product","3":"status-publish","4":"has-post-thumbnail","6":"product_cat-divers-principal","7":"product_cat-non-palettisable","8":"product_shipping_class-free-shipping","10":"first","11":"instock","12":"featured","13":"taxable","14":"shipping-taxable","15":"purchasable","16":"product-type-simple"},"_links":{"self":[{"href":"https:\/\/abinox-chr-clim.com\/index.php\/wp-json\/wp\/v2\/product\/110394","targetHints":{"allow":["GET"]}}],"collection":[{"href":"https:\/\/abinox-chr-clim.com\/index.php\/wp-json\/wp\/v2\/product"}],"about":[{"href":"https:\/\/abinox-chr-clim.com\/index.php\/wp-json\/wp\/v2\/types\/product"}],"replies":[{"embeddable":true,"href":"https:\/\/abinox-chr-clim.com\/index.php\/wp-json\/wp\/v2\/comments?post=110394"}],"wp:featuredmedia":[{"embeddable":true,"href":"https:\/\/abinox-chr-clim.com\/index.php\/wp-json\/wp\/v2\/media\/108662"}],"wp:attachment":[{"href":"https:\/\/abinox-chr-clim.com\/index.php\/wp-json\/wp\/v2\/media?parent=110394"}],"wp:term":[{"taxonomy":"product_brand","embeddable":true,"href":"https:\/\/abinox-chr-clim.com\/index.php\/wp-json\/wp\/v2\/product_brand?post=110394"},{"taxonomy":"product_cat","embeddable":true,"href":"https:\/\/abinox-chr-clim.com\/index.php\/wp-json\/wp\/v2\/product_cat?post=110394"},{"taxonomy":"product_tag","embeddable":true,"href":"https:\/\/abinox-chr-clim.com\/index.php\/wp-json\/wp\/v2\/product_tag?post=110394"}],"curies":[{"name":"wp","href":"https:\/\/api.w.org\/{rel}","templated":true}]}}