{"id":110392,"date":"2025-05-29T11:52:42","date_gmt":"2025-05-29T09:52:42","guid":{"rendered":"https:\/\/abinox-chr-clim.com\/index.php\/product\/cuillere-de-service-pleine-nisbets-essentials-285mm\/"},"modified":"2026-04-15T10:05:08","modified_gmt":"2026-04-15T08:05:08","slug":"cuillere-de-service-pleine-nisbets-essentials-285mm","status":"publish","type":"product","link":"https:\/\/abinox-chr-clim.com\/index.php\/product\/cuillere-de-service-pleine-nisbets-essentials-285mm\/","title":{"rendered":"Cuill\u00e8re de service pleine Nisbets Essentials 285mm"},"content":{"rendered":"<p>Cuill\u00e8res de service, mod\u00e8les plein et perfor\u00e9. En inox, lavables au lave-vaisselle.<\/p>\n<p>\u2022 Construction en acier inoxydable solide et r\u00e9sistante au lave-vaisselle<br \/>\u2022 La poign\u00e9e allong\u00e9e permet de r\u00e9duire les risques de br\u00fblure<br \/>\u2022 Le trou de suspension dans la poign\u00e9e facilite le rangement et l&rsquo;acc\u00e8s<\/p>\n<p><b><u>Caract\u00e9ristiques du produit :<\/u><\/b><br \/>\u2022 Dim. : 285(L) x 68(P) mm<br \/>\u2022 Mati\u00e8re : Inox<br \/>\u2022 Poids : 65 g<br \/>\u2022 Couleur : Argent.<\/p>\n","protected":false},"excerpt":{"rendered":"<p>285mm. Inox<\/p>\n","protected":false},"featured_media":106752,"comment_status":"open","ping_status":"closed","template":"","meta":[],"product_brand":[],"product_cat":[1277,1297],"product_tag":[],"class_list":{"0":"post-110392","1":"product","2":"type-product","3":"status-publish","4":"has-post-thumbnail","6":"product_cat-divers-principal","7":"product_cat-non-palettisable","8":"product_shipping_class-free-shipping","10":"first","11":"instock","12":"featured","13":"taxable","14":"shipping-taxable","15":"purchasable","16":"product-type-simple"},"_links":{"self":[{"href":"https:\/\/abinox-chr-clim.com\/index.php\/wp-json\/wp\/v2\/product\/110392","targetHints":{"allow":["GET"]}}],"collection":[{"href":"https:\/\/abinox-chr-clim.com\/index.php\/wp-json\/wp\/v2\/product"}],"about":[{"href":"https:\/\/abinox-chr-clim.com\/index.php\/wp-json\/wp\/v2\/types\/product"}],"replies":[{"embeddable":true,"href":"https:\/\/abinox-chr-clim.com\/index.php\/wp-json\/wp\/v2\/comments?post=110392"}],"wp:featuredmedia":[{"embeddable":true,"href":"https:\/\/abinox-chr-clim.com\/index.php\/wp-json\/wp\/v2\/media\/106752"}],"wp:attachment":[{"href":"https:\/\/abinox-chr-clim.com\/index.php\/wp-json\/wp\/v2\/media?parent=110392"}],"wp:term":[{"taxonomy":"product_brand","embeddable":true,"href":"https:\/\/abinox-chr-clim.com\/index.php\/wp-json\/wp\/v2\/product_brand?post=110392"},{"taxonomy":"product_cat","embeddable":true,"href":"https:\/\/abinox-chr-clim.com\/index.php\/wp-json\/wp\/v2\/product_cat?post=110392"},{"taxonomy":"product_tag","embeddable":true,"href":"https:\/\/abinox-chr-clim.com\/index.php\/wp-json\/wp\/v2\/product_tag?post=110392"}],"curies":[{"name":"wp","href":"https:\/\/api.w.org\/{rel}","templated":true}]}}