{"id":110385,"date":"2025-05-29T11:52:27","date_gmt":"2025-05-29T09:52:27","guid":{"rendered":"https:\/\/abinox-chr-clim.com\/index.php\/product\/nettoyant-pour-residus-de-cafe-et-de-the-bravilor-60-sachets\/"},"modified":"2026-04-14T10:54:26","modified_gmt":"2026-04-14T08:54:26","slug":"nettoyant-pour-residus-de-cafe-et-de-the-bravilor-60-sachets","status":"publish","type":"product","link":"https:\/\/abinox-chr-clim.com\/index.php\/product\/nettoyant-pour-residus-de-cafe-et-de-the-bravilor-60-sachets\/","title":{"rendered":"Nettoyant pour r\u00e9sidus de caf\u00e9 et de th\u00e9 Bravilor (60 sachets)"},"content":{"rendered":"<p>Produit de nettoyage professionnel qui permet \u00e0 votre machine de fonctionner de mani\u00e8re optimale. \u00c9limine les r\u00e9sidus de caf\u00e9 et de th\u00e9, pr\u00e9serve la puret\u00e9 du go\u00fbt et \u00e9vite les obstructions. Augmente la dur\u00e9e de vie des machines \u00e0 caf\u00e9 commerciales. Garantit un go\u00fbt parfait pour les boissons chaudes.<\/p>\n<p>\u2022 Agent nettoyant pour \u00e9liminer les r\u00e9sidus de caf\u00e9 dans les verseuses et les machines \u00e0 caf\u00e9.<br \/>\u2022 Pour pr\u00e9server l&rsquo;excellente saveur du caf\u00e9.<br \/>\u2022 Instructions d&rsquo;utilisation faciles \u00e0 suivre au dos du sachet en plusieurs langues.<br \/>\u2022 Bo\u00eete contenant 4 x 15 sachets nettoyants de 15 grammes<br \/>\u2022 \u00c0 utiliser avec toutes les machines \u00e0 caf\u00e9 Bravilor<br \/>\u2022 Pour nettoyer l&rsquo;int\u00e9rieur de vos machines, utilisez les sachets d\u00e9tartrant Bravilor Renegite (J512 &#8211; vendu s\u00e9par\u00e9ment)<\/p>\n<p><b><u>Caract\u00e9ristiques du produit :<\/u><\/b><br \/>\u2022 Lot : 60.0<br \/>\u2022 Capacit\u00e9 : 1,5 L<br \/>\u2022 Dim. : 240(H) x 250(L) x 240(P) mm<br \/>\u2022 Poids : 1,2 kg.<\/p>\n","protected":false},"excerpt":{"rendered":"<p>Bo\u00eete contenant 4 x 15 sachets nettoyants de 15 grammes.<\/p>\n","protected":false},"featured_media":107128,"comment_status":"open","ping_status":"closed","template":"","meta":[],"product_brand":[],"product_cat":[1227,1297,1216],"product_tag":[],"class_list":{"0":"post-110385","1":"product","2":"type-product","3":"status-publish","4":"has-post-thumbnail","6":"product_cat-nettoyage","7":"product_cat-non-palettisable","8":"product_cat-usage-unique-et-entretien","9":"product_shipping_class-free-shipping","11":"first","12":"outofstock","13":"featured","14":"taxable","15":"shipping-taxable","16":"purchasable","17":"product-type-simple"},"_links":{"self":[{"href":"https:\/\/abinox-chr-clim.com\/index.php\/wp-json\/wp\/v2\/product\/110385","targetHints":{"allow":["GET"]}}],"collection":[{"href":"https:\/\/abinox-chr-clim.com\/index.php\/wp-json\/wp\/v2\/product"}],"about":[{"href":"https:\/\/abinox-chr-clim.com\/index.php\/wp-json\/wp\/v2\/types\/product"}],"replies":[{"embeddable":true,"href":"https:\/\/abinox-chr-clim.com\/index.php\/wp-json\/wp\/v2\/comments?post=110385"}],"wp:featuredmedia":[{"embeddable":true,"href":"https:\/\/abinox-chr-clim.com\/index.php\/wp-json\/wp\/v2\/media\/107128"}],"wp:attachment":[{"href":"https:\/\/abinox-chr-clim.com\/index.php\/wp-json\/wp\/v2\/media?parent=110385"}],"wp:term":[{"taxonomy":"product_brand","embeddable":true,"href":"https:\/\/abinox-chr-clim.com\/index.php\/wp-json\/wp\/v2\/product_brand?post=110385"},{"taxonomy":"product_cat","embeddable":true,"href":"https:\/\/abinox-chr-clim.com\/index.php\/wp-json\/wp\/v2\/product_cat?post=110385"},{"taxonomy":"product_tag","embeddable":true,"href":"https:\/\/abinox-chr-clim.com\/index.php\/wp-json\/wp\/v2\/product_tag?post=110385"}],"curies":[{"name":"wp","href":"https:\/\/api.w.org\/{rel}","templated":true}]}}