{"id":110372,"date":"2025-05-29T11:51:59","date_gmt":"2025-05-29T09:51:59","guid":{"rendered":"https:\/\/abinox-chr-clim.com\/index.php\/product\/chiffons-non-tisses-bleus-nisbets-essentials-rouleau-de-300\/"},"modified":"2026-04-14T10:24:24","modified_gmt":"2026-04-14T08:24:24","slug":"chiffons-non-tisses-bleus-nisbets-essentials-rouleau-de-300","status":"publish","type":"product","link":"https:\/\/abinox-chr-clim.com\/index.php\/product\/chiffons-non-tisses-bleus-nisbets-essentials-rouleau-de-300\/","title":{"rendered":"Chiffons non tiss\u00e9s bleus Nisbets Essentials (rouleau de 300)"},"content":{"rendered":"<p>Chiffons non tiss\u00e9s tout usage avec d&rsquo;excellentes capacit\u00e9s d&rsquo;essuyage. Chaque chiffon mesure 250 x 250 mm. 300 chiffons par rouleau.<\/p>\n<p>\u2022 Le mat\u00e9riau non tiss\u00e9 offre une excellente absorption<br \/>\u2022 Le mat\u00e9riau anti peluches emp\u00eache les fibres de rester sur vos surfaces<br \/>\u2022 Les chiffons peuvent \u00eatre s\u00e9ch\u00e9s et r\u00e9utilis\u00e9s pour un excellent co\u00fbt par utilisation<br \/>\u2022 Le pr\u00e9d\u00e9coupage entre chaque chiffon assure une distribution rapide et sans gaspillage<br \/>\u2022 Le coloris bleu peut \u00eatre utilis\u00e9 dans le cadre du syst\u00e8me \u00e0 code couleur<br \/>\u2022 Dimensions d&rsquo;un chiffon : 250x250mm<\/p>\n<p><b><u>Caract\u00e9ristiques du produit :<\/u><\/b><br \/>\u2022 Lot : 300.0<br \/>\u2022 Dim. : 250(L) mm<br \/>\u2022 Poids : 840 g<br \/>\u2022 Couleur : Bleu.<\/p>\n","protected":false},"excerpt":{"rendered":"<p>300 chiffons par rouleau. Dimensions d&rsquo;un chiffon : 250x250mm<\/p>\n","protected":false},"featured_media":106164,"comment_status":"open","ping_status":"closed","template":"","meta":[],"product_brand":[],"product_cat":[1230,1227,1297,1216],"product_tag":[],"class_list":{"0":"post-110372","1":"product","2":"type-product","3":"status-publish","4":"has-post-thumbnail","6":"product_cat-chiffons-et-eponges","7":"product_cat-nettoyage","8":"product_cat-non-palettisable","9":"product_cat-usage-unique-et-entretien","10":"product_shipping_class-free-shipping","12":"first","13":"instock","14":"featured","15":"taxable","16":"shipping-taxable","17":"purchasable","18":"product-type-simple"},"_links":{"self":[{"href":"https:\/\/abinox-chr-clim.com\/index.php\/wp-json\/wp\/v2\/product\/110372","targetHints":{"allow":["GET"]}}],"collection":[{"href":"https:\/\/abinox-chr-clim.com\/index.php\/wp-json\/wp\/v2\/product"}],"about":[{"href":"https:\/\/abinox-chr-clim.com\/index.php\/wp-json\/wp\/v2\/types\/product"}],"replies":[{"embeddable":true,"href":"https:\/\/abinox-chr-clim.com\/index.php\/wp-json\/wp\/v2\/comments?post=110372"}],"wp:featuredmedia":[{"embeddable":true,"href":"https:\/\/abinox-chr-clim.com\/index.php\/wp-json\/wp\/v2\/media\/106164"}],"wp:attachment":[{"href":"https:\/\/abinox-chr-clim.com\/index.php\/wp-json\/wp\/v2\/media?parent=110372"}],"wp:term":[{"taxonomy":"product_brand","embeddable":true,"href":"https:\/\/abinox-chr-clim.com\/index.php\/wp-json\/wp\/v2\/product_brand?post=110372"},{"taxonomy":"product_cat","embeddable":true,"href":"https:\/\/abinox-chr-clim.com\/index.php\/wp-json\/wp\/v2\/product_cat?post=110372"},{"taxonomy":"product_tag","embeddable":true,"href":"https:\/\/abinox-chr-clim.com\/index.php\/wp-json\/wp\/v2\/product_tag?post=110372"}],"curies":[{"name":"wp","href":"https:\/\/api.w.org\/{rel}","templated":true}]}}