{"id":110371,"date":"2025-05-29T11:51:57","date_gmt":"2025-05-29T09:51:57","guid":{"rendered":"https:\/\/abinox-chr-clim.com\/index.php\/product\/tabouret-haut-bolero-rodeo-moka\/"},"modified":"2026-04-14T10:53:04","modified_gmt":"2026-04-14T08:53:04","slug":"tabouret-haut-bolero-rodeo-moka","status":"publish","type":"product","link":"https:\/\/abinox-chr-clim.com\/index.php\/product\/tabouret-haut-bolero-rodeo-moka\/","title":{"rendered":"Tabouret haut Bolero Rodeo moka"},"content":{"rendered":"<p>Durable et confortable, ce tabouret haut Bolero Rodeo est dot\u00e9 d&rsquo;une structure en acier et d&rsquo;un si\u00e8ge d&rsquo;aspect vintage.<\/p>\n<p>\u2022 Magnifique si\u00e8ge en polyur\u00e9thane d&rsquo;aspect cuir vintage<br \/>\u2022 Structure en m\u00e9tal \u00e9l\u00e9gante<br \/>\u2022 Facile \u00e0 nettoyer<br \/>\u2022 Le cadre r\u00e9sistant de qualit\u00e9 professionnelle r\u00e9siste \u00e0 la flexion et \u00e0 la d\u00e9formation<br \/>\u2022 Id\u00e9al pour s&rsquo;inspirer de la tendance int\u00e9rieure industrielle<br \/>\u2022 Con\u00e7u pour m\u00e9langer ou assortir les coloris<\/p>\n<p><b><u>Caract\u00e9ristiques du produit :<\/u><\/b><br \/>\u2022 Dim. : 1060(H) x 565(L) x 530(P) mm<br \/>\u2022 Mati\u00e8re : Acier poudr\u00e9 et PU<br \/>\u2022 Poids : 7,85 kg<br \/>\u2022 Couleur : Marron.<\/p>\n","protected":false},"excerpt":{"rendered":"<p>Hauteur d&rsquo;assise : 1060 mm. Vendu \u00e0 l&rsquo;unit\u00e9<\/p>\n","protected":false},"featured_media":108654,"comment_status":"open","ping_status":"closed","template":"","meta":[],"product_brand":[],"product_cat":[1208,1201,1296,1212],"product_tag":[],"class_list":{"0":"post-110371","1":"product","2":"type-product","3":"status-publish","4":"has-post-thumbnail","6":"product_cat-interieur","7":"product_cat-mobilier","8":"product_cat-palettisable","9":"product_cat-tables-interieur","10":"product_shipping_class-free-shipping","12":"first","13":"instock","14":"featured","15":"taxable","16":"shipping-taxable","17":"purchasable","18":"product-type-simple"},"_links":{"self":[{"href":"https:\/\/abinox-chr-clim.com\/index.php\/wp-json\/wp\/v2\/product\/110371","targetHints":{"allow":["GET"]}}],"collection":[{"href":"https:\/\/abinox-chr-clim.com\/index.php\/wp-json\/wp\/v2\/product"}],"about":[{"href":"https:\/\/abinox-chr-clim.com\/index.php\/wp-json\/wp\/v2\/types\/product"}],"replies":[{"embeddable":true,"href":"https:\/\/abinox-chr-clim.com\/index.php\/wp-json\/wp\/v2\/comments?post=110371"}],"wp:featuredmedia":[{"embeddable":true,"href":"https:\/\/abinox-chr-clim.com\/index.php\/wp-json\/wp\/v2\/media\/108654"}],"wp:attachment":[{"href":"https:\/\/abinox-chr-clim.com\/index.php\/wp-json\/wp\/v2\/media?parent=110371"}],"wp:term":[{"taxonomy":"product_brand","embeddable":true,"href":"https:\/\/abinox-chr-clim.com\/index.php\/wp-json\/wp\/v2\/product_brand?post=110371"},{"taxonomy":"product_cat","embeddable":true,"href":"https:\/\/abinox-chr-clim.com\/index.php\/wp-json\/wp\/v2\/product_cat?post=110371"},{"taxonomy":"product_tag","embeddable":true,"href":"https:\/\/abinox-chr-clim.com\/index.php\/wp-json\/wp\/v2\/product_tag?post=110371"}],"curies":[{"name":"wp","href":"https:\/\/api.w.org\/{rel}","templated":true}]}}