{"id":110370,"date":"2025-05-29T11:51:55","date_gmt":"2025-05-29T09:51:55","guid":{"rendered":"https:\/\/abinox-chr-clim.com\/index.php\/product\/chaises-bolero-rodeo-noires-lot-de-2-2\/"},"modified":"2026-04-14T10:55:53","modified_gmt":"2026-04-14T08:55:53","slug":"chaises-bolero-rodeo-noires-lot-de-2-2","status":"publish","type":"product","link":"https:\/\/abinox-chr-clim.com\/index.php\/product\/chaises-bolero-rodeo-noires-lot-de-2-2\/","title":{"rendered":"Chaises Bolero Rodeo noires (lot de 2)"},"content":{"rendered":"<p>Le si\u00e8ge en polyur\u00e9thane s&rsquo;inspire du rev\u00eatement en cuir vintage, pour allier style, r\u00e9sistance et la facilit\u00e9 de nettoyage du plastique.<\/p>\n<p>\u2022 Magnifique si\u00e8ge en polyur\u00e9thane aspect cuir vintage<br \/>\u2022 Cadre m\u00e9tallique \u00e9l\u00e9gant<br \/>\u2022 Facile \u00e0 nettoyer<br \/>\u2022 Durabilit\u00e9 et r\u00e9sistance de qualit\u00e9 commerciale<br \/>\u2022 Id\u00e9al pour s&rsquo;inscrire dans la tendance du d\u00e9cor industriel<br \/>\u2022 Con\u00e7ue pour m\u00e9langer ou assortir les coloris<\/p>\n<p><b><u>Caract\u00e9ristiques du produit :<\/u><\/b><br \/>\u2022 Lot : 2.0<br \/>\u2022 Dim. : 725(H) x 455(L) x 540(P) mm<br \/>\u2022 Mati\u00e8re : Acier poudr\u00e9 et PU<br \/>\u2022 Poids : 5,95 kg<br \/>\u2022 Couleur : Marron.<\/p>\n","protected":false},"excerpt":{"rendered":"<p>Hauteur d&rsquo;assise : 437mm. Lot de 2.<\/p>\n","protected":false},"featured_media":108653,"comment_status":"open","ping_status":"closed","template":"","meta":[],"product_brand":[],"product_cat":[1209,1208,1201,1297],"product_tag":[],"class_list":{"0":"post-110370","1":"product","2":"type-product","3":"status-publish","4":"has-post-thumbnail","6":"product_cat-chaises-interieur","7":"product_cat-interieur","8":"product_cat-mobilier","9":"product_cat-non-palettisable","10":"product_shipping_class-free-shipping","12":"first","13":"instock","14":"featured","15":"taxable","16":"shipping-taxable","17":"purchasable","18":"product-type-simple"},"_links":{"self":[{"href":"https:\/\/abinox-chr-clim.com\/index.php\/wp-json\/wp\/v2\/product\/110370","targetHints":{"allow":["GET"]}}],"collection":[{"href":"https:\/\/abinox-chr-clim.com\/index.php\/wp-json\/wp\/v2\/product"}],"about":[{"href":"https:\/\/abinox-chr-clim.com\/index.php\/wp-json\/wp\/v2\/types\/product"}],"replies":[{"embeddable":true,"href":"https:\/\/abinox-chr-clim.com\/index.php\/wp-json\/wp\/v2\/comments?post=110370"}],"wp:featuredmedia":[{"embeddable":true,"href":"https:\/\/abinox-chr-clim.com\/index.php\/wp-json\/wp\/v2\/media\/108653"}],"wp:attachment":[{"href":"https:\/\/abinox-chr-clim.com\/index.php\/wp-json\/wp\/v2\/media?parent=110370"}],"wp:term":[{"taxonomy":"product_brand","embeddable":true,"href":"https:\/\/abinox-chr-clim.com\/index.php\/wp-json\/wp\/v2\/product_brand?post=110370"},{"taxonomy":"product_cat","embeddable":true,"href":"https:\/\/abinox-chr-clim.com\/index.php\/wp-json\/wp\/v2\/product_cat?post=110370"},{"taxonomy":"product_tag","embeddable":true,"href":"https:\/\/abinox-chr-clim.com\/index.php\/wp-json\/wp\/v2\/product_tag?post=110370"}],"curies":[{"name":"wp","href":"https:\/\/api.w.org\/{rel}","templated":true}]}}