{"id":110368,"date":"2025-05-29T11:51:52","date_gmt":"2025-05-29T09:51:52","guid":{"rendered":"https:\/\/abinox-chr-clim.com\/index.php\/product\/tabourets-bistro-hauts-avec-dossier-et-assise-en-bois-bolero-blancs-lot-de-4\/"},"modified":"2026-04-14T10:53:03","modified_gmt":"2026-04-14T08:53:03","slug":"tabourets-bistro-hauts-avec-dossier-et-assise-en-bois-bolero-blancs-lot-de-4","status":"publish","type":"product","link":"https:\/\/abinox-chr-clim.com\/index.php\/product\/tabourets-bistro-hauts-avec-dossier-et-assise-en-bois-bolero-blancs-lot-de-4\/","title":{"rendered":"Tabourets bistro hauts avec dossier et assise en bois Bolero blancs (lot de 4)"},"content":{"rendered":"<p>Fabriqu\u00e9 en acier thermolaqu\u00e9, r\u00e9sistant aux intemp\u00e9ries, facile \u00e0 nettoyer et remarquablement l\u00e9ger. La poign\u00e9e de transport ajoute une touche suppl\u00e9mentaire de praticit\u00e9, rendant le tabouret facile \u00e0 d\u00e9placer pour un rangement simple, tandis que les pieds en caoutchouc garantissent s\u00e9curit\u00e9 et robustesse.<\/p>\n<p>\u2022 Dossier confortable<br \/>\u2022 Assise en bois de fr\u00eane pour plus de style, de confort et de durabilit\u00e9<br \/>\u2022 Inspir\u00e9 par la tendance int\u00e9rieure industrielle<br \/>\u2022 Cadre en acier galvanis\u00e9 tr\u00e8s r\u00e9sistant<br \/>\u2022 Pieds antid\u00e9rapants antitraces<br \/>\u2022 Facile \u00e0 nettoyer<br \/>\u2022 Con\u00e7u pour une utilisation en int\u00e9rieur<\/p>\n<p><b><u>Caract\u00e9ristiques du produit :<\/u><\/b><br \/>\u2022 Lot : 4.0<br \/>\u2022 Dim. : 900(H) x 430(L) x 450(P) mm<br \/>\u2022 Mati\u00e8re : Bois d&rsquo;acier et fr\u00eane<br \/>\u2022 Poids : 6,3 kg<br \/>\u2022 Couleur : Blanc.<\/p>\n","protected":false},"excerpt":{"rendered":"<p>Ch\u00e2ssis en acier. Si\u00e8ge en fr\u00eane. Hauteur du si\u00e8ge : 755 mm<\/p>\n","protected":false},"featured_media":108652,"comment_status":"open","ping_status":"closed","template":"","meta":[],"product_brand":[],"product_cat":[1208,1201,1296,1212],"product_tag":[],"class_list":{"0":"post-110368","1":"product","2":"type-product","3":"status-publish","4":"has-post-thumbnail","6":"product_cat-interieur","7":"product_cat-mobilier","8":"product_cat-palettisable","9":"product_cat-tables-interieur","10":"product_shipping_class-free-shipping","12":"first","13":"instock","14":"featured","15":"taxable","16":"shipping-taxable","17":"purchasable","18":"product-type-simple"},"_links":{"self":[{"href":"https:\/\/abinox-chr-clim.com\/index.php\/wp-json\/wp\/v2\/product\/110368","targetHints":{"allow":["GET"]}}],"collection":[{"href":"https:\/\/abinox-chr-clim.com\/index.php\/wp-json\/wp\/v2\/product"}],"about":[{"href":"https:\/\/abinox-chr-clim.com\/index.php\/wp-json\/wp\/v2\/types\/product"}],"replies":[{"embeddable":true,"href":"https:\/\/abinox-chr-clim.com\/index.php\/wp-json\/wp\/v2\/comments?post=110368"}],"wp:featuredmedia":[{"embeddable":true,"href":"https:\/\/abinox-chr-clim.com\/index.php\/wp-json\/wp\/v2\/media\/108652"}],"wp:attachment":[{"href":"https:\/\/abinox-chr-clim.com\/index.php\/wp-json\/wp\/v2\/media?parent=110368"}],"wp:term":[{"taxonomy":"product_brand","embeddable":true,"href":"https:\/\/abinox-chr-clim.com\/index.php\/wp-json\/wp\/v2\/product_brand?post=110368"},{"taxonomy":"product_cat","embeddable":true,"href":"https:\/\/abinox-chr-clim.com\/index.php\/wp-json\/wp\/v2\/product_cat?post=110368"},{"taxonomy":"product_tag","embeddable":true,"href":"https:\/\/abinox-chr-clim.com\/index.php\/wp-json\/wp\/v2\/product_tag?post=110368"}],"curies":[{"name":"wp","href":"https:\/\/api.w.org\/{rel}","templated":true}]}}