{"id":110365,"date":"2025-05-29T11:51:46","date_gmt":"2025-05-29T09:51:46","guid":{"rendered":"https:\/\/abinox-chr-clim.com\/index.php\/product\/petit-sac-de-livraison-chargement-par-le-haut-cambro-gobag\/"},"modified":"2025-07-10T11:09:29","modified_gmt":"2025-07-10T09:09:29","slug":"petit-sac-de-livraison-chargement-par-le-haut-cambro-gobag","status":"publish","type":"product","link":"https:\/\/abinox-chr-clim.com\/index.php\/product\/petit-sac-de-livraison-chargement-par-le-haut-cambro-gobag\/","title":{"rendered":"Petit sac de livraison chargement par le haut Cambro GoBag"},"content":{"rendered":"<p>Pour maintenir les plats \u00e0 emporter chauds ou froids pendant la livraison. L&rsquo;ext\u00e9rieur en polyester \u00e9pais et de qualit\u00e9 industrielle maintient des temp\u00e9ratures s\u00fbres et la qualit\u00e9 des aliments. Int\u00e9rieur en vinyle facile \u00e0 nettoyer. Design \u00e0 poches multiples con\u00e7u pour contenir des re\u00e7us, des coupons, des condiments, etc. Syst\u00e8me de fermeture s\u00fbr.<\/p>\n<p>\u2022 Le mat\u00e9riau en nylon respirant prot\u00e8ge la qualit\u00e9 des aliments<br \/>\u2022 L&rsquo;int\u00e9rieur en vinyle est facile \u00e0 nettoyer<br \/>\u2022 L&rsquo;isolation haute densit\u00e9 garde les aliments au chaud<br \/>\u2022 Ext\u00e9rieur en tissu polyester 600 deniers \u00e9pais et robuste<br \/>\u2022 Sangles robustes cousues et pochette pour billets<br \/>\u2022 L&rsquo;ext\u00e9rieur en polyester de qualit\u00e9 industrielle est r\u00e9sistant aux taches et lavable.<br \/>\u2022 Rabat extra large pour une fermeture herm\u00e9tique<br \/>\u2022 Grande pochette pour billets<br \/>\u2022 Fermeture auto-agrippante extra longue pour une fermeture s\u00e9curis\u00e9e \u00e0 chaque fois<br \/>\u2022 Contr\u00f4le sup\u00e9rieur de l&rsquo;humidit\u00e9 et r\u00e9tention de la temp\u00e9rature \u00e0 la pointe de l&rsquo;industrie<br \/>\u2022 Num\u00e9ro d&rsquo;article Cambro : GBD13913110<\/p>\n<p><b><u>Caract\u00e9ristiques du produit :<\/u><\/b><br \/>\u2022 Dim. : 330(H) x 230(L) x 330(P) mm<br \/>\u2022 Mati\u00e8re : Nylon<br \/>\u2022 Poids : 840 g.<\/p>\n","protected":false},"excerpt":{"rendered":"<p>330x230x330mm<\/p>\n","protected":false},"featured_media":108647,"comment_status":"open","ping_status":"closed","template":"","meta":[],"product_brand":[],"product_cat":[1280,1064,1296,1074],"product_tag":[],"class_list":{"0":"post-110365","1":"product","2":"type-product","3":"status-publish","4":"has-post-thumbnail","6":"product_cat-conteneurs-alimentaires-et-bacs-gastronorme-cuisine","7":"product_cat-cuisine","8":"product_cat-palettisable","9":"product_cat-thermobox-et-sacs","10":"product_shipping_class-free-shipping","12":"first","13":"outofstock","14":"featured","15":"taxable","16":"shipping-taxable","17":"purchasable","18":"product-type-simple"},"_links":{"self":[{"href":"https:\/\/abinox-chr-clim.com\/index.php\/wp-json\/wp\/v2\/product\/110365","targetHints":{"allow":["GET"]}}],"collection":[{"href":"https:\/\/abinox-chr-clim.com\/index.php\/wp-json\/wp\/v2\/product"}],"about":[{"href":"https:\/\/abinox-chr-clim.com\/index.php\/wp-json\/wp\/v2\/types\/product"}],"replies":[{"embeddable":true,"href":"https:\/\/abinox-chr-clim.com\/index.php\/wp-json\/wp\/v2\/comments?post=110365"}],"wp:featuredmedia":[{"embeddable":true,"href":"https:\/\/abinox-chr-clim.com\/index.php\/wp-json\/wp\/v2\/media\/108647"}],"wp:attachment":[{"href":"https:\/\/abinox-chr-clim.com\/index.php\/wp-json\/wp\/v2\/media?parent=110365"}],"wp:term":[{"taxonomy":"product_brand","embeddable":true,"href":"https:\/\/abinox-chr-clim.com\/index.php\/wp-json\/wp\/v2\/product_brand?post=110365"},{"taxonomy":"product_cat","embeddable":true,"href":"https:\/\/abinox-chr-clim.com\/index.php\/wp-json\/wp\/v2\/product_cat?post=110365"},{"taxonomy":"product_tag","embeddable":true,"href":"https:\/\/abinox-chr-clim.com\/index.php\/wp-json\/wp\/v2\/product_tag?post=110365"}],"curies":[{"name":"wp","href":"https:\/\/api.w.org\/{rel}","templated":true}]}}