{"id":110357,"date":"2025-05-29T11:51:33","date_gmt":"2025-05-29T09:51:33","guid":{"rendered":"https:\/\/abinox-chr-clim.com\/index.php\/product\/table-refrigeree-negative-2-portes-gn-1-1-avec-dosseret-true-tcf1-2\/"},"modified":"2026-04-14T11:05:25","modified_gmt":"2026-04-14T09:05:25","slug":"table-refrigeree-negative-2-portes-gn-1-1-avec-dosseret-true-tcf1-2","status":"publish","type":"product","link":"https:\/\/abinox-chr-clim.com\/index.php\/product\/table-refrigeree-negative-2-portes-gn-1-1-avec-dosseret-true-tcf1-2\/","title":{"rendered":"Table r\u00e9frig\u00e9ree n\u00e9gative 2 portes GN 1\/1 avec dosseret True TCF1\/2"},"content":{"rendered":"<p>Le cong\u00e9lateur comptoir 2 portes 1\/1 GN avec dosseret TCF1\/2-CL-WT-DL-DR offre une solution \u00e9co\u00e9nerg\u00e9tique pour les traiteurs qui ont besoin d&rsquo;ingr\u00e9dients surgel\u00e9s \u00e0 disposition. \u00c9quip\u00e9 du syst\u00e8me de r\u00e9frig\u00e9ration \u00e0 hydrocarbures \u00ab\u00a0HC\u00a0\u00bb de pointe de True, il assure une conservation exceptionnelle des aliments. La technologie brevet\u00e9e RCU inverse la direction du ventilateur du condenseur pendant les cycles d&rsquo;arr\u00eat, gardant la bobine du condenseur exempte de salet\u00e9, de poussi\u00e8re et de d\u00e9bris. Le cong\u00e9lateur maintient des temp\u00e9ratures de stockage pr\u00e9cises entre -18\u00b0C et -23\u00b0C pour garantir des conditions de stockage optimales.Avec une capacit\u00e9 interne g\u00e9n\u00e9reuse derri\u00e8re deux portes pleines verrouillables, ce cong\u00e9lateur offre un stockage s\u00e9curis\u00e9 avec un acc\u00e8s facile \u00e0 vos ingr\u00e9dients. Le syst\u00e8me unique d&rsquo;\u00e9tag\u00e8res\/glissi\u00e8res en forme de \u00ab\u00a0E\u00a0\u00bb maximise l&rsquo;espace utilisable, accueillant \u00e0 la fois des \u00e9tag\u00e8res en fil et des bacs GN, vous permettant de tirer pleinement parti de la capacit\u00e9 nette de l&rsquo;armoire. Le nettoyage et l&rsquo;entretien sont facilit\u00e9s gr\u00e2ce au dosseret int\u00e9gr\u00e9, aux roulettes ajust\u00e9es et \u00e0 la construction en acier inoxydable durable. Le cong\u00e9lateur TCF1\/2-CL-WT-DL-DR est \u00e9galement accompagn\u00e9 d&rsquo;une garantie de cinq ans, leader dans l&rsquo;industrie, offrant une tranquillit\u00e9 d&rsquo;esprit en standard.<\/p>\n<p>\u2022 Garantie compl\u00e8te de 5 ans sur les pi\u00e8ces et la main d&rsquo;\u0153uvre, leader du secteur<br \/>\u2022 Certifi\u00e9 classe climatique 5 pour un fonctionnement efficace m\u00eame dans des environnements de cuisine \u00e0 40\u00b0C.<br \/>\u2022 Efficacit\u00e9 \u00e9nerg\u00e9tique de pointe.<br \/>\u2022 100\u00a0% de respiration frontale pour une installation sans d\u00e9gagement.<br \/>\u2022 Syst\u00e8me de r\u00e9frig\u00e9ration \u00e0 hydrocarbures \u00e0 la pointe de la technologie, v\u00e9ritable \u00ab\u00a0HC\u00a0\u00bb pour la meilleure conservation des aliments.<br \/>\u2022 La v\u00e9ritable technologie RCU brevet\u00e9e inverse la direction du ventilateur du condenseur pendant les cycles d&rsquo;arr\u00eat, pour aider \u00e0 garder le serpentin du condenseur exempt de salet\u00e9, de poussi\u00e8re et de d\u00e9bris.<br \/>\u2022 Les cong\u00e9lateurs maintiennent des temp\u00e9ratures de conservation de -18 \u00b0C \u00e0 -23 \u00b0C.<br \/>\u2022 Standard avec serrures.<br \/>\u2022 Charni\u00e8re de porte r\u00e9versible.<br \/>\u2022 Poign\u00e9es m\u00e9talliques \u00e9l\u00e9gantes et robustes.<br \/>\u2022 Livr\u00e9 avec roulettes de 153 mm.<\/p>\n<p><b><u>Caract\u00e9ristiques du produit :<\/u><\/b><br \/>\u2022 Capacit\u00e9 : 280 L<br \/>\u2022 Dim. : 1000(H) x 1411(L) x 700(P) mm<br \/>\u2022 Isolation : 80 mm<br \/>\u2022 Dim. interne : 50(H) x 53(P) cm<br \/>\u2022 Mati\u00e8re : Inox et aluminium<br \/>\u2022 Puissance : 161 W<br \/>\u2022 Fr\u00e9on : R290 \/ GWP 3<br \/>\u2022 Temp\u00e9rature : -23 \u00b0C \u00e0 -18 \u00b0C<br \/>\u2022 Voltage : 230V<br \/>\u2022 Poids : 161 kg<br \/>\u2022 Classe \u00e9nerg\u00e9tique : 34.5<br \/>\u2022 Classe climatique : 5<br \/>\u2022 Temp\u00e9rature ambiante MAX : 40 \u00b0C<br \/>\u2022 Couleur : Argent.<\/p>\n","protected":false},"excerpt":{"rendered":"<p>Capacit\u00e9 totale utilisable : 167 litres. R290<\/p>\n","protected":false},"featured_media":106162,"comment_status":"open","ping_status":"closed","template":"","meta":[],"product_brand":[],"product_cat":[1249,1296,1255],"product_tag":[],"class_list":{"0":"post-110357","1":"product","2":"type-product","3":"status-publish","4":"has-post-thumbnail","6":"product_cat-froid","7":"product_cat-palettisable","8":"product_cat-tables-refrigerees","9":"product_shipping_class-free-shipping","11":"first","12":"outofstock","13":"featured","14":"taxable","15":"shipping-taxable","16":"purchasable","17":"product-type-simple"},"_links":{"self":[{"href":"https:\/\/abinox-chr-clim.com\/index.php\/wp-json\/wp\/v2\/product\/110357","targetHints":{"allow":["GET"]}}],"collection":[{"href":"https:\/\/abinox-chr-clim.com\/index.php\/wp-json\/wp\/v2\/product"}],"about":[{"href":"https:\/\/abinox-chr-clim.com\/index.php\/wp-json\/wp\/v2\/types\/product"}],"replies":[{"embeddable":true,"href":"https:\/\/abinox-chr-clim.com\/index.php\/wp-json\/wp\/v2\/comments?post=110357"}],"wp:featuredmedia":[{"embeddable":true,"href":"https:\/\/abinox-chr-clim.com\/index.php\/wp-json\/wp\/v2\/media\/106162"}],"wp:attachment":[{"href":"https:\/\/abinox-chr-clim.com\/index.php\/wp-json\/wp\/v2\/media?parent=110357"}],"wp:term":[{"taxonomy":"product_brand","embeddable":true,"href":"https:\/\/abinox-chr-clim.com\/index.php\/wp-json\/wp\/v2\/product_brand?post=110357"},{"taxonomy":"product_cat","embeddable":true,"href":"https:\/\/abinox-chr-clim.com\/index.php\/wp-json\/wp\/v2\/product_cat?post=110357"},{"taxonomy":"product_tag","embeddable":true,"href":"https:\/\/abinox-chr-clim.com\/index.php\/wp-json\/wp\/v2\/product_tag?post=110357"}],"curies":[{"name":"wp","href":"https:\/\/api.w.org\/{rel}","templated":true}]}}