{"id":110355,"date":"2025-05-29T11:51:30","date_gmt":"2025-05-29T09:51:30","guid":{"rendered":"https:\/\/abinox-chr-clim.com\/index.php\/product\/table-refrigeree-positive-6-tiroirs-gn-1-1-true-tcr1-2\/"},"modified":"2026-04-14T11:05:22","modified_gmt":"2026-04-14T09:05:22","slug":"table-refrigeree-positive-6-tiroirs-gn-1-1-true-tcr1-2","status":"publish","type":"product","link":"https:\/\/abinox-chr-clim.com\/index.php\/product\/table-refrigeree-positive-6-tiroirs-gn-1-1-true-tcr1-2\/","title":{"rendered":"Table r\u00e9frig\u00e9ree positive 6 tiroirs GN 1\/1 True TCR1\/2"},"content":{"rendered":"<p>Capacit\u00e9 de stockage suppl\u00e9mentaire indispensable pour les cuisines exigeantes.<\/p>\n<p>\u2022 Garantie compl\u00e8te de 5 ans sur les pi\u00e8ces et la main d&rsquo;\u0153uvre, leader du secteur<br \/>\u2022 Certifi\u00e9 classe climatique 5 pour un fonctionnement efficace m\u00eame dans des environnements de cuisine \u00e0 40\u00b0C<br \/>\u2022 Efficacit\u00e9 \u00e9nerg\u00e9tique de pointe co\u00fbts de fonctionnement consid\u00e9rablement r\u00e9duits<br \/>\u2022 100\u00a0% de respiration frontale pour une installation sans d\u00e9gagement<br \/>\u2022 Syst\u00e8me de r\u00e9frig\u00e9ration \u00e0 hydrocarbures de pointe, v\u00e9ritable \u00ab\u00a0HC\u00a0\u00bb pour la meilleure conservation des aliments<br \/>\u2022 La v\u00e9ritable technologie RCU brevet\u00e9e inverse la direction du ventilateur du condenseur pendant les cycles d&rsquo;arr\u00eat &#8211; aide \u00e0 garder le serpentin du condenseur exempt de salet\u00e9, de poussi\u00e8re et de d\u00e9bris.<br \/>\u2022 Les r\u00e9frig\u00e9rateurs maintiennent des temp\u00e9ratures de maintien de 0,5\u00b0C \u00e0 3,3\u00b0C<br \/>\u2022 Tiroirs solides verrouillables pour une meilleure s\u00e9curit\u00e9 des stocks<br \/>\u2022 Les tiroirs peuvent accueillir 1x 1\/1 casserole ou \u00e9quivalent. Profondeur maximale du tiroir sup\u00e9rieur = 75 mm. Profondeur maximale des tiroirs du milieu et du bas = 100 mm<br \/>\u2022 Poign\u00e9es m\u00e9talliques \u00e9l\u00e9gantes et robustes<br \/>\u2022 Livr\u00e9 avec roulettes 153 mm<\/p>\n<p><b><u>Caract\u00e9ristiques du produit :<\/u><\/b><br \/>\u2022 Capacit\u00e9 : 280 L<br \/>\u2022 Dim. : 900(H) x 1411(L) x 700(P) mm<br \/>\u2022 Isolation : 80 mm<br \/>\u2022 Mati\u00e8re : Inox et aluminium<br \/>\u2022 Puissance : 161 W<br \/>\u2022 Fr\u00e9on : R290 \/ GWP 3<br \/>\u2022 Temp\u00e9rature : 0,5 \u00b0C \u00e0 3,3 \u00b0C<br \/>\u2022 Voltage : 230V<br \/>\u2022 Poids : 137 kg<br \/>\u2022 Classe \u00e9nerg\u00e9tique : 45851<br \/>\u2022 Classe climatique : 5<br \/>\u2022 Temp\u00e9rature ambiante MAX : 40 \u00b0C<br \/>\u2022 Couleur : Argent.<\/p>\n","protected":false},"excerpt":{"rendered":"<p>Capacit\u00e9 totale utilisable : 98 litres. R290<\/p>\n","protected":false},"featured_media":106748,"comment_status":"open","ping_status":"closed","template":"","meta":[],"product_brand":[],"product_cat":[1249,1296,1255],"product_tag":[],"class_list":{"0":"post-110355","1":"product","2":"type-product","3":"status-publish","4":"has-post-thumbnail","6":"product_cat-froid","7":"product_cat-palettisable","8":"product_cat-tables-refrigerees","9":"product_shipping_class-free-shipping","11":"first","12":"outofstock","13":"featured","14":"taxable","15":"shipping-taxable","16":"purchasable","17":"product-type-simple"},"_links":{"self":[{"href":"https:\/\/abinox-chr-clim.com\/index.php\/wp-json\/wp\/v2\/product\/110355","targetHints":{"allow":["GET"]}}],"collection":[{"href":"https:\/\/abinox-chr-clim.com\/index.php\/wp-json\/wp\/v2\/product"}],"about":[{"href":"https:\/\/abinox-chr-clim.com\/index.php\/wp-json\/wp\/v2\/types\/product"}],"replies":[{"embeddable":true,"href":"https:\/\/abinox-chr-clim.com\/index.php\/wp-json\/wp\/v2\/comments?post=110355"}],"wp:featuredmedia":[{"embeddable":true,"href":"https:\/\/abinox-chr-clim.com\/index.php\/wp-json\/wp\/v2\/media\/106748"}],"wp:attachment":[{"href":"https:\/\/abinox-chr-clim.com\/index.php\/wp-json\/wp\/v2\/media?parent=110355"}],"wp:term":[{"taxonomy":"product_brand","embeddable":true,"href":"https:\/\/abinox-chr-clim.com\/index.php\/wp-json\/wp\/v2\/product_brand?post=110355"},{"taxonomy":"product_cat","embeddable":true,"href":"https:\/\/abinox-chr-clim.com\/index.php\/wp-json\/wp\/v2\/product_cat?post=110355"},{"taxonomy":"product_tag","embeddable":true,"href":"https:\/\/abinox-chr-clim.com\/index.php\/wp-json\/wp\/v2\/product_tag?post=110355"}],"curies":[{"name":"wp","href":"https:\/\/api.w.org\/{rel}","templated":true}]}}