{"id":110354,"date":"2025-05-29T11:51:28","date_gmt":"2025-05-29T09:51:28","guid":{"rendered":"https:\/\/abinox-chr-clim.com\/index.php\/product\/table-de-preparation-24-bacs-gn-1-6-avec-couvercle-en-verre-true-tssu-60-24m-b-st-fglid\/"},"modified":"2026-04-14T11:05:21","modified_gmt":"2026-04-14T09:05:21","slug":"table-de-preparation-24-bacs-gn-1-6-avec-couvercle-en-verre-true-tssu-60-24m-b-st-fglid","status":"publish","type":"product","link":"https:\/\/abinox-chr-clim.com\/index.php\/product\/table-de-preparation-24-bacs-gn-1-6-avec-couvercle-en-verre-true-tssu-60-24m-b-st-fglid\/","title":{"rendered":"Table de pr\u00e9paration 24 bacs GN 1\/6 avec couvercle en verre True TSSU-60-24M-B-ST-FGLID"},"content":{"rendered":"<p>Plan de travail pour salade\/sandwich de taille compacte, id\u00e9al pour les cuisines avec un espace limit\u00e9. Maintient les temp\u00e9ratures avec pr\u00e9cision et efficacit\u00e9 gr\u00e2ce \u00e0 une isolation avanc\u00e9e Ecomate.<\/p>\n<p>\u2022 Garantie compl\u00e8te de 5 ans sur les pi\u00e8ces et la main d&rsquo;\u0153uvre, leader du secteur<br \/>\u2022 Dispose d&rsquo;un couvercle en verre hydraulique verrouillable, offrant une visibilit\u00e9 des bacs \u00e0 nourriture du c\u00f4t\u00e9 client.<br \/>\u2022 Les syst\u00e8mes de circulation d&rsquo;air brevet\u00e9s maintiennent une temp\u00e9rature constante et uniforme de 0,5 \u00b0C \u00e0 5 \u00b0C dans TOUTES les casseroles, garantissant ainsi que les ingr\u00e9dients de haute qualit\u00e9 restent frais et s\u00fbrs \u00e0 consommer.<br \/>\u2022 Syst\u00e8me de r\u00e9frig\u00e9ration \u00e0 hydrocarbures R290 respectueux de l&rsquo;environnement pour une conservation optimale des aliments.<br \/>\u2022 Fourni avec une planche \u00e0 d\u00e9couper pleine longueur et des casseroles GN en polycarbonate.<br \/>\u2022 Compatible avec d&rsquo;autres tailles et dispositions de casseroles GN.<br \/>\u2022 Garantie compl\u00e8te de 5 ans sur les pi\u00e8ces et la main d&rsquo;\u0153uvre.<br \/>\u2022 Respiration 100 % frontale, ne n\u00e9cessitant aucun d\u00e9gagement sur les c\u00f4t\u00e9s de l&rsquo;unit\u00e9<br \/>\u2022 Le capot et le couvercle isol\u00e9s r\u00e9duisent la consommation d&rsquo;\u00e9nergie lorsqu&rsquo;ils sont ferm\u00e9s ou peuvent \u00eatre facilement retir\u00e9s pour construire l&rsquo;unit\u00e9 dans un cadre fabriqu\u00e9.<br \/>\u2022 Fourni avec des roulettes de 158 mm.<br \/>\u2022 Fa\u00e7ade en acier inoxydable \u00e0 haute r\u00e9sistance, pour moins de bosses et de rayures.<\/p>\n<p><b><u>Caract\u00e9ristiques du produit :<\/u><\/b><br \/>\u2022 Capacit\u00e9 : 338 L<br \/>\u2022 Dim. : 967(H) x 1532(L) x 884(P) mm<br \/>\u2022 Isolation : 43 mm<br \/>\u2022 Mati\u00e8re : Inox et aluminium<br \/>\u2022 Puissance : 506 W<br \/>\u2022 Fr\u00e9on : R290 \/ GWP 3<br \/>\u2022 Temp\u00e9rature : 0,5 \u00b0C \u00e0 5 \u00b0C<br \/>\u2022 Voltage : 230V<br \/>\u2022 Poids : 168 kg<br \/>\u2022 Temp\u00e9rature ambiante MAX : 25 \u00b0C<br \/>\u2022 Couleur : Argent.<\/p>\n","protected":false},"excerpt":{"rendered":"<p>Capacit\u00e9 : 338 litres. R134a<\/p>\n","protected":false},"featured_media":106161,"comment_status":"open","ping_status":"closed","template":"","meta":[],"product_brand":[],"product_cat":[1249,1296,1255],"product_tag":[],"class_list":{"0":"post-110354","1":"product","2":"type-product","3":"status-publish","4":"has-post-thumbnail","6":"product_cat-froid","7":"product_cat-palettisable","8":"product_cat-tables-refrigerees","9":"product_shipping_class-free-shipping","11":"first","12":"outofstock","13":"featured","14":"taxable","15":"shipping-taxable","16":"purchasable","17":"product-type-simple"},"_links":{"self":[{"href":"https:\/\/abinox-chr-clim.com\/index.php\/wp-json\/wp\/v2\/product\/110354","targetHints":{"allow":["GET"]}}],"collection":[{"href":"https:\/\/abinox-chr-clim.com\/index.php\/wp-json\/wp\/v2\/product"}],"about":[{"href":"https:\/\/abinox-chr-clim.com\/index.php\/wp-json\/wp\/v2\/types\/product"}],"replies":[{"embeddable":true,"href":"https:\/\/abinox-chr-clim.com\/index.php\/wp-json\/wp\/v2\/comments?post=110354"}],"wp:featuredmedia":[{"embeddable":true,"href":"https:\/\/abinox-chr-clim.com\/index.php\/wp-json\/wp\/v2\/media\/106161"}],"wp:attachment":[{"href":"https:\/\/abinox-chr-clim.com\/index.php\/wp-json\/wp\/v2\/media?parent=110354"}],"wp:term":[{"taxonomy":"product_brand","embeddable":true,"href":"https:\/\/abinox-chr-clim.com\/index.php\/wp-json\/wp\/v2\/product_brand?post=110354"},{"taxonomy":"product_cat","embeddable":true,"href":"https:\/\/abinox-chr-clim.com\/index.php\/wp-json\/wp\/v2\/product_cat?post=110354"},{"taxonomy":"product_tag","embeddable":true,"href":"https:\/\/abinox-chr-clim.com\/index.php\/wp-json\/wp\/v2\/product_tag?post=110354"}],"curies":[{"name":"wp","href":"https:\/\/api.w.org\/{rel}","templated":true}]}}