{"id":110335,"date":"2025-05-29T11:50:51","date_gmt":"2025-05-29T09:50:51","guid":{"rendered":"https:\/\/abinox-chr-clim.com\/index.php\/product\/bac-en-polypropylene-gn-1-1-sans-couvercle-nisbets-essentials-100mm\/"},"modified":"2026-04-24T10:12:29","modified_gmt":"2026-04-24T08:12:29","slug":"bac-en-polypropylene-gn-1-1-sans-couvercle-nisbets-essentials-100mm","status":"publish","type":"product","link":"https:\/\/abinox-chr-clim.com\/index.php\/product\/bac-en-polypropylene-gn-1-1-sans-couvercle-nisbets-essentials-100mm\/","title":{"rendered":"Bac en polypropyl\u00e8ne GN 1\/1 sans couvercle Nisbets Essentials 100mm"},"content":{"rendered":"<p>Id\u00e9al pour la pr\u00e9paration et le stockage d&rsquo;aliments chauds ou froids. GN 1\/1 : 530 x 325mm.<\/p>\n<p>\u2022 Le design transparent vous permet d&rsquo;identifier instantan\u00e9ment le contenu sans avoir \u00e0 le d\u00e9couvrir<br \/>\u2022 La plage de temp\u00e9rature de -40\u00b0C \u00e0 70\u00b0C convient aux aliments chauds et froids<br \/>\u2022 Peut \u00eatre utilis\u00e9 en toute s\u00e9curit\u00e9 dans votre r\u00e9frig\u00e9rateur ou votre cong\u00e9lateur comme option suppl\u00e9mentaire de stockage des aliments<br \/>\u2022 La conception en polypropyl\u00e8ne, solide et robuste, prot\u00e8ge bien les ingr\u00e9dients<br \/>\u2022 L\u00e8vre ext\u00e9rieure permettant d&rsquo;ins\u00e9rer le r\u00e9cipient dans n&rsquo;importe quel casier de stockage compatible 1\/1GN.<br \/>\u2022 Le plastique sans BPA peut \u00eatre utilis\u00e9 avec tous les types d&rsquo;aliments<br \/>\u2022 Facile \u00e0 nettoyer et \u00e0 garder hygi\u00e9nique, il vous fait gagner du temps et dure beaucoup plus longtemps<br \/>\u2022 Couvercle non inclus &#8211; couvercle en polypropyl\u00e8ne compatible 1\/1 vendu s\u00e9par\u00e9ment (FA826)<\/p>\n<p><b><u>Caract\u00e9ristiques du produit :<\/u><\/b><br \/>\u2022 Capacit\u00e9 : 13 L<br \/>\u2022 Dim. : 100(H) x 530(L) x 100(P) mm<br \/>\u2022 Mati\u00e8re : Polypropyl\u00e8ne<br \/>\u2022 Temp\u00e9rature : -40\u00b0C \u00e0 +70\u00b0C<br \/>\u2022 Poids : 2,4 kg<br \/>\u2022 Couleur : Transparent.<\/p>\n","protected":false},"excerpt":{"rendered":"<p>Capacit\u00e9 : 13L. Mat\u00e9riau : Polypropyl\u00e8ne. GN 1\/1. Sans couvercle<\/p>\n","protected":false},"featured_media":106569,"comment_status":"open","ping_status":"closed","template":"","meta":[],"product_brand":[],"product_cat":[1281,1280,1064,1297],"product_tag":[],"class_list":{"0":"post-110335","1":"product","2":"type-product","3":"status-publish","4":"has-post-thumbnail","6":"product_cat-bacs-gn-conteneurs-alimentaires-et-bacs-gastronorme-cuisine","7":"product_cat-conteneurs-alimentaires-et-bacs-gastronorme-cuisine","8":"product_cat-cuisine","9":"product_cat-non-palettisable","10":"product_shipping_class-free-shipping","12":"first","13":"instock","14":"featured","15":"taxable","16":"shipping-taxable","17":"purchasable","18":"product-type-simple"},"_links":{"self":[{"href":"https:\/\/abinox-chr-clim.com\/index.php\/wp-json\/wp\/v2\/product\/110335","targetHints":{"allow":["GET"]}}],"collection":[{"href":"https:\/\/abinox-chr-clim.com\/index.php\/wp-json\/wp\/v2\/product"}],"about":[{"href":"https:\/\/abinox-chr-clim.com\/index.php\/wp-json\/wp\/v2\/types\/product"}],"replies":[{"embeddable":true,"href":"https:\/\/abinox-chr-clim.com\/index.php\/wp-json\/wp\/v2\/comments?post=110335"}],"wp:featuredmedia":[{"embeddable":true,"href":"https:\/\/abinox-chr-clim.com\/index.php\/wp-json\/wp\/v2\/media\/106569"}],"wp:attachment":[{"href":"https:\/\/abinox-chr-clim.com\/index.php\/wp-json\/wp\/v2\/media?parent=110335"}],"wp:term":[{"taxonomy":"product_brand","embeddable":true,"href":"https:\/\/abinox-chr-clim.com\/index.php\/wp-json\/wp\/v2\/product_brand?post=110335"},{"taxonomy":"product_cat","embeddable":true,"href":"https:\/\/abinox-chr-clim.com\/index.php\/wp-json\/wp\/v2\/product_cat?post=110335"},{"taxonomy":"product_tag","embeddable":true,"href":"https:\/\/abinox-chr-clim.com\/index.php\/wp-json\/wp\/v2\/product_tag?post=110335"}],"curies":[{"name":"wp","href":"https:\/\/api.w.org\/{rel}","templated":true}]}}