{"id":110294,"date":"2025-05-29T11:44:33","date_gmt":"2025-05-29T09:44:33","guid":{"rendered":"https:\/\/abinox-chr-clim.com\/index.php\/product\/table-refrigeree-positive-3-portes-gn-1-1-true-tcr1-3-cl-ss-dl-dr-dr\/"},"modified":"2026-04-14T11:04:15","modified_gmt":"2026-04-14T09:04:15","slug":"table-refrigeree-positive-3-portes-gn-1-1-true-tcr1-3-cl-ss-dl-dr-dr","status":"publish","type":"product","link":"https:\/\/abinox-chr-clim.com\/index.php\/product\/table-refrigeree-positive-3-portes-gn-1-1-true-tcr1-3-cl-ss-dl-dr-dr\/","title":{"rendered":"Table r\u00e9frig\u00e9ree positive 3 portes GN 1\/1 True TCR1\/3-CL-SS-DL-DR-DR"},"content":{"rendered":"<p>Unit\u00e9s \u00e0 deux ou trois portes avec plan de travail pratique. Contr\u00f4le num\u00e9rique pour une pr\u00e9cision de temp\u00e9rature de pointe. Syst\u00e8me de r\u00e9frig\u00e9ration \u00e0 l&rsquo;hydrocarbure R290 respectueux de l&rsquo;environnement. Les moteurs des ventilateurs du condenseur \u00e0 inversion brevet\u00e9s s&rsquo;inversent pendant les cycles d&rsquo;arr\u00eat du d\u00e9givrage afin de pr\u00e9server le serpentin du condenseur de la salet\u00e9 et des d\u00e9bris. Fa\u00e7ade, dessus et extr\u00e9mit\u00e9s en acier inoxydable, dos en aluminium. Syst\u00e8me de glissi\u00e8re double antibasculement pour les \u00e9tag\u00e8res m\u00e9talliques et le stockage de bacs GN 1\/1. Poign\u00e9es m\u00e9talliques robustes et \u00e9l\u00e9gantes. Charni\u00e8res de porte r\u00e9versibles. Avec serrures de s\u00e9rie. Alimentation \u00e9lectrique monophas\u00e9e.<\/p>\n<p>\u2022 Garantie compl\u00e8te de 5 ans sur les pi\u00e8ces et la main d&rsquo;\u0153uvre, leader du secteur<br \/>\u2022 Certifi\u00e9 classe climatique 5 pour un fonctionnement efficace m\u00eame dans des environnements de cuisine \u00e0 40\u00b0C.<br \/>\u2022 Efficacit\u00e9 \u00e9nerg\u00e9tique de pointe.<br \/>\u2022 100\u00a0% de respiration frontale pour une installation sans d\u00e9gagement.<br \/>\u2022 Syst\u00e8me de r\u00e9frig\u00e9ration \u00e0 hydrocarbures \u00e0 la pointe de la technologie, v\u00e9ritable \u00ab\u00a0HC\u00a0\u00bb pour la meilleure conservation des aliments.<br \/>\u2022 La v\u00e9ritable technologie RCU brevet\u00e9e inverse la direction du ventilateur du condenseur pendant les cycles d&rsquo;arr\u00eat, pour aider \u00e0 garder le serpentin du condenseur exempt de salet\u00e9, de poussi\u00e8re et de d\u00e9bris.<br \/>\u2022 Les r\u00e9frig\u00e9rateurs maintiennent des temp\u00e9ratures de maintien de 0,5\u00b0C \u00e0 3,3\u00b0C.<br \/>\u2022 Standard avec serrures.<br \/>\u2022 Charni\u00e8re de porte r\u00e9versible.<br \/>\u2022 Poign\u00e9es m\u00e9talliques \u00e9l\u00e9gantes et robustes.<br \/>\u2022 Livr\u00e9 avec roulettes de 153 mm.<\/p>\n<p><b><u>Caract\u00e9ristiques du produit :<\/u><\/b><br \/>\u2022 Capacit\u00e9 : 435 L<br \/>\u2022 Dim. : 900(H) x 1865(L) x 700(P) mm<br \/>\u2022 Isolation : 80 mm<br \/>\u2022 Dim. interne : 50(H) x 53(P) cm<br \/>\u2022 Mati\u00e8re : Inox et aluminium<br \/>\u2022 Puissance : 161 W<br \/>\u2022 Fr\u00e9on : R290 \/ GWP 3<br \/>\u2022 Temp\u00e9rature : 0,5 \u00b0C \u00e0 3,3 \u00b0C<br \/>\u2022 Voltage : 230V<br \/>\u2022 Poids : 164 kg<br \/>\u2022 Classe \u00e9nerg\u00e9tique : 45822<br \/>\u2022 Classe climatique : 5<br \/>\u2022 Temp\u00e9rature ambiante MAX : 40 \u00b0C<br \/>\u2022 Couleur : Argent.<\/p>\n","protected":false},"excerpt":{"rendered":"<p>161W. Capacit\u00e9 totale utilisable : 250 litres. R290<\/p>\n","protected":false},"featured_media":106743,"comment_status":"open","ping_status":"closed","template":"","meta":[],"product_brand":[],"product_cat":[1249,1296,1255],"product_tag":[],"class_list":{"0":"post-110294","1":"product","2":"type-product","3":"status-publish","4":"has-post-thumbnail","6":"product_cat-froid","7":"product_cat-palettisable","8":"product_cat-tables-refrigerees","9":"product_shipping_class-free-shipping","11":"first","12":"outofstock","13":"featured","14":"taxable","15":"shipping-taxable","16":"purchasable","17":"product-type-simple"},"_links":{"self":[{"href":"https:\/\/abinox-chr-clim.com\/index.php\/wp-json\/wp\/v2\/product\/110294","targetHints":{"allow":["GET"]}}],"collection":[{"href":"https:\/\/abinox-chr-clim.com\/index.php\/wp-json\/wp\/v2\/product"}],"about":[{"href":"https:\/\/abinox-chr-clim.com\/index.php\/wp-json\/wp\/v2\/types\/product"}],"replies":[{"embeddable":true,"href":"https:\/\/abinox-chr-clim.com\/index.php\/wp-json\/wp\/v2\/comments?post=110294"}],"wp:featuredmedia":[{"embeddable":true,"href":"https:\/\/abinox-chr-clim.com\/index.php\/wp-json\/wp\/v2\/media\/106743"}],"wp:attachment":[{"href":"https:\/\/abinox-chr-clim.com\/index.php\/wp-json\/wp\/v2\/media?parent=110294"}],"wp:term":[{"taxonomy":"product_brand","embeddable":true,"href":"https:\/\/abinox-chr-clim.com\/index.php\/wp-json\/wp\/v2\/product_brand?post=110294"},{"taxonomy":"product_cat","embeddable":true,"href":"https:\/\/abinox-chr-clim.com\/index.php\/wp-json\/wp\/v2\/product_cat?post=110294"},{"taxonomy":"product_tag","embeddable":true,"href":"https:\/\/abinox-chr-clim.com\/index.php\/wp-json\/wp\/v2\/product_tag?post=110294"}],"curies":[{"name":"wp","href":"https:\/\/api.w.org\/{rel}","templated":true}]}}