{"id":110288,"date":"2025-05-29T11:44:22","date_gmt":"2025-05-29T09:44:22","guid":{"rendered":"https:\/\/abinox-chr-clim.com\/index.php\/product\/combine-cutter-et-coupe-legumes-robot-coupe-r401\/"},"modified":"2025-06-17T10:10:24","modified_gmt":"2025-06-17T08:10:24","slug":"combine-cutter-et-coupe-legumes-robot-coupe-r401","status":"publish","type":"product","link":"https:\/\/abinox-chr-clim.com\/index.php\/product\/combine-cutter-et-coupe-legumes-robot-coupe-r401\/","title":{"rendered":"Combin\u00e9 cutter et coupe-l\u00e9gumes Robot Coupe R401"},"content":{"rendered":"<p>2 machines en 1 ! Une fonction cutter permettant de r\u00e9aliser tous types de hachages, farce fine, \u00e9mulsions, broyages et p\u00e9trissages. Une fonction coupe-l\u00e9gumes permettant de r\u00e9aliser toutes vos coupes en \u00e9minc\u00e9s, ondul\u00e9s, r\u00e2p\u00e9s, juliennes. Collection de 23 disques inox disponibles, vendus s\u00e9par\u00e9ment.<\/p>\n<p>\u2022 4.Cuve de 5 litres en acier inoxydable avec poign\u00e9e<br \/>\u2022 Le couvercle de la cuve en Lexan transparent vous permet de v\u00e9rifier et d&rsquo;ajouter des ingr\u00e9dients pendant le fonctionnement<br \/>\u2022 Fonctionnement par simple bouton-poussoir<br \/>\u2022 R\u00e9f\u00e9rence soumise \u00e0 une Eco-participation de 0.1\u20ac par unit\u00e9 vendue applicable en France uniquement\u00a0<br \/>\u2022 Convient pour 20 \u00e0\u00a0 100 couvercles<br \/>\u2022 Disques de coupe de 2\/4 mm, disques de r\u00e2page de 2\/6 mm et lame de coupe fournis<br \/>\u2022 Syst\u00e8me de s\u00e9curit\u00e9 magn\u00e9tique et frein moteur<br \/>\u2022 La tr\u00e9mie XL peut accepter de gros ingr\u00e9dients tels que du chou et de la laitue<br \/>\u2022 Goulotte d&rsquo;alimentation de 2 tailles<br \/>\u2022 Moteur \u00e0\u00a0 induction puissant \u00e0\u00a0 haute performance<\/p>\n<p><b><u>Caract\u00e9ristiques du produit :<\/u><\/b><br \/>\u2022 Capacit\u00e9 : 4,5L<br \/>\u2022 Dim. : 570(H) x 226(L) x 304(P)mm<br \/>\u2022 Mati\u00e8re : Inox et ABS<br \/>\u2022 Voltage : 230V<br \/>\u2022 Poids : 15 kg<br \/>\u2022 Vitesse : 1500 tr\/mn<br \/>\u2022 Type : 700W. 3A<br \/>\u2022 Couleur : Argent.<\/p>\n","protected":false},"excerpt":{"rendered":"<p>700W. Capacit\u00e9 : 4,5Ltr. Vitesse et impulsion uniques<\/p>\n","protected":false},"featured_media":107114,"comment_status":"open","ping_status":"closed","template":"","meta":[],"product_brand":[],"product_cat":[1288,1160,1296,1179,1187],"product_tag":[],"class_list":{"0":"post-110288","1":"product","2":"type-product","3":"status-publish","4":"has-post-thumbnail","6":"product_cat-machines-a-emballer-sous-vide-preparation-des-aliments","7":"product_cat-materiel-electrique-et-de-cuisson","8":"product_cat-palettisable","9":"product_cat-petit-materiel","10":"product_cat-preparation-des-aliments","12":"first","13":"outofstock","14":"featured","15":"taxable","16":"shipping-taxable","17":"purchasable","18":"product-type-simple"},"_links":{"self":[{"href":"https:\/\/abinox-chr-clim.com\/index.php\/wp-json\/wp\/v2\/product\/110288","targetHints":{"allow":["GET"]}}],"collection":[{"href":"https:\/\/abinox-chr-clim.com\/index.php\/wp-json\/wp\/v2\/product"}],"about":[{"href":"https:\/\/abinox-chr-clim.com\/index.php\/wp-json\/wp\/v2\/types\/product"}],"replies":[{"embeddable":true,"href":"https:\/\/abinox-chr-clim.com\/index.php\/wp-json\/wp\/v2\/comments?post=110288"}],"wp:featuredmedia":[{"embeddable":true,"href":"https:\/\/abinox-chr-clim.com\/index.php\/wp-json\/wp\/v2\/media\/107114"}],"wp:attachment":[{"href":"https:\/\/abinox-chr-clim.com\/index.php\/wp-json\/wp\/v2\/media?parent=110288"}],"wp:term":[{"taxonomy":"product_brand","embeddable":true,"href":"https:\/\/abinox-chr-clim.com\/index.php\/wp-json\/wp\/v2\/product_brand?post=110288"},{"taxonomy":"product_cat","embeddable":true,"href":"https:\/\/abinox-chr-clim.com\/index.php\/wp-json\/wp\/v2\/product_cat?post=110288"},{"taxonomy":"product_tag","embeddable":true,"href":"https:\/\/abinox-chr-clim.com\/index.php\/wp-json\/wp\/v2\/product_tag?post=110288"}],"curies":[{"name":"wp","href":"https:\/\/api.w.org\/{rel}","templated":true}]}}