{"id":110285,"date":"2025-05-29T11:44:14","date_gmt":"2025-05-29T09:44:14","guid":{"rendered":"https:\/\/abinox-chr-clim.com\/index.php\/product\/couvercles-fiesta-recyclable-pour-barquettes-aluminium-profondes-peu-profondes-lot-de-200\/"},"modified":"2026-04-24T10:46:55","modified_gmt":"2026-04-24T08:46:55","slug":"couvercles-fiesta-recyclable-pour-barquettes-aluminium-profondes-peu-profondes-lot-de-200","status":"publish","type":"product","link":"https:\/\/abinox-chr-clim.com\/index.php\/product\/couvercles-fiesta-recyclable-pour-barquettes-aluminium-profondes-peu-profondes-lot-de-200\/","title":{"rendered":"Couvercles Fiesta Recyclable pour barquettes aluminium profondes\/peu profondes (lot de 200)"},"content":{"rendered":"<p>Les couvercles recyclables pour plats \u00e0 emporter Fiesta forment un joint efficace contre la graisse et l&rsquo;huile lorsqu&rsquo;ils sont utilis\u00e9s avec des barquettes alimentaires en aluminium profondes\/peu profondes. Les couvercles vont au four et au cong\u00e9lateur.<\/p>\n<p>\u2022 Largement recyclable lorsqu&rsquo;il est exempt de salissures<br \/>\u2022 Un ajustement serr\u00e9 garde les aliments au chaud et r\u00e9duit les fuites<br \/>\u2022 Il suffit de le tremper dans de l&rsquo;eau chaude et le film peut \u00eatre retir\u00e9 du papier et les deux peuvent \u00eatre recycl\u00e9s via les flux de recyclage normaux.<br \/>\u2022 Peut \u00eatre utilis\u00e9 au four (temp\u00e9rature maximale 230\u00b0C) pour un chauffage rapide et facile<br \/>\u2022 Passe au cong\u00e9lateur jusqu&rsquo;\u00e0 -29\u00b0C pendant 1 mois maximum<br \/>\u2022 Barquettes en aluminium peu profondes et profondes Fiesta Recyclable vendues s\u00e9par\u00e9ment (DZ892 et DZ893)<\/p>\n<p><b><u>Caract\u00e9ristiques du produit :<\/u><\/b><br \/>\u2022 Lot : 200.0<br \/>\u2022 Dim. : 1(H) x 245(L) mm<br \/>\u2022 Couleur : Blanc.<\/p>\n","protected":false},"excerpt":{"rendered":"<p>Lot de 200<\/p>\n","protected":false},"featured_media":105854,"comment_status":"open","ping_status":"closed","template":"","meta":[],"product_brand":[],"product_cat":[1241,1297,1238,1216],"product_tag":[],"class_list":{"0":"post-110285","1":"product","2":"type-product","3":"status-publish","4":"has-post-thumbnail","6":"product_cat-emballages-vente-a-emporter","7":"product_cat-non-palettisable","8":"product_cat-produits-a-usage-unique","9":"product_cat-usage-unique-et-entretien","10":"product_shipping_class-free-shipping","12":"first","13":"instock","14":"featured","15":"taxable","16":"shipping-taxable","17":"purchasable","18":"product-type-simple"},"_links":{"self":[{"href":"https:\/\/abinox-chr-clim.com\/index.php\/wp-json\/wp\/v2\/product\/110285","targetHints":{"allow":["GET"]}}],"collection":[{"href":"https:\/\/abinox-chr-clim.com\/index.php\/wp-json\/wp\/v2\/product"}],"about":[{"href":"https:\/\/abinox-chr-clim.com\/index.php\/wp-json\/wp\/v2\/types\/product"}],"replies":[{"embeddable":true,"href":"https:\/\/abinox-chr-clim.com\/index.php\/wp-json\/wp\/v2\/comments?post=110285"}],"wp:featuredmedia":[{"embeddable":true,"href":"https:\/\/abinox-chr-clim.com\/index.php\/wp-json\/wp\/v2\/media\/105854"}],"wp:attachment":[{"href":"https:\/\/abinox-chr-clim.com\/index.php\/wp-json\/wp\/v2\/media?parent=110285"}],"wp:term":[{"taxonomy":"product_brand","embeddable":true,"href":"https:\/\/abinox-chr-clim.com\/index.php\/wp-json\/wp\/v2\/product_brand?post=110285"},{"taxonomy":"product_cat","embeddable":true,"href":"https:\/\/abinox-chr-clim.com\/index.php\/wp-json\/wp\/v2\/product_cat?post=110285"},{"taxonomy":"product_tag","embeddable":true,"href":"https:\/\/abinox-chr-clim.com\/index.php\/wp-json\/wp\/v2\/product_tag?post=110285"}],"curies":[{"name":"wp","href":"https:\/\/api.w.org\/{rel}","templated":true}]}}