{"id":110283,"date":"2025-05-29T11:44:10","date_gmt":"2025-05-29T09:44:10","guid":{"rendered":"https:\/\/abinox-chr-clim.com\/index.php\/product\/barquettes-en-aluminium-fiesta-recyclable-21l-lot-de-200\/"},"modified":"2026-04-24T10:46:54","modified_gmt":"2026-04-24T08:46:54","slug":"barquettes-en-aluminium-fiesta-recyclable-21l-lot-de-200","status":"publish","type":"product","link":"https:\/\/abinox-chr-clim.com\/index.php\/product\/barquettes-en-aluminium-fiesta-recyclable-21l-lot-de-200\/","title":{"rendered":"Barquettes en aluminium Fiesta Recyclable 2,1L (lot de 200)"},"content":{"rendered":"<p>Ces barquettes en aluminium pour les plats \u00e0 emporter poss\u00e8dent de superbes propri\u00e9t\u00e9s d&rsquo;isolation, ce qui permet de garder les aliments au chaud d\u00e8s la fin de la cuisson. Elles sont \u00e9galement \u00e9tanches et peuvent \u00eatre utilis\u00e9es au four et au cong\u00e9lateur.<\/p>\n<p>\u2022 Peut \u00eatre largement recycl\u00e9 lorsqu&rsquo;il est exempt de salissures, r\u00e9duisant ainsi vos d\u00e9chets mis en d\u00e9charge<br \/>\u2022 La capacit\u00e9 de 2\u00a0100\u00a0ml est id\u00e9ale pour servir ou transporter de grandes quantit\u00e9s de nourriture.<br \/>\u2022 Le mat\u00e9riau en aluminium est \u00e9tanche<br \/>\u2022 Empilable pour un stockage peu encombrant<br \/>\u2022 Peut \u00eatre utilis\u00e9 au four (temp\u00e9rature maximale 230\u00b0C) pour un chauffage rapide et facile<br \/>\u2022 Passe au cong\u00e9lateur jusqu&rsquo;\u00e0 -29\u00b0C pendant 1 mois maximum<br \/>\u2022 Couvercles compatibles vendus s\u00e9par\u00e9ment (DZ894)<\/p>\n<p><b><u>Caract\u00e9ristiques du produit :<\/u><\/b><br \/>\u2022 Lot : 200.0<br \/>\u2022 Capacit\u00e9 : 2,1 L<br \/>\u2022 Dim. : 59(H) x 245(L) mm<br \/>\u2022 Couleur : Argent.<\/p>\n","protected":false},"excerpt":{"rendered":"<p>2\u00a0100\u00a0ml. Lot de 200<\/p>\n","protected":false},"featured_media":107111,"comment_status":"open","ping_status":"closed","template":"","meta":[],"product_brand":[],"product_cat":[1241,1297,1238,1216],"product_tag":[],"class_list":{"0":"post-110283","1":"product","2":"type-product","3":"status-publish","4":"has-post-thumbnail","6":"product_cat-emballages-vente-a-emporter","7":"product_cat-non-palettisable","8":"product_cat-produits-a-usage-unique","9":"product_cat-usage-unique-et-entretien","10":"product_shipping_class-free-shipping","12":"first","13":"instock","14":"featured","15":"taxable","16":"shipping-taxable","17":"purchasable","18":"product-type-simple"},"_links":{"self":[{"href":"https:\/\/abinox-chr-clim.com\/index.php\/wp-json\/wp\/v2\/product\/110283","targetHints":{"allow":["GET"]}}],"collection":[{"href":"https:\/\/abinox-chr-clim.com\/index.php\/wp-json\/wp\/v2\/product"}],"about":[{"href":"https:\/\/abinox-chr-clim.com\/index.php\/wp-json\/wp\/v2\/types\/product"}],"replies":[{"embeddable":true,"href":"https:\/\/abinox-chr-clim.com\/index.php\/wp-json\/wp\/v2\/comments?post=110283"}],"wp:featuredmedia":[{"embeddable":true,"href":"https:\/\/abinox-chr-clim.com\/index.php\/wp-json\/wp\/v2\/media\/107111"}],"wp:attachment":[{"href":"https:\/\/abinox-chr-clim.com\/index.php\/wp-json\/wp\/v2\/media?parent=110283"}],"wp:term":[{"taxonomy":"product_brand","embeddable":true,"href":"https:\/\/abinox-chr-clim.com\/index.php\/wp-json\/wp\/v2\/product_brand?post=110283"},{"taxonomy":"product_cat","embeddable":true,"href":"https:\/\/abinox-chr-clim.com\/index.php\/wp-json\/wp\/v2\/product_cat?post=110283"},{"taxonomy":"product_tag","embeddable":true,"href":"https:\/\/abinox-chr-clim.com\/index.php\/wp-json\/wp\/v2\/product_tag?post=110283"}],"curies":[{"name":"wp","href":"https:\/\/api.w.org\/{rel}","templated":true}]}}