{"id":110259,"date":"2025-05-29T11:43:23","date_gmt":"2025-05-29T09:43:23","guid":{"rendered":"https:\/\/abinox-chr-clim.com\/index.php\/product\/verres-hauts-rainures-nid-dabeille-raffles-utopia-420ml-lot-de-6\/"},"modified":"2026-04-24T11:01:43","modified_gmt":"2026-04-24T09:01:43","slug":"verres-hauts-rainures-nid-dabeille-raffles-utopia-420ml-lot-de-6","status":"publish","type":"product","link":"https:\/\/abinox-chr-clim.com\/index.php\/product\/verres-hauts-rainures-nid-dabeille-raffles-utopia-420ml-lot-de-6\/","title":{"rendered":"Verres hauts rainur\u00e9s nid d&rsquo;abeille Raffles Utopia 420ml (lot de 6)"},"content":{"rendered":"<p>Avec Raffles, la d\u00e9cadence n&rsquo;a jamais sembl\u00e9 aussi raffin\u00e9e. Disponible en quatre options, cette collection de cristal finement taill\u00e9 est \u00e9l\u00e9gamment s\u00e9duisante et \u00e9voque le plaisir, la frivolit\u00e9 et la passion pour la vie des Ann\u00e9es folles.<\/p>\n<p>\u2022 Verre en cristal fait \u00e0 la main<br \/>\u2022 Avec trois coupes et une option unie, il est facile de cr\u00e9er une ambiance vintage \u00e0 m\u00e9langer et \u00e0 assortir.<br \/>\u2022 Parfait pour les bars \u00e0 cocktails et les restaurants<\/p>\n<p><b><u>Caract\u00e9ristiques du produit :<\/u><\/b><br \/>\u2022 Lot : 6.0.<\/p>\n","protected":false},"excerpt":{"rendered":"<p>420ml<\/p>\n","protected":false},"featured_media":107107,"comment_status":"open","ping_status":"closed","template":"","meta":[],"product_brand":[],"product_cat":[1023,1055,1297,1051],"product_tag":[],"class_list":{"0":"post-110259","1":"product","2":"type-product","3":"status-publish","4":"has-post-thumbnail","6":"product_cat-art-de-la-table","7":"product_cat-chopes-et-gobelets","8":"product_cat-non-palettisable","9":"product_cat-verrerie","10":"product_shipping_class-free-shipping","12":"first","13":"outofstock","14":"featured","15":"taxable","16":"shipping-taxable","17":"purchasable","18":"product-type-simple"},"_links":{"self":[{"href":"https:\/\/abinox-chr-clim.com\/index.php\/wp-json\/wp\/v2\/product\/110259","targetHints":{"allow":["GET"]}}],"collection":[{"href":"https:\/\/abinox-chr-clim.com\/index.php\/wp-json\/wp\/v2\/product"}],"about":[{"href":"https:\/\/abinox-chr-clim.com\/index.php\/wp-json\/wp\/v2\/types\/product"}],"replies":[{"embeddable":true,"href":"https:\/\/abinox-chr-clim.com\/index.php\/wp-json\/wp\/v2\/comments?post=110259"}],"wp:featuredmedia":[{"embeddable":true,"href":"https:\/\/abinox-chr-clim.com\/index.php\/wp-json\/wp\/v2\/media\/107107"}],"wp:attachment":[{"href":"https:\/\/abinox-chr-clim.com\/index.php\/wp-json\/wp\/v2\/media?parent=110259"}],"wp:term":[{"taxonomy":"product_brand","embeddable":true,"href":"https:\/\/abinox-chr-clim.com\/index.php\/wp-json\/wp\/v2\/product_brand?post=110259"},{"taxonomy":"product_cat","embeddable":true,"href":"https:\/\/abinox-chr-clim.com\/index.php\/wp-json\/wp\/v2\/product_cat?post=110259"},{"taxonomy":"product_tag","embeddable":true,"href":"https:\/\/abinox-chr-clim.com\/index.php\/wp-json\/wp\/v2\/product_tag?post=110259"}],"curies":[{"name":"wp","href":"https:\/\/api.w.org\/{rel}","templated":true}]}}