{"id":110253,"date":"2025-05-29T11:43:09","date_gmt":"2025-05-29T09:43:09","guid":{"rendered":"https:\/\/abinox-chr-clim.com\/index.php\/product\/verres-hauts-bord-dore-hayworth-utopia-355-ml-lot-de-6\/"},"modified":"2026-04-24T11:07:57","modified_gmt":"2026-04-24T09:07:57","slug":"verres-hauts-bord-dore-hayworth-utopia-355-ml-lot-de-6","status":"publish","type":"product","link":"https:\/\/abinox-chr-clim.com\/index.php\/product\/verres-hauts-bord-dore-hayworth-utopia-355-ml-lot-de-6\/","title":{"rendered":"Verres hauts bord dor\u00e9 Hayworth Utopia 355 ml (lot de 6)"},"content":{"rendered":"<p>La collection Hayworth d&rsquo;Utopia est une collection \u00e9l\u00e9gante de verrerie de haute qualit\u00e9 avec un effet optique textur\u00e9. Parfait pour les bars \u00e0 cocktails et les restaurants, ces verres hiball Hayworth de 355 ml rendent toute boisson opulente en apparence et en sensation. Ils sont faits \u00e0 la main et fabriqu\u00e9s avec expertise, compl\u00e9t\u00e9s par un bord dor\u00e9 pour une touche de luxe.<\/p>\n<p>\u2022 Parfait pour une vari\u00e9t\u00e9 de cocktails et de boissons<br \/>\u2022 Fabriqu\u00e9 \u00e0 la main et de mani\u00e8re experte<br \/>\u2022 Lavage \u00e0 la main recommand\u00e9 pour pr\u00e9server le bord dor\u00e9<\/p>\n<p><b><u>Caract\u00e9ristiques du produit :<\/u><\/b><br \/>\u2022 Lot : 6.0<br \/>\u2022 Poids : 290g.<\/p>\n","protected":false},"excerpt":{"rendered":"<p>355 ml. Lot de 6<\/p>\n","protected":false},"featured_media":108600,"comment_status":"open","ping_status":"closed","template":"","meta":[],"product_brand":[],"product_cat":[1023,1055,1297,1051],"product_tag":[],"class_list":{"0":"post-110253","1":"product","2":"type-product","3":"status-publish","4":"has-post-thumbnail","6":"product_cat-art-de-la-table","7":"product_cat-chopes-et-gobelets","8":"product_cat-non-palettisable","9":"product_cat-verrerie","10":"product_shipping_class-free-shipping","12":"first","13":"outofstock","14":"featured","15":"taxable","16":"shipping-taxable","17":"purchasable","18":"product-type-simple"},"_links":{"self":[{"href":"https:\/\/abinox-chr-clim.com\/index.php\/wp-json\/wp\/v2\/product\/110253","targetHints":{"allow":["GET"]}}],"collection":[{"href":"https:\/\/abinox-chr-clim.com\/index.php\/wp-json\/wp\/v2\/product"}],"about":[{"href":"https:\/\/abinox-chr-clim.com\/index.php\/wp-json\/wp\/v2\/types\/product"}],"replies":[{"embeddable":true,"href":"https:\/\/abinox-chr-clim.com\/index.php\/wp-json\/wp\/v2\/comments?post=110253"}],"wp:featuredmedia":[{"embeddable":true,"href":"https:\/\/abinox-chr-clim.com\/index.php\/wp-json\/wp\/v2\/media\/108600"}],"wp:attachment":[{"href":"https:\/\/abinox-chr-clim.com\/index.php\/wp-json\/wp\/v2\/media?parent=110253"}],"wp:term":[{"taxonomy":"product_brand","embeddable":true,"href":"https:\/\/abinox-chr-clim.com\/index.php\/wp-json\/wp\/v2\/product_brand?post=110253"},{"taxonomy":"product_cat","embeddable":true,"href":"https:\/\/abinox-chr-clim.com\/index.php\/wp-json\/wp\/v2\/product_cat?post=110253"},{"taxonomy":"product_tag","embeddable":true,"href":"https:\/\/abinox-chr-clim.com\/index.php\/wp-json\/wp\/v2\/product_tag?post=110253"}],"curies":[{"name":"wp","href":"https:\/\/api.w.org\/{rel}","templated":true}]}}