{"id":110251,"date":"2025-05-29T11:43:05","date_gmt":"2025-05-29T09:43:05","guid":{"rendered":"https:\/\/abinox-chr-clim.com\/index.php\/product\/verres-hauts-twisted-hayworth-utopia-355-ml-lot-de-6\/"},"modified":"2026-04-24T11:07:55","modified_gmt":"2026-04-24T09:07:55","slug":"verres-hauts-twisted-hayworth-utopia-355-ml-lot-de-6","status":"publish","type":"product","link":"https:\/\/abinox-chr-clim.com\/index.php\/product\/verres-hauts-twisted-hayworth-utopia-355-ml-lot-de-6\/","title":{"rendered":"Verres hauts Twisted Hayworth Utopia 355 ml (lot de 6)"},"content":{"rendered":"<p>Une extension de la populaire collection Hayworth, la version Twisted prend l&rsquo;optique caract\u00e9ristique dans une nouvelle direction et cr\u00e9e un scintillement de lumi\u00e8re ludique \u00e0 la surface de la verrerie. Fournis en pack de 6, ces verres hiball Twisted Hayworth sont compatibles avec le lave-vaisselle pour un nettoyage rapide et facile.<\/p>\n<p>\u2022 Une nouvelle version des pi\u00e8ces de cocktail populaires<br \/>\u2022 Fabriqu\u00e9 \u00e0 la main et de mani\u00e8re experte<br \/>\u2022 Passe au lave-verres pour un nettoyage rapide et facile<\/p>\n<p><b><u>Caract\u00e9ristiques du produit :<\/u><\/b><br \/>\u2022 Lot : 6.0<br \/>\u2022 Poids : 215g.<\/p>\n","protected":false},"excerpt":{"rendered":"<p>355 ml. Lot de 6<\/p>\n","protected":false},"featured_media":106152,"comment_status":"open","ping_status":"closed","template":"","meta":[],"product_brand":[],"product_cat":[1023,1055,1297,1051],"product_tag":[],"class_list":{"0":"post-110251","1":"product","2":"type-product","3":"status-publish","4":"has-post-thumbnail","6":"product_cat-art-de-la-table","7":"product_cat-chopes-et-gobelets","8":"product_cat-non-palettisable","9":"product_cat-verrerie","10":"product_shipping_class-free-shipping","12":"first","13":"outofstock","14":"featured","15":"taxable","16":"shipping-taxable","17":"purchasable","18":"product-type-simple"},"_links":{"self":[{"href":"https:\/\/abinox-chr-clim.com\/index.php\/wp-json\/wp\/v2\/product\/110251","targetHints":{"allow":["GET"]}}],"collection":[{"href":"https:\/\/abinox-chr-clim.com\/index.php\/wp-json\/wp\/v2\/product"}],"about":[{"href":"https:\/\/abinox-chr-clim.com\/index.php\/wp-json\/wp\/v2\/types\/product"}],"replies":[{"embeddable":true,"href":"https:\/\/abinox-chr-clim.com\/index.php\/wp-json\/wp\/v2\/comments?post=110251"}],"wp:featuredmedia":[{"embeddable":true,"href":"https:\/\/abinox-chr-clim.com\/index.php\/wp-json\/wp\/v2\/media\/106152"}],"wp:attachment":[{"href":"https:\/\/abinox-chr-clim.com\/index.php\/wp-json\/wp\/v2\/media?parent=110251"}],"wp:term":[{"taxonomy":"product_brand","embeddable":true,"href":"https:\/\/abinox-chr-clim.com\/index.php\/wp-json\/wp\/v2\/product_brand?post=110251"},{"taxonomy":"product_cat","embeddable":true,"href":"https:\/\/abinox-chr-clim.com\/index.php\/wp-json\/wp\/v2\/product_cat?post=110251"},{"taxonomy":"product_tag","embeddable":true,"href":"https:\/\/abinox-chr-clim.com\/index.php\/wp-json\/wp\/v2\/product_tag?post=110251"}],"curies":[{"name":"wp","href":"https:\/\/api.w.org\/{rel}","templated":true}]}}