{"id":110246,"date":"2025-05-29T11:42:54","date_gmt":"2025-05-29T09:42:54","guid":{"rendered":"https:\/\/abinox-chr-clim.com\/index.php\/product\/couteaux-a-steak-acr-noir-comas-225-cm-x6\/"},"modified":"2026-04-14T10:05:16","modified_gmt":"2026-04-14T08:05:16","slug":"couteaux-a-steak-acr-noir-comas-225-cm-x6","status":"publish","type":"product","link":"https:\/\/abinox-chr-clim.com\/index.php\/product\/couteaux-a-steak-acr-noir-comas-225-cm-x6\/","title":{"rendered":"Couteaux \u00e0 steak ACR noir Comas 22,5 cm (x6)"},"content":{"rendered":"<p>Couverts \u00e0 steak avec manche noir de haute qualit\u00e9 et acier inoxydable; couteau \u00e0 lame micro dent\u00e9e.<\/p>\n<p>\u2022 Lame en acier inoxydable<br \/>\u2022 Finition hautement polie<br \/>\u2022 Lame micro dent\u00e9e<br \/>\u2022 Manche noir<br \/>\u2022 Non compatible lave-vaisselle<br \/>\u2022 Lot de 6<\/p>\n<p><b><u>Caract\u00e9ristiques du produit :<\/u><\/b><br \/>\u2022 Lot : 6.0<br \/>\u2022 Dim. : 225(L) mm<br \/>\u2022 Mati\u00e8re : Inox et bois.<\/p>\n","protected":false},"excerpt":{"rendered":"<p>Longueur 225mm | Lot de 6<\/p>\n","protected":false},"featured_media":108595,"comment_status":"open","ping_status":"closed","template":"","meta":[],"product_brand":[],"product_cat":[1023,1031,1297],"product_tag":[],"class_list":{"0":"post-110246","1":"product","2":"type-product","3":"status-publish","4":"has-post-thumbnail","6":"product_cat-art-de-la-table","7":"product_cat-couverts","8":"product_cat-non-palettisable","9":"product_shipping_class-free-shipping","11":"first","12":"outofstock","13":"featured","14":"taxable","15":"shipping-taxable","16":"purchasable","17":"product-type-simple"},"_links":{"self":[{"href":"https:\/\/abinox-chr-clim.com\/index.php\/wp-json\/wp\/v2\/product\/110246","targetHints":{"allow":["GET"]}}],"collection":[{"href":"https:\/\/abinox-chr-clim.com\/index.php\/wp-json\/wp\/v2\/product"}],"about":[{"href":"https:\/\/abinox-chr-clim.com\/index.php\/wp-json\/wp\/v2\/types\/product"}],"replies":[{"embeddable":true,"href":"https:\/\/abinox-chr-clim.com\/index.php\/wp-json\/wp\/v2\/comments?post=110246"}],"wp:featuredmedia":[{"embeddable":true,"href":"https:\/\/abinox-chr-clim.com\/index.php\/wp-json\/wp\/v2\/media\/108595"}],"wp:attachment":[{"href":"https:\/\/abinox-chr-clim.com\/index.php\/wp-json\/wp\/v2\/media?parent=110246"}],"wp:term":[{"taxonomy":"product_brand","embeddable":true,"href":"https:\/\/abinox-chr-clim.com\/index.php\/wp-json\/wp\/v2\/product_brand?post=110246"},{"taxonomy":"product_cat","embeddable":true,"href":"https:\/\/abinox-chr-clim.com\/index.php\/wp-json\/wp\/v2\/product_cat?post=110246"},{"taxonomy":"product_tag","embeddable":true,"href":"https:\/\/abinox-chr-clim.com\/index.php\/wp-json\/wp\/v2\/product_tag?post=110246"}],"curies":[{"name":"wp","href":"https:\/\/api.w.org\/{rel}","templated":true}]}}