{"id":110244,"date":"2025-05-29T11:42:51","date_gmt":"2025-05-29T09:42:51","guid":{"rendered":"https:\/\/abinox-chr-clim.com\/index.php\/product\/marqueurs-craie-liquide-securit-blancs-2-6-mm-lot-de-2\/"},"modified":"2026-04-15T10:28:51","modified_gmt":"2026-04-15T08:28:51","slug":"marqueurs-craie-liquide-securit-blancs-2-6-mm-lot-de-2","status":"publish","type":"product","link":"https:\/\/abinox-chr-clim.com\/index.php\/product\/marqueurs-craie-liquide-securit-blancs-2-6-mm-lot-de-2\/","title":{"rendered":"Marqueurs craie liquide Securit blancs 2-6 mm (lot de 2)"},"content":{"rendered":"<p>Ensembles de marqueurs craie liquide. Adapt\u00e9s aux surfaces non poreuses. Waterproof.<\/p>\n<p>\u2022 Ne coule pas (lorsqu&rsquo;il est sec) et 100 % r\u00e9sistant \u00e0 la pluie<br \/>\u2022 Facile \u00e0 utiliser : secouez, poussez la pointe vers le bas, \u00e9crivez ou dessinez, et laissez les inscriptions s\u00e9cher pendant quelques minutes.<br \/>\u2022 Pointe de pr\u00e9cision de 2 et 6 mm<br \/>\u2022 R\u00e9sistant \u00e0 l&rsquo;eau<br \/>\u2022 Facile \u00e0 nettoyer avec un spray nettoyant ardoise<br \/>\u2022 Craie sans poussi\u00e8re<\/p>\n<p><b><u>Caract\u00e9ristiques du produit :<\/u><\/b><br \/>\u2022 Lot : 2.0<br \/>\u2022 Dim. : 145(H) x 22(L) x 17(P) mm<br \/>\u2022 Mati\u00e8re : Plastique<br \/>\u2022 Poids : 40 g.<\/p>\n","protected":false},"excerpt":{"rendered":"<p>Pointe : 2 \u00e0 6 mm. Lot de 2<\/p>\n","protected":false},"featured_media":108594,"comment_status":"open","ping_status":"closed","template":"","meta":[],"product_brand":[],"product_cat":[1277,1297],"product_tag":[],"class_list":{"0":"post-110244","1":"product","2":"type-product","3":"status-publish","4":"has-post-thumbnail","6":"product_cat-divers-principal","7":"product_cat-non-palettisable","8":"product_shipping_class-free-shipping","10":"first","11":"outofstock","12":"featured","13":"taxable","14":"shipping-taxable","15":"purchasable","16":"product-type-simple"},"_links":{"self":[{"href":"https:\/\/abinox-chr-clim.com\/index.php\/wp-json\/wp\/v2\/product\/110244","targetHints":{"allow":["GET"]}}],"collection":[{"href":"https:\/\/abinox-chr-clim.com\/index.php\/wp-json\/wp\/v2\/product"}],"about":[{"href":"https:\/\/abinox-chr-clim.com\/index.php\/wp-json\/wp\/v2\/types\/product"}],"replies":[{"embeddable":true,"href":"https:\/\/abinox-chr-clim.com\/index.php\/wp-json\/wp\/v2\/comments?post=110244"}],"wp:featuredmedia":[{"embeddable":true,"href":"https:\/\/abinox-chr-clim.com\/index.php\/wp-json\/wp\/v2\/media\/108594"}],"wp:attachment":[{"href":"https:\/\/abinox-chr-clim.com\/index.php\/wp-json\/wp\/v2\/media?parent=110244"}],"wp:term":[{"taxonomy":"product_brand","embeddable":true,"href":"https:\/\/abinox-chr-clim.com\/index.php\/wp-json\/wp\/v2\/product_brand?post=110244"},{"taxonomy":"product_cat","embeddable":true,"href":"https:\/\/abinox-chr-clim.com\/index.php\/wp-json\/wp\/v2\/product_cat?post=110244"},{"taxonomy":"product_tag","embeddable":true,"href":"https:\/\/abinox-chr-clim.com\/index.php\/wp-json\/wp\/v2\/product_tag?post=110244"}],"curies":[{"name":"wp","href":"https:\/\/api.w.org\/{rel}","templated":true}]}}