{"id":110236,"date":"2025-05-29T11:42:34","date_gmt":"2025-05-29T09:42:34","guid":{"rendered":"https:\/\/abinox-chr-clim.com\/index.php\/product\/caisse-de-rangement-en-plastique-perfore-vogue-600x400x120mm\/"},"modified":"2025-08-26T14:12:50","modified_gmt":"2025-08-26T12:12:50","slug":"caisse-de-rangement-en-plastique-perfore-vogue-600x400x120mm","status":"publish","type":"product","link":"https:\/\/abinox-chr-clim.com\/index.php\/product\/caisse-de-rangement-en-plastique-perfore-vogue-600x400x120mm\/","title":{"rendered":"Caisse de rangement en plastique perfor\u00e9 Vogue 600x400x120mm"},"content":{"rendered":"<p>Caisse de rangement en plastique renforc\u00e9 avec c\u00f4t\u00e9s peu profonds pour une efficacit\u00e9 d&rsquo;\u00e9conomie d&rsquo;espace lors du transport de petits objets. Caisse polyvalente parfaite pour stocker et d\u00e9placer divers articles, avec un design durable et des capacit\u00e9s d&#8217;empilage facile pour une gestion de l&rsquo;espace efficace.<\/p>\n<p>\u2022 C\u00f4t\u00e9s perfor\u00e9s<br \/>\u2022 Sans danger pour les aliments, id\u00e9al pour transporter des ingr\u00e9dients et des \u00e9quipements ou pour fournir un stockage suppl\u00e9mentaire au sec.<br \/>\u2022 Facile \u00e0 nettoyer<br \/>\u2022 Construction en plastique durable<br \/>\u2022 L\u00e9ger facile \u00e0 transporter<br \/>\u2022 Empilable<br \/>\u2022 600(L) x 400(P)x 120(H)mm<\/p>\n<p><b><u>Caract\u00e9ristiques du produit :<\/u><\/b><br \/>\u2022 Dim. : 120(H) x 400(L) x 600(P) mm<br \/>\u2022 Mati\u00e8re : Plastique<br \/>\u2022 Couleur : Noir.<\/p>\n","protected":false},"excerpt":{"rendered":"<p>Noire. 600x400x120mm<\/p>\n","protected":false},"featured_media":105571,"comment_status":"open","ping_status":"closed","template":"","meta":[],"product_brand":[],"product_cat":[1072,1280,1064,1297],"product_tag":[],"class_list":{"0":"post-110236","1":"product","2":"type-product","3":"status-publish","4":"has-post-thumbnail","6":"product_cat-conteneurs-a-ingredients","7":"product_cat-conteneurs-alimentaires-et-bacs-gastronorme-cuisine","8":"product_cat-cuisine","9":"product_cat-non-palettisable","10":"product_shipping_class-free-shipping","12":"first","13":"outofstock","14":"featured","15":"taxable","16":"shipping-taxable","17":"purchasable","18":"product-type-simple"},"_links":{"self":[{"href":"https:\/\/abinox-chr-clim.com\/index.php\/wp-json\/wp\/v2\/product\/110236","targetHints":{"allow":["GET"]}}],"collection":[{"href":"https:\/\/abinox-chr-clim.com\/index.php\/wp-json\/wp\/v2\/product"}],"about":[{"href":"https:\/\/abinox-chr-clim.com\/index.php\/wp-json\/wp\/v2\/types\/product"}],"replies":[{"embeddable":true,"href":"https:\/\/abinox-chr-clim.com\/index.php\/wp-json\/wp\/v2\/comments?post=110236"}],"wp:featuredmedia":[{"embeddable":true,"href":"https:\/\/abinox-chr-clim.com\/index.php\/wp-json\/wp\/v2\/media\/105571"}],"wp:attachment":[{"href":"https:\/\/abinox-chr-clim.com\/index.php\/wp-json\/wp\/v2\/media?parent=110236"}],"wp:term":[{"taxonomy":"product_brand","embeddable":true,"href":"https:\/\/abinox-chr-clim.com\/index.php\/wp-json\/wp\/v2\/product_brand?post=110236"},{"taxonomy":"product_cat","embeddable":true,"href":"https:\/\/abinox-chr-clim.com\/index.php\/wp-json\/wp\/v2\/product_cat?post=110236"},{"taxonomy":"product_tag","embeddable":true,"href":"https:\/\/abinox-chr-clim.com\/index.php\/wp-json\/wp\/v2\/product_tag?post=110236"}],"curies":[{"name":"wp","href":"https:\/\/api.w.org\/{rel}","templated":true}]}}