{"id":110235,"date":"2025-05-29T11:42:32","date_gmt":"2025-05-29T09:42:32","guid":{"rendered":"https:\/\/abinox-chr-clim.com\/index.php\/product\/caisse-de-transport-stockage-pliante-en-plastique-vogue-594x396x353mm\/"},"modified":"2026-04-24T10:46:44","modified_gmt":"2026-04-24T08:46:44","slug":"caisse-de-transport-stockage-pliante-en-plastique-vogue-594x396x353mm","status":"publish","type":"product","link":"https:\/\/abinox-chr-clim.com\/index.php\/product\/caisse-de-transport-stockage-pliante-en-plastique-vogue-594x396x353mm\/","title":{"rendered":"Caisse de transport\/stockage pliante en plastique Vogue 594x396x353mm"},"content":{"rendered":"<p>Bo\u00eete en plastique durable con\u00e7ue pour offrir un rangement solide et de grande capacit\u00e9. Tr\u00e8s pratique, la bo\u00eete se replie lorsqu&rsquo;elle n&rsquo;est pas utilis\u00e9e pour une efficacit\u00e9 de gain de place. Construction facile \u00e0 nettoyer.<\/p>\n<p>\u2022 Caisse pliable, les c\u00f4t\u00e9s s&rsquo;enclenchent pour l&rsquo;utilisation et peuvent \u00eatre ferm\u00e9s pour un rangement\/transport facile<br \/>\u2022 Sans danger pour les aliments, id\u00e9al pour transporter des ingr\u00e9dients et des \u00e9quipements ou pour fournir un stockage suppl\u00e9mentaire au sec.<br \/>\u2022 Facile \u00e0 nettoyer<br \/>\u2022 Construction en plastique durable<br \/>\u2022 Conception pliable<br \/>\u2022 L\u00e9ger facile \u00e0 transporter<br \/>\u2022 594(L)x396(P)x353(H)mm<\/p>\n<p><b><u>Caract\u00e9ristiques du produit :<\/u><\/b><br \/>\u2022 Dim. : 353(H) x 594(L) x 396(P) mm<br \/>\u2022 Mati\u00e8re : Plastique<br \/>\u2022 Couleur : Noir.<\/p>\n","protected":false},"excerpt":{"rendered":"<p>Noir. 594x396x353mm<\/p>\n","protected":false},"featured_media":108590,"comment_status":"open","ping_status":"closed","template":"","meta":[],"product_brand":[],"product_cat":[1072,1280,1064,1297],"product_tag":[],"class_list":{"0":"post-110235","1":"product","2":"type-product","3":"status-publish","4":"has-post-thumbnail","6":"product_cat-conteneurs-a-ingredients","7":"product_cat-conteneurs-alimentaires-et-bacs-gastronorme-cuisine","8":"product_cat-cuisine","9":"product_cat-non-palettisable","10":"product_shipping_class-free-shipping","12":"first","13":"outofstock","14":"featured","15":"taxable","16":"shipping-taxable","17":"purchasable","18":"product-type-simple"},"_links":{"self":[{"href":"https:\/\/abinox-chr-clim.com\/index.php\/wp-json\/wp\/v2\/product\/110235","targetHints":{"allow":["GET"]}}],"collection":[{"href":"https:\/\/abinox-chr-clim.com\/index.php\/wp-json\/wp\/v2\/product"}],"about":[{"href":"https:\/\/abinox-chr-clim.com\/index.php\/wp-json\/wp\/v2\/types\/product"}],"replies":[{"embeddable":true,"href":"https:\/\/abinox-chr-clim.com\/index.php\/wp-json\/wp\/v2\/comments?post=110235"}],"wp:featuredmedia":[{"embeddable":true,"href":"https:\/\/abinox-chr-clim.com\/index.php\/wp-json\/wp\/v2\/media\/108590"}],"wp:attachment":[{"href":"https:\/\/abinox-chr-clim.com\/index.php\/wp-json\/wp\/v2\/media?parent=110235"}],"wp:term":[{"taxonomy":"product_brand","embeddable":true,"href":"https:\/\/abinox-chr-clim.com\/index.php\/wp-json\/wp\/v2\/product_brand?post=110235"},{"taxonomy":"product_cat","embeddable":true,"href":"https:\/\/abinox-chr-clim.com\/index.php\/wp-json\/wp\/v2\/product_cat?post=110235"},{"taxonomy":"product_tag","embeddable":true,"href":"https:\/\/abinox-chr-clim.com\/index.php\/wp-json\/wp\/v2\/product_tag?post=110235"}],"curies":[{"name":"wp","href":"https:\/\/api.w.org\/{rel}","templated":true}]}}