{"id":110234,"date":"2025-05-29T11:42:30","date_gmt":"2025-05-29T09:42:30","guid":{"rendered":"https:\/\/abinox-chr-clim.com\/index.php\/product\/caisse-de-transport-stockage-en-plastique-perfore-vogue-avec-couvercle-attache-600x400x320mm\/"},"modified":"2025-06-30T11:57:53","modified_gmt":"2025-06-30T09:57:53","slug":"caisse-de-transport-stockage-en-plastique-perfore-vogue-avec-couvercle-attache-600x400x320mm","status":"publish","type":"product","link":"https:\/\/abinox-chr-clim.com\/index.php\/product\/caisse-de-transport-stockage-en-plastique-perfore-vogue-avec-couvercle-attache-600x400x320mm\/","title":{"rendered":"Caisse de transport\/stockage en plastique perfor\u00e9 Vogue avec couvercle attach\u00e9 600x400x320mm"},"content":{"rendered":"<p>Bo\u00eete de rangement en plastique empilable peu encombrante avec couvercle pliant pour une r\u00e9sistance am\u00e9lior\u00e9e. Conception tr\u00e8s durable assurant une organisation fiable et durable. Les perforations int\u00e9gr\u00e9es permettent au contenu de respirer.<\/p>\n<p>\u2022 C\u00f4t\u00e9s perfor\u00e9s<br \/>\u2022 Sans danger pour les aliments, id\u00e9al pour transporter des ingr\u00e9dients et des \u00e9quipements ou pour fournir un stockage suppl\u00e9mentaire au sec.<br \/>\u2022 Facile \u00e0 nettoyer<br \/>\u2022 Construction en plastique durable<br \/>\u2022 Capacit\u00e9 maximale de 20 kg<br \/>\u2022 Empilable<br \/>\u2022 C\u00f4t\u00e9s embo\u00eetables<br \/>\u2022 600(L)x400(P)x320(H)mm<\/p>\n<p><b><u>Caract\u00e9ristiques du produit :<\/u><\/b><br \/>\u2022 Dim. : 320(H) x 600(L) x 400(P) mm<br \/>\u2022 Mati\u00e8re : Plastique<br \/>\u2022 Couleur : Noir.<\/p>\n","protected":false},"excerpt":{"rendered":"<p>Noir. 600x400x320mm<\/p>\n","protected":false},"featured_media":106737,"comment_status":"open","ping_status":"closed","template":"","meta":[],"product_brand":[],"product_cat":[1072,1280,1064,1297],"product_tag":[],"class_list":{"0":"post-110234","1":"product","2":"type-product","3":"status-publish","4":"has-post-thumbnail","6":"product_cat-conteneurs-a-ingredients","7":"product_cat-conteneurs-alimentaires-et-bacs-gastronorme-cuisine","8":"product_cat-cuisine","9":"product_cat-non-palettisable","10":"product_shipping_class-free-shipping","12":"first","13":"outofstock","14":"featured","15":"taxable","16":"shipping-taxable","17":"purchasable","18":"product-type-simple"},"_links":{"self":[{"href":"https:\/\/abinox-chr-clim.com\/index.php\/wp-json\/wp\/v2\/product\/110234","targetHints":{"allow":["GET"]}}],"collection":[{"href":"https:\/\/abinox-chr-clim.com\/index.php\/wp-json\/wp\/v2\/product"}],"about":[{"href":"https:\/\/abinox-chr-clim.com\/index.php\/wp-json\/wp\/v2\/types\/product"}],"replies":[{"embeddable":true,"href":"https:\/\/abinox-chr-clim.com\/index.php\/wp-json\/wp\/v2\/comments?post=110234"}],"wp:featuredmedia":[{"embeddable":true,"href":"https:\/\/abinox-chr-clim.com\/index.php\/wp-json\/wp\/v2\/media\/106737"}],"wp:attachment":[{"href":"https:\/\/abinox-chr-clim.com\/index.php\/wp-json\/wp\/v2\/media?parent=110234"}],"wp:term":[{"taxonomy":"product_brand","embeddable":true,"href":"https:\/\/abinox-chr-clim.com\/index.php\/wp-json\/wp\/v2\/product_brand?post=110234"},{"taxonomy":"product_cat","embeddable":true,"href":"https:\/\/abinox-chr-clim.com\/index.php\/wp-json\/wp\/v2\/product_cat?post=110234"},{"taxonomy":"product_tag","embeddable":true,"href":"https:\/\/abinox-chr-clim.com\/index.php\/wp-json\/wp\/v2\/product_tag?post=110234"}],"curies":[{"name":"wp","href":"https:\/\/api.w.org\/{rel}","templated":true}]}}