{"id":110233,"date":"2025-05-29T11:42:28","date_gmt":"2025-05-29T09:42:28","guid":{"rendered":"https:\/\/abinox-chr-clim.com\/index.php\/product\/caisse-de-transport-stockage-en-plastique-vogue-avec-couvercle-attache-600x400x320mm\/"},"modified":"2026-04-24T10:46:43","modified_gmt":"2026-04-24T08:46:43","slug":"caisse-de-transport-stockage-en-plastique-vogue-avec-couvercle-attache-600x400x320mm","status":"publish","type":"product","link":"https:\/\/abinox-chr-clim.com\/index.php\/product\/caisse-de-transport-stockage-en-plastique-vogue-avec-couvercle-attache-600x400x320mm\/","title":{"rendered":"Caisse de transport\/stockage en plastique Vogue avec couvercle attach\u00e9 600x400x320mm"},"content":{"rendered":"<p>Bo\u00eete de rangement en plastique tr\u00e8s durable pour un stockage s\u00e9curis\u00e9. Allie durabilit\u00e9 et praticit\u00e9 pour une organisation fiable et durable. Le couvercle rabattable se fixe facilement en place pour une r\u00e9sistance am\u00e9lior\u00e9e. Design empilable pour \u00e9conomiser de l&rsquo;espace.<\/p>\n<p>\u2022 Couvercle verrouillable<br \/>\u2022 Sans danger pour les aliments, id\u00e9al pour transporter des ingr\u00e9dients et des \u00e9quipements ou pour fournir un stockage suppl\u00e9mentaire au sec.<br \/>\u2022 Facile \u00e0 nettoyer<br \/>\u2022 Construction en plastique durable<br \/>\u2022 Capacit\u00e9 maximale de 20 kg<br \/>\u2022 Empilable<br \/>\u2022 600(L)x400(P)x320(H)mm<\/p>\n<p><b><u>Caract\u00e9ristiques du produit :<\/u><\/b><br \/>\u2022 Dim. : 320(H) x 600(L) x 400(P) mm<br \/>\u2022 Mati\u00e8re : Plastique<br \/>\u2022 Couleur : Noir.<\/p>\n","protected":false},"excerpt":{"rendered":"<p>Noir. 600x400x320mm<\/p>\n","protected":false},"featured_media":108589,"comment_status":"open","ping_status":"closed","template":"","meta":[],"product_brand":[],"product_cat":[1072,1280,1064,1297],"product_tag":[],"class_list":{"0":"post-110233","1":"product","2":"type-product","3":"status-publish","4":"has-post-thumbnail","6":"product_cat-conteneurs-a-ingredients","7":"product_cat-conteneurs-alimentaires-et-bacs-gastronorme-cuisine","8":"product_cat-cuisine","9":"product_cat-non-palettisable","10":"product_shipping_class-free-shipping","12":"first","13":"instock","14":"featured","15":"taxable","16":"shipping-taxable","17":"purchasable","18":"product-type-simple"},"_links":{"self":[{"href":"https:\/\/abinox-chr-clim.com\/index.php\/wp-json\/wp\/v2\/product\/110233","targetHints":{"allow":["GET"]}}],"collection":[{"href":"https:\/\/abinox-chr-clim.com\/index.php\/wp-json\/wp\/v2\/product"}],"about":[{"href":"https:\/\/abinox-chr-clim.com\/index.php\/wp-json\/wp\/v2\/types\/product"}],"replies":[{"embeddable":true,"href":"https:\/\/abinox-chr-clim.com\/index.php\/wp-json\/wp\/v2\/comments?post=110233"}],"wp:featuredmedia":[{"embeddable":true,"href":"https:\/\/abinox-chr-clim.com\/index.php\/wp-json\/wp\/v2\/media\/108589"}],"wp:attachment":[{"href":"https:\/\/abinox-chr-clim.com\/index.php\/wp-json\/wp\/v2\/media?parent=110233"}],"wp:term":[{"taxonomy":"product_brand","embeddable":true,"href":"https:\/\/abinox-chr-clim.com\/index.php\/wp-json\/wp\/v2\/product_brand?post=110233"},{"taxonomy":"product_cat","embeddable":true,"href":"https:\/\/abinox-chr-clim.com\/index.php\/wp-json\/wp\/v2\/product_cat?post=110233"},{"taxonomy":"product_tag","embeddable":true,"href":"https:\/\/abinox-chr-clim.com\/index.php\/wp-json\/wp\/v2\/product_tag?post=110233"}],"curies":[{"name":"wp","href":"https:\/\/api.w.org\/{rel}","templated":true}]}}