{"id":110232,"date":"2025-05-29T11:42:27","date_gmt":"2025-05-29T09:42:27","guid":{"rendered":"https:\/\/abinox-chr-clim.com\/index.php\/product\/chariot-de-transport-vogue-thermo-box-600-noir\/"},"modified":"2026-04-24T11:10:53","modified_gmt":"2026-04-24T09:10:53","slug":"chariot-de-transport-vogue-thermo-box-600-noir","status":"publish","type":"product","link":"https:\/\/abinox-chr-clim.com\/index.php\/product\/chariot-de-transport-vogue-thermo-box-600-noir\/","title":{"rendered":"Chariot de transport Vogue Thermo-Box 600 noir"},"content":{"rendered":"<p>Chariot fiable avec roulettes pour un transport facile des conteneurs alimentaires Thermal Box. Design s\u00e9curis\u00e9 assurant stabilit\u00e9 et simplicit\u00e9 d&rsquo;utilisation, avec des bords arrondis pour une protection suppl\u00e9mentaire. Peut \u00e9galement \u00eatre utilis\u00e9 pour transporter des bo\u00eetes thermo-empil\u00e9es.<\/p>\n<p>\u2022 Chariot tr\u00e8s pratique \u00e0 utiliser avec le conteneur isotherme \u00e0 chargement frontal Vogue (DX993)<br \/>\u2022 Les bords arrondis prot\u00e8gent l&rsquo;environnement pendant le transport<br \/>\u2022 Empilez et transportez en toute s\u00e9curit\u00e9 plusieurs conteneurs \u00e0 la fois<br \/>\u2022 2 roulettes fixes et 2 roulettes pivotantes facilitent les man\u0153uvres<br \/>\u2022 Construction solide en PE<\/p>\n<p><b><u>Caract\u00e9ristiques du produit :<\/u><\/b><br \/>\u2022 Mati\u00e8re : Poly\u00e9thyl\u00e8ne basse densit\u00e9<br \/>\u2022 Couleur : Noir.<\/p>\n","protected":false},"excerpt":{"rendered":"<p>Pour Thermo-Box DX993<\/p>\n","protected":false},"featured_media":108588,"comment_status":"open","ping_status":"closed","template":"","meta":[],"product_brand":[],"product_cat":[1280,1064,1296,1074],"product_tag":[],"class_list":{"0":"post-110232","1":"product","2":"type-product","3":"status-publish","4":"has-post-thumbnail","6":"product_cat-conteneurs-alimentaires-et-bacs-gastronorme-cuisine","7":"product_cat-cuisine","8":"product_cat-palettisable","9":"product_cat-thermobox-et-sacs","10":"product_shipping_class-free-shipping","12":"first","13":"instock","14":"featured","15":"taxable","16":"shipping-taxable","17":"purchasable","18":"product-type-simple"},"_links":{"self":[{"href":"https:\/\/abinox-chr-clim.com\/index.php\/wp-json\/wp\/v2\/product\/110232","targetHints":{"allow":["GET"]}}],"collection":[{"href":"https:\/\/abinox-chr-clim.com\/index.php\/wp-json\/wp\/v2\/product"}],"about":[{"href":"https:\/\/abinox-chr-clim.com\/index.php\/wp-json\/wp\/v2\/types\/product"}],"replies":[{"embeddable":true,"href":"https:\/\/abinox-chr-clim.com\/index.php\/wp-json\/wp\/v2\/comments?post=110232"}],"wp:featuredmedia":[{"embeddable":true,"href":"https:\/\/abinox-chr-clim.com\/index.php\/wp-json\/wp\/v2\/media\/108588"}],"wp:attachment":[{"href":"https:\/\/abinox-chr-clim.com\/index.php\/wp-json\/wp\/v2\/media?parent=110232"}],"wp:term":[{"taxonomy":"product_brand","embeddable":true,"href":"https:\/\/abinox-chr-clim.com\/index.php\/wp-json\/wp\/v2\/product_brand?post=110232"},{"taxonomy":"product_cat","embeddable":true,"href":"https:\/\/abinox-chr-clim.com\/index.php\/wp-json\/wp\/v2\/product_cat?post=110232"},{"taxonomy":"product_tag","embeddable":true,"href":"https:\/\/abinox-chr-clim.com\/index.php\/wp-json\/wp\/v2\/product_tag?post=110232"}],"curies":[{"name":"wp","href":"https:\/\/api.w.org\/{rel}","templated":true}]}}